{"id":4746,"date":"2025-11-27T11:59:33","date_gmt":"2025-11-27T10:59:33","guid":{"rendered":"https:\/\/www.aerialcostumes.pl\/?post_type=product&#038;p=4746"},"modified":"2025-11-27T12:01:12","modified_gmt":"2025-11-27T11:01:12","slug":"kombinezon-akrobatyczny-koral-134-140","status":"publish","type":"product","link":"https:\/\/www.aerialcostumes.pl\/en\/product\/kombinezon-akrobatyczny-koral-134-140\/","title":{"rendered":"Kombinezon Akrobatyczny Koral 134\/140"},"content":{"rendered":"<h5>Outfit size 134\/140<\/h5>\n<p>Outfit dimensions: (min without stretching - max after stretching)<\/p>\n<h5>Obw\u00f3d klatki: 64-76 cm<br \/>\nObw\u00f3d talii: 55-66cm<br \/>\nObw\u00f3d bioder: 62-80 cm<br \/>\nObw\u00f3d uda u g\u00f3ry: 30-40cm<br \/>\nArm circumference at the top: 20-26cm<br \/>\nObw\u00f3d nadgarstka: 14-17cm<br \/>\nD\u0142ugo\u015b\u0107 od ramienia do nadgarstka: 46cm<br \/>\nLength from shoulder to crotch: 50cm<\/h5>\n<h5>D\u0142ugo\u015b\u0107 od szyji do kroku:45cm<br \/>\nD\u0142ugo\u015b\u0107 nogawkai od kroku: 58cm<br \/>\nD\u0142ugo\u015b\u0107 od ramienia do kostki: 107cm<br \/>\nTy\u0142 zapinany na zatrzask metalowy<\/h5>\n<p>Material 100% Lycra<br \/>\nMeasurements may vary +\/- 1 cm<\/p>","protected":false},"excerpt":{"rendered":"<blockquote><p>Str\u00f3j do akrobatyki powietrznej \u2013 szafirowo-koralowy kombinezon z lycry<\/p><\/blockquote>\n<p>&nbsp;<\/p>\n<p>Przepi\u0119kny, profesjonalny kombinezon stworzony z my\u015bl\u0105 o akrobatyce powietrznej. Wykonany z wysokiej jako\u015bci, elastycznej lycry w dw\u00f3ch wyj\u0105tkowych kolorach: g\u0142\u0119bokim szafirowym oraz energetycznym koralowym. Oryginalnym elementem zdobniczym jest efektowne przej\u015bcie mi\u0119dzy materia\u0142ami w formie drobnych paseczk\u00f3w, kt\u00f3re nadaj\u0105 strojowi lekko\u015bci, dynamiki i unikalnego charakteru.<\/p>\n<p>&nbsp;<\/p>\n<p>To uniwersalny i ponadczasowy wz\u00f3r, idealny na pokazy, wyst\u0119py sceniczne oraz zawody. Str\u00f3j spe\u0142nia wszystkie wymogi regulamin\u00f3w IPSF oraz POSA, dzi\u0119ki czemu doskonale sprawdzi si\u0119 podczas oficjalnych start\u00f3w.<\/p>\n<p>&nbsp;<\/p>\n<p>Materia\u0142 pi\u0119knie mieni si\u0119 i b\u0142yszczy w ruchu, podkre\u015blaj\u0105c dynamik\u0119 ka\u017cdej choreografii. Kombinezon ozdobiony jest kryszta\u0142kami \u015bredniej wielko\u015bci w kolorze AB oraz szafirowym, a tak\u017ce kryszta\u0142kami w odcieniu r\u00f3\u017cowym, co dodaje mu wyj\u0105tkowego blasku.<\/p>\n<p>&nbsp;<\/p>\n<p>Elegancja, wygoda i funkcjonalno\u015b\u0107 w jednym \u2013 idealny wyb\u00f3r dla ka\u017cdej artystki i zawodniczki akrobatyki powietrznej.<\/p>","protected":false},"featured_media":4758,"comment_status":"open","ping_status":"closed","template":"","meta":{"_monsterinsights_skip_tracking":false,"_monsterinsights_sitenote_active":false,"_monsterinsights_sitenote_note":"","_monsterinsights_sitenote_category":0,"site-sidebar-layout":"default","site-content-layout":"","ast-site-content-layout":"default","site-content-style":"default","site-sidebar-style":"default","ast-global-header-display":"","ast-banner-title-visibility":"","ast-main-header-display":"","ast-hfb-above-header-display":"","ast-hfb-below-header-display":"","ast-hfb-mobile-header-display":"","site-post-title":"","ast-breadcrumbs-content":"","ast-featured-img":"","footer-sml-layout":"","theme-transparent-header-meta":"default","adv-header-id-meta":"","stick-header-meta":"","header-above-stick-meta":"","header-main-stick-meta":"","header-below-stick-meta":"","astra-migrate-meta-layouts":"set","ast-page-background-enabled":"default","ast-page-background-meta":{"desktop":{"background-color":"","background-image":"","background-repeat":"repeat","background-position":"center center","background-size":"auto","background-attachment":"scroll","background-type":"","background-media":"","overlay-type":"","overlay-color":"","overlay-opacity":"","overlay-gradient":""},"tablet":{"background-color":"","background-image":"","background-repeat":"repeat","background-position":"center center","background-size":"auto","background-attachment":"scroll","background-type":"","background-media":"","overlay-type":"","overlay-color":"","overlay-opacity":"","overlay-gradient":""},"mobile":{"background-color":"","background-image":"","background-repeat":"repeat","background-position":"center center","background-size":"auto","background-attachment":"scroll","background-type":"","background-media":"","overlay-type":"","overlay-color":"","overlay-opacity":"","overlay-gradient":""}},"ast-content-background-meta":{"desktop":{"background-color":"var(--ast-global-color-5)","background-image":"","background-repeat":"repeat","background-position":"center center","background-size":"auto","background-attachment":"scroll","background-type":"","background-media":"","overlay-type":"","overlay-color":"","overlay-opacity":"","overlay-gradient":""},"tablet":{"background-color":"var(--ast-global-color-5)","background-image":"","background-repeat":"repeat","background-position":"center center","background-size":"auto","background-attachment":"scroll","background-type":"","background-media":"","overlay-type":"","overlay-color":"","overlay-opacity":"","overlay-gradient":""},"mobile":{"background-color":"var(--ast-global-color-5)","background-image":"","background-repeat":"repeat","background-position":"center center","background-size":"auto","background-attachment":"scroll","background-type":"","background-media":"","overlay-type":"","overlay-color":"","overlay-opacity":"","overlay-gradient":""}}},"product_brand":[],"product_cat":[118,119,26],"product_tag":[],"class_list":{"0":"post-4746","1":"product","2":"type-product","3":"status-publish","4":"has-post-thumbnail","6":"product_cat-aerial-hoop","7":"product_cat-aerial-silk","8":"product_cat-akrobatyka-powietrzna","9":"desktop-align-left","10":"tablet-align-left","11":"mobile-align-left","13":"first","14":"instock","15":"taxable","16":"shipping-taxable","17":"purchasable","18":"product-type-simple"},"yoast_head":"<!-- This site is optimized with the Yoast SEO plugin v27.0 - https:\/\/yoast.com\/product\/yoast-seo-wordpress\/ -->\n<title>Kombinezon Akrobatyczny Koral 134\/140 - AerialCostumes<\/title>\n<meta name=\"robots\" content=\"index, follow, max-snippet:-1, max-image-preview:large, max-video-preview:-1\" \/>\n<link rel=\"canonical\" href=\"https:\/\/www.aerialcostumes.pl\/en\/product\/kombinezon-akrobatyczny-koral-134-140\/\" \/>\n<meta property=\"og:locale\" content=\"en_GB\" \/>\n<meta property=\"og:type\" content=\"article\" \/>\n<meta property=\"og:title\" content=\"Kombinezon Akrobatyczny Koral 134\/140 - AerialCostumes\" \/>\n<meta property=\"og:description\" content=\"Str\u00f3j do akrobatyki powietrznej \u2013 szafirowo-koralowy kombinezon z lycry &nbsp;  Przepi\u0119kny, profesjonalny kombinezon stworzony z my\u015bl\u0105 o akrobatyce powietrznej. Wykonany z wysokiej jako\u015bci, elastycznej lycry w dw\u00f3ch wyj\u0105tkowych kolorach: g\u0142\u0119bokim szafirowym oraz energetycznym koralowym. Oryginalnym elementem zdobniczym jest efektowne przej\u015bcie mi\u0119dzy materia\u0142ami w formie drobnych paseczk\u00f3w, kt\u00f3re nadaj\u0105 strojowi lekko\u015bci, dynamiki i unikalnego charakteru.  &nbsp;  To uniwersalny i ponadczasowy wz\u00f3r, idealny na pokazy, wyst\u0119py sceniczne oraz zawody. Str\u00f3j spe\u0142nia wszystkie wymogi regulamin\u00f3w IPSF oraz POSA, dzi\u0119ki czemu doskonale sprawdzi si\u0119 podczas oficjalnych start\u00f3w.  &nbsp;  Materia\u0142 pi\u0119knie mieni si\u0119 i b\u0142yszczy w ruchu, podkre\u015blaj\u0105c dynamik\u0119 ka\u017cdej choreografii. Kombinezon ozdobiony jest kryszta\u0142kami \u015bredniej wielko\u015bci w kolorze AB oraz szafirowym, a tak\u017ce kryszta\u0142kami w odcieniu r\u00f3\u017cowym, co dodaje mu wyj\u0105tkowego blasku.  &nbsp;  Elegancja, wygoda i funkcjonalno\u015b\u0107 w jednym \u2013 idealny wyb\u00f3r dla ka\u017cdej artystki i zawodniczki akrobatyki powietrznej.\" \/>\n<meta property=\"og:url\" content=\"https:\/\/www.aerialcostumes.pl\/en\/product\/kombinezon-akrobatyczny-koral-134-140\/\" \/>\n<meta property=\"og:site_name\" content=\"AerialCostumes\" \/>\n<meta property=\"article:publisher\" content=\"https:\/\/www.facebook.com\/aerialcostumespl\" \/>\n<meta property=\"article:modified_time\" content=\"2025-11-27T11:01:12+00:00\" \/>\n<meta property=\"og:image\" content=\"https:\/\/www.aerialcostumes.pl\/wp-content\/uploads\/2025\/11\/Photoroom-20251127_105445_6-1-839x1024.png\" \/>\n\t<meta property=\"og:image:width\" content=\"839\" \/>\n\t<meta property=\"og:image:height\" content=\"1024\" \/>\n\t<meta property=\"og:image:type\" content=\"image\/png\" \/>\n<meta name=\"twitter:card\" content=\"summary_large_image\" \/>\n<meta name=\"twitter:label1\" content=\"Estimated reading time\" \/>\n\t<meta name=\"twitter:data1\" content=\"1 minute\" \/>\n<script type=\"application\/ld+json\" class=\"yoast-schema-graph\">{\"@context\":\"https:\/\/schema.org\",\"@graph\":[{\"@type\":\"WebPage\",\"@id\":\"https:\/\/www.aerialcostumes.pl\/produkt\/kombinezon-akrobatyczny-koral-134-140\/\",\"url\":\"https:\/\/www.aerialcostumes.pl\/produkt\/kombinezon-akrobatyczny-koral-134-140\/\",\"name\":\"Kombinezon Akrobatyczny Koral 134\/140 - AerialCostumes\",\"isPartOf\":{\"@id\":\"https:\/\/www.aerialcostumes.pl\/#website\"},\"primaryImageOfPage\":{\"@id\":\"https:\/\/www.aerialcostumes.pl\/produkt\/kombinezon-akrobatyczny-koral-134-140\/#primaryimage\"},\"image\":{\"@id\":\"https:\/\/www.aerialcostumes.pl\/produkt\/kombinezon-akrobatyczny-koral-134-140\/#primaryimage\"},\"thumbnailUrl\":\"https:\/\/www.aerialcostumes.pl\/wp-content\/uploads\/2025\/11\/Photoroom-20251127_105445_6-1.png\",\"datePublished\":\"2025-11-27T10:59:33+00:00\",\"dateModified\":\"2025-11-27T11:01:12+00:00\",\"breadcrumb\":{\"@id\":\"https:\/\/www.aerialcostumes.pl\/produkt\/kombinezon-akrobatyczny-koral-134-140\/#breadcrumb\"},\"inLanguage\":\"en-GB\",\"potentialAction\":[{\"@type\":\"ReadAction\",\"target\":[\"https:\/\/www.aerialcostumes.pl\/produkt\/kombinezon-akrobatyczny-koral-134-140\/\"]}]},{\"@type\":\"ImageObject\",\"inLanguage\":\"en-GB\",\"@id\":\"https:\/\/www.aerialcostumes.pl\/produkt\/kombinezon-akrobatyczny-koral-134-140\/#primaryimage\",\"url\":\"https:\/\/www.aerialcostumes.pl\/wp-content\/uploads\/2025\/11\/Photoroom-20251127_105445_6-1.png\",\"contentUrl\":\"https:\/\/www.aerialcostumes.pl\/wp-content\/uploads\/2025\/11\/Photoroom-20251127_105445_6-1.png\",\"width\":1440,\"height\":1758},{\"@type\":\"BreadcrumbList\",\"@id\":\"https:\/\/www.aerialcostumes.pl\/produkt\/kombinezon-akrobatyczny-koral-134-140\/#breadcrumb\",\"itemListElement\":[{\"@type\":\"ListItem\",\"position\":1,\"name\":\"Strona g\u0142\u00f3wna\",\"item\":\"https:\/\/www.aerialcostumes.pl\/en\/home\/\"},{\"@type\":\"ListItem\",\"position\":2,\"name\":\"Sklep\",\"item\":\"https:\/\/www.aerialcostumes.pl\/sklep\/\"},{\"@type\":\"ListItem\",\"position\":3,\"name\":\"Kombinezon Akrobatyczny Koral 134\/140\"}]},{\"@type\":\"WebSite\",\"@id\":\"https:\/\/www.aerialcostumes.pl\/#website\",\"url\":\"https:\/\/www.aerialcostumes.pl\/\",\"name\":\"AerialCostumes\",\"description\":\"Producent Odzie\u017cy\",\"publisher\":{\"@id\":\"https:\/\/www.aerialcostumes.pl\/#\/schema\/person\/58c48f20a11b7035c78d5319e55d791c\"},\"potentialAction\":[{\"@type\":\"SearchAction\",\"target\":{\"@type\":\"EntryPoint\",\"urlTemplate\":\"https:\/\/www.aerialcostumes.pl\/?s={search_term_string}\"},\"query-input\":{\"@type\":\"PropertyValueSpecification\",\"valueRequired\":true,\"valueName\":\"search_term_string\"}}],\"inLanguage\":\"en-GB\"},{\"@type\":[\"Person\",\"Organization\"],\"@id\":\"https:\/\/www.aerialcostumes.pl\/#\/schema\/person\/58c48f20a11b7035c78d5319e55d791c\",\"name\":\"aerialcostumes\",\"image\":{\"@type\":\"ImageObject\",\"inLanguage\":\"en-GB\",\"@id\":\"https:\/\/www.aerialcostumes.pl\/#\/schema\/person\/image\/\",\"url\":\"https:\/\/www.aerialcostumes.pl\/wp-content\/uploads\/2020\/10\/cropped-logo-1-1.jpg\",\"contentUrl\":\"https:\/\/www.aerialcostumes.pl\/wp-content\/uploads\/2020\/10\/cropped-logo-1-1.jpg\",\"width\":750,\"height\":590,\"caption\":\"aerialcostumes\"},\"logo\":{\"@id\":\"https:\/\/www.aerialcostumes.pl\/#\/schema\/person\/image\/\"},\"sameAs\":[\"https:\/\/www.aerialcostumes.pl\",\"https:\/\/www.facebook.com\/aerialcostumespl\",\"https:\/\/instagram.com\/aerialcostumes.pl?igshid=OGQ5ZDc2ODk2ZA==\"]}]}<\/script>\n<!-- \/ Yoast SEO plugin. -->","yoast_head_json":{"title":"Kombinezon Akrobatyczny Koral 134\/140 - AerialCostumes","robots":{"index":"index","follow":"follow","max-snippet":"max-snippet:-1","max-image-preview":"max-image-preview:large","max-video-preview":"max-video-preview:-1"},"canonical":"https:\/\/www.aerialcostumes.pl\/en\/product\/kombinezon-akrobatyczny-koral-134-140\/","og_locale":"en_GB","og_type":"article","og_title":"Kombinezon Akrobatyczny Koral 134\/140 - AerialCostumes","og_description":"Str\u00f3j do akrobatyki powietrznej \u2013 szafirowo-koralowy kombinezon z lycry &nbsp;  Przepi\u0119kny, profesjonalny kombinezon stworzony z my\u015bl\u0105 o akrobatyce powietrznej. Wykonany z wysokiej jako\u015bci, elastycznej lycry w dw\u00f3ch wyj\u0105tkowych kolorach: g\u0142\u0119bokim szafirowym oraz energetycznym koralowym. Oryginalnym elementem zdobniczym jest efektowne przej\u015bcie mi\u0119dzy materia\u0142ami w formie drobnych paseczk\u00f3w, kt\u00f3re nadaj\u0105 strojowi lekko\u015bci, dynamiki i unikalnego charakteru.  &nbsp;  To uniwersalny i ponadczasowy wz\u00f3r, idealny na pokazy, wyst\u0119py sceniczne oraz zawody. Str\u00f3j spe\u0142nia wszystkie wymogi regulamin\u00f3w IPSF oraz POSA, dzi\u0119ki czemu doskonale sprawdzi si\u0119 podczas oficjalnych start\u00f3w.  &nbsp;  Materia\u0142 pi\u0119knie mieni si\u0119 i b\u0142yszczy w ruchu, podkre\u015blaj\u0105c dynamik\u0119 ka\u017cdej choreografii. Kombinezon ozdobiony jest kryszta\u0142kami \u015bredniej wielko\u015bci w kolorze AB oraz szafirowym, a tak\u017ce kryszta\u0142kami w odcieniu r\u00f3\u017cowym, co dodaje mu wyj\u0105tkowego blasku.  &nbsp;  Elegancja, wygoda i funkcjonalno\u015b\u0107 w jednym \u2013 idealny wyb\u00f3r dla ka\u017cdej artystki i zawodniczki akrobatyki powietrznej.","og_url":"https:\/\/www.aerialcostumes.pl\/en\/product\/kombinezon-akrobatyczny-koral-134-140\/","og_site_name":"AerialCostumes","article_publisher":"https:\/\/www.facebook.com\/aerialcostumespl","article_modified_time":"2025-11-27T11:01:12+00:00","og_image":[{"width":839,"height":1024,"url":"https:\/\/www.aerialcostumes.pl\/wp-content\/uploads\/2025\/11\/Photoroom-20251127_105445_6-1-839x1024.png","type":"image\/png"}],"twitter_card":"summary_large_image","twitter_misc":{"Estimated reading time":"1 minute"},"schema":{"@context":"https:\/\/schema.org","@graph":[{"@type":"WebPage","@id":"https:\/\/www.aerialcostumes.pl\/produkt\/kombinezon-akrobatyczny-koral-134-140\/","url":"https:\/\/www.aerialcostumes.pl\/produkt\/kombinezon-akrobatyczny-koral-134-140\/","name":"Kombinezon Akrobatyczny Koral 134\/140 - AerialCostumes","isPartOf":{"@id":"https:\/\/www.aerialcostumes.pl\/#website"},"primaryImageOfPage":{"@id":"https:\/\/www.aerialcostumes.pl\/produkt\/kombinezon-akrobatyczny-koral-134-140\/#primaryimage"},"image":{"@id":"https:\/\/www.aerialcostumes.pl\/produkt\/kombinezon-akrobatyczny-koral-134-140\/#primaryimage"},"thumbnailUrl":"https:\/\/www.aerialcostumes.pl\/wp-content\/uploads\/2025\/11\/Photoroom-20251127_105445_6-1.png","datePublished":"2025-11-27T10:59:33+00:00","dateModified":"2025-11-27T11:01:12+00:00","breadcrumb":{"@id":"https:\/\/www.aerialcostumes.pl\/produkt\/kombinezon-akrobatyczny-koral-134-140\/#breadcrumb"},"inLanguage":"en-GB","potentialAction":[{"@type":"ReadAction","target":["https:\/\/www.aerialcostumes.pl\/produkt\/kombinezon-akrobatyczny-koral-134-140\/"]}]},{"@type":"ImageObject","inLanguage":"en-GB","@id":"https:\/\/www.aerialcostumes.pl\/produkt\/kombinezon-akrobatyczny-koral-134-140\/#primaryimage","url":"https:\/\/www.aerialcostumes.pl\/wp-content\/uploads\/2025\/11\/Photoroom-20251127_105445_6-1.png","contentUrl":"https:\/\/www.aerialcostumes.pl\/wp-content\/uploads\/2025\/11\/Photoroom-20251127_105445_6-1.png","width":1440,"height":1758},{"@type":"BreadcrumbList","@id":"https:\/\/www.aerialcostumes.pl\/produkt\/kombinezon-akrobatyczny-koral-134-140\/#breadcrumb","itemListElement":[{"@type":"ListItem","position":1,"name":"Strona g\u0142\u00f3wna","item":"https:\/\/www.aerialcostumes.pl\/en\/home\/"},{"@type":"ListItem","position":2,"name":"Sklep","item":"https:\/\/www.aerialcostumes.pl\/sklep\/"},{"@type":"ListItem","position":3,"name":"Kombinezon Akrobatyczny Koral 134\/140"}]},{"@type":"WebSite","@id":"https:\/\/www.aerialcostumes.pl\/#website","url":"https:\/\/www.aerialcostumes.pl\/","name":"AerialCostumes","description":"Clothes producer","publisher":{"@id":"https:\/\/www.aerialcostumes.pl\/#\/schema\/person\/58c48f20a11b7035c78d5319e55d791c"},"potentialAction":[{"@type":"SearchAction","target":{"@type":"EntryPoint","urlTemplate":"https:\/\/www.aerialcostumes.pl\/?s={search_term_string}"},"query-input":{"@type":"PropertyValueSpecification","valueRequired":true,"valueName":"search_term_string"}}],"inLanguage":"en-GB"},{"@type":["Person","Organization"],"@id":"https:\/\/www.aerialcostumes.pl\/#\/schema\/person\/58c48f20a11b7035c78d5319e55d791c","name":"aerialcostumes","image":{"@type":"ImageObject","inLanguage":"en-GB","@id":"https:\/\/www.aerialcostumes.pl\/#\/schema\/person\/image\/","url":"https:\/\/www.aerialcostumes.pl\/wp-content\/uploads\/2020\/10\/cropped-logo-1-1.jpg","contentUrl":"https:\/\/www.aerialcostumes.pl\/wp-content\/uploads\/2020\/10\/cropped-logo-1-1.jpg","width":750,"height":590,"caption":"aerialcostumes"},"logo":{"@id":"https:\/\/www.aerialcostumes.pl\/#\/schema\/person\/image\/"},"sameAs":["https:\/\/www.aerialcostumes.pl","https:\/\/www.facebook.com\/aerialcostumespl","https:\/\/instagram.com\/aerialcostumes.pl?igshid=OGQ5ZDc2ODk2ZA=="]}]}},"_links":{"self":[{"href":"https:\/\/www.aerialcostumes.pl\/en\/wp-json\/wp\/v2\/product\/4746","targetHints":{"allow":["GET"]}}],"collection":[{"href":"https:\/\/www.aerialcostumes.pl\/en\/wp-json\/wp\/v2\/product"}],"about":[{"href":"https:\/\/www.aerialcostumes.pl\/en\/wp-json\/wp\/v2\/types\/product"}],"replies":[{"embeddable":true,"href":"https:\/\/www.aerialcostumes.pl\/en\/wp-json\/wp\/v2\/comments?post=4746"}],"version-history":[{"count":2,"href":"https:\/\/www.aerialcostumes.pl\/en\/wp-json\/wp\/v2\/product\/4746\/revisions"}],"predecessor-version":[{"id":4760,"href":"https:\/\/www.aerialcostumes.pl\/en\/wp-json\/wp\/v2\/product\/4746\/revisions\/4760"}],"wp:featuredmedia":[{"embeddable":true,"href":"https:\/\/www.aerialcostumes.pl\/en\/wp-json\/wp\/v2\/media\/4758"}],"wp:attachment":[{"href":"https:\/\/www.aerialcostumes.pl\/en\/wp-json\/wp\/v2\/media?parent=4746"}],"wp:term":[{"taxonomy":"product_brand","embeddable":true,"href":"https:\/\/www.aerialcostumes.pl\/en\/wp-json\/wp\/v2\/product_brand?post=4746"},{"taxonomy":"product_cat","embeddable":true,"href":"https:\/\/www.aerialcostumes.pl\/en\/wp-json\/wp\/v2\/product_cat?post=4746"},{"taxonomy":"product_tag","embeddable":true,"href":"https:\/\/www.aerialcostumes.pl\/en\/wp-json\/wp\/v2\/product_tag?post=4746"}],"curies":[{"name":"wp","href":"https:\/\/api.w.org\/{rel}","templated":true}]}}