{"id":4733,"date":"2025-11-26T12:27:02","date_gmt":"2025-11-26T11:27:02","guid":{"rendered":"https:\/\/www.aerialcostumes.pl\/?post_type=product&#038;p=4733"},"modified":"2026-05-05T17:48:49","modified_gmt":"2026-05-05T15:48:49","slug":"kombinezon-akrobatyczny-fale-s","status":"publish","type":"product","link":"https:\/\/www.aerialcostumes.pl\/en\/product\/kombinezon-akrobatyczny-fale-s\/","title":{"rendered":"Acrobatic Suit Waves S"},"content":{"rendered":"<p>Stroj rozmiar S<\/p>\n<p>Wzrost 164\/172<\/p>\n<p>Outfit dimensions: (min without stretching - max after stretching)<\/p>\n<p>Chest circumference: 74-90 cm<\/p>\n<p>Waist circumference: 58-70cm<\/p>\n<p>Hip circumference: 78-100cm<\/p>\n<p>Thigh circumference at the top: 42-52cm<\/p>\n<p>Arm circumference at the top: 24-32cm<\/p>\n<p>Wrist circumference: 15-20cm<\/p>\n<p>Length from shoulder to wrist: 57cm<\/p>\n<p>D\u0142ugo\u015b\u0107 od ramienia do kroku: 68cm<\/p>\n<p>D\u0142ugo\u015b\u0107 od szyji do kroku :62cm<\/p>\n<p>D\u0142ugo\u015b\u0107 nogawkami od kroku: 70cm<\/p>\n<p>Length from shoulder to ankle: 133cm<\/p>\n<p>Back fastened with a covered zipper<\/p>\n<p>Material 100% Lycra<\/p>\n<p>Measurements may vary +\/- 1 cm<\/p>\n<p>Istnieje mo\u017cliwo\u015b\u0107 skr\u00f3cenia r\u0119kaw\u00f3w lub nogawek<\/p>","protected":false},"excerpt":{"rendered":"<h3>Str\u00f3j do akrobatyki powietrznej \u2013 Baby Blue &amp; Kryszta\u0142owe Fale<\/h3>\n<p>Profesjonalny str\u00f3j do aerial wykonany z wysokiej jako\u015bci lycry w odcieniu baby blue, czyli delikatnego, jasnego b\u0142\u0119kitu. Jego wyj\u0105tkowy charakter podkre\u015bla ornament z kryszta\u0142k\u00f3w u\u0142o\u017conych w kszta\u0142t fal, kt\u00f3ry nadaje kostiumowi lekko\u015bci i efektownego ruchu.<\/p>\n<p>Str\u00f3j zosta\u0142 ozdobiony kryszta\u0142kami w kolorach srebrny AB, szafirowy, jasny niebieski i morski, dzi\u0119ki czemu pi\u0119knie mieni si\u0119 i b\u0142yszczy podczas ka\u017cdego wyst\u0119pu \u2014 zar\u00f3wno w \u015bwietle sceny, jak i w naturalnym o\u015bwietleniu.<\/p>\n<p>Spe\u0142nia oficjalne wymogi POSA oraz IPSF, dlatego idealnie sprawdzi si\u0119 na zawodach sportowych i artystycznych, a tak\u017ce podczas pokaz\u00f3w czy sesji zdj\u0119ciowych.<\/p>\n<p>&nbsp;<\/p>\n<p>Elegancki, efektowny i stworzony, by przyci\u0105ga\u0107 uwag\u0119 przy ka\u017cdym ruchu.<\/p>","protected":false},"featured_media":4738,"comment_status":"open","ping_status":"closed","template":"","meta":{"_monsterinsights_skip_tracking":false,"_monsterinsights_sitenote_active":false,"_monsterinsights_sitenote_note":"","_monsterinsights_sitenote_category":0,"site-sidebar-layout":"default","site-content-layout":"","ast-site-content-layout":"default","site-content-style":"default","site-sidebar-style":"default","ast-global-header-display":"","ast-banner-title-visibility":"","ast-main-header-display":"","ast-hfb-above-header-display":"","ast-hfb-below-header-display":"","ast-hfb-mobile-header-display":"","site-post-title":"","ast-breadcrumbs-content":"","ast-featured-img":"","footer-sml-layout":"","theme-transparent-header-meta":"default","adv-header-id-meta":"","stick-header-meta":"","header-above-stick-meta":"","header-main-stick-meta":"","header-below-stick-meta":"","astra-migrate-meta-layouts":"set","ast-page-background-enabled":"default","ast-page-background-meta":{"desktop":{"background-color":"","background-image":"","background-repeat":"repeat","background-position":"center center","background-size":"auto","background-attachment":"scroll","background-type":"","background-media":"","overlay-type":"","overlay-color":"","overlay-opacity":"","overlay-gradient":""},"tablet":{"background-color":"","background-image":"","background-repeat":"repeat","background-position":"center center","background-size":"auto","background-attachment":"scroll","background-type":"","background-media":"","overlay-type":"","overlay-color":"","overlay-opacity":"","overlay-gradient":""},"mobile":{"background-color":"","background-image":"","background-repeat":"repeat","background-position":"center center","background-size":"auto","background-attachment":"scroll","background-type":"","background-media":"","overlay-type":"","overlay-color":"","overlay-opacity":"","overlay-gradient":""}},"ast-content-background-meta":{"desktop":{"background-color":"var(--ast-global-color-5)","background-image":"","background-repeat":"repeat","background-position":"center center","background-size":"auto","background-attachment":"scroll","background-type":"","background-media":"","overlay-type":"","overlay-color":"","overlay-opacity":"","overlay-gradient":""},"tablet":{"background-color":"var(--ast-global-color-5)","background-image":"","background-repeat":"repeat","background-position":"center center","background-size":"auto","background-attachment":"scroll","background-type":"","background-media":"","overlay-type":"","overlay-color":"","overlay-opacity":"","overlay-gradient":""},"mobile":{"background-color":"var(--ast-global-color-5)","background-image":"","background-repeat":"repeat","background-position":"center center","background-size":"auto","background-attachment":"scroll","background-type":"","background-media":"","overlay-type":"","overlay-color":"","overlay-opacity":"","overlay-gradient":""}}},"product_brand":[],"product_cat":[118,119,26],"product_tag":[],"class_list":{"0":"post-4733","1":"product","2":"type-product","3":"status-publish","4":"has-post-thumbnail","6":"product_cat-aerial-hoop","7":"product_cat-aerial-silk","8":"product_cat-akrobatyka-powietrzna","9":"desktop-align-left","10":"tablet-align-left","11":"mobile-align-left","13":"first","14":"outofstock","15":"taxable","16":"shipping-taxable","17":"purchasable","18":"product-type-simple"},"yoast_head":"<!-- This site is optimized with the Yoast SEO plugin v27.0 - https:\/\/yoast.com\/product\/yoast-seo-wordpress\/ -->\n<title>Kombinezon Akrobatyczny Fale S - AerialCostumes<\/title>\n<meta name=\"robots\" content=\"index, follow, max-snippet:-1, max-image-preview:large, max-video-preview:-1\" \/>\n<link rel=\"canonical\" href=\"https:\/\/www.aerialcostumes.pl\/en\/product\/kombinezon-akrobatyczny-fale-s\/\" \/>\n<meta property=\"og:locale\" content=\"en_GB\" \/>\n<meta property=\"og:type\" content=\"article\" \/>\n<meta property=\"og:title\" content=\"Kombinezon Akrobatyczny Fale S - AerialCostumes\" \/>\n<meta property=\"og:description\" content=\"Str\u00f3j do akrobatyki powietrznej \u2013 Baby Blue &amp; Kryszta\u0142owe Fale Profesjonalny str\u00f3j do aerial wykonany z wysokiej jako\u015bci lycry w odcieniu baby blue, czyli delikatnego, jasnego b\u0142\u0119kitu. Jego wyj\u0105tkowy charakter podkre\u015bla ornament z kryszta\u0142k\u00f3w u\u0142o\u017conych w kszta\u0142t fal, kt\u00f3ry nadaje kostiumowi lekko\u015bci i efektownego ruchu.  Str\u00f3j zosta\u0142 ozdobiony kryszta\u0142kami w kolorach srebrny AB, szafirowy, jasny niebieski i morski, dzi\u0119ki czemu pi\u0119knie mieni si\u0119 i b\u0142yszczy podczas ka\u017cdego wyst\u0119pu \u2014 zar\u00f3wno w \u015bwietle sceny, jak i w naturalnym o\u015bwietleniu.  Spe\u0142nia oficjalne wymogi POSA oraz IPSF, dlatego idealnie sprawdzi si\u0119 na zawodach sportowych i artystycznych, a tak\u017ce podczas pokaz\u00f3w czy sesji zdj\u0119ciowych.  &nbsp;  Elegancki, efektowny i stworzony, by przyci\u0105ga\u0107 uwag\u0119 przy ka\u017cdym ruchu.\" \/>\n<meta property=\"og:url\" content=\"https:\/\/www.aerialcostumes.pl\/en\/product\/kombinezon-akrobatyczny-fale-s\/\" \/>\n<meta property=\"og:site_name\" content=\"AerialCostumes\" \/>\n<meta property=\"article:publisher\" content=\"https:\/\/www.facebook.com\/aerialcostumespl\" \/>\n<meta property=\"article:modified_time\" content=\"2026-05-05T15:48:49+00:00\" \/>\n<meta property=\"og:image\" content=\"https:\/\/www.aerialcostumes.pl\/wp-content\/uploads\/2025\/11\/Photoroom-20251126_121237_10-576x1024.png\" \/>\n\t<meta property=\"og:image:width\" content=\"576\" \/>\n\t<meta property=\"og:image:height\" content=\"1024\" \/>\n\t<meta property=\"og:image:type\" content=\"image\/png\" \/>\n<meta name=\"twitter:card\" content=\"summary_large_image\" \/>\n<meta name=\"twitter:label1\" content=\"Estimated reading time\" \/>\n\t<meta name=\"twitter:data1\" content=\"1 minute\" \/>\n<script type=\"application\/ld+json\" class=\"yoast-schema-graph\">{\"@context\":\"https:\/\/schema.org\",\"@graph\":[{\"@type\":\"WebPage\",\"@id\":\"https:\/\/www.aerialcostumes.pl\/produkt\/kombinezon-akrobatyczny-fale-s\/\",\"url\":\"https:\/\/www.aerialcostumes.pl\/produkt\/kombinezon-akrobatyczny-fale-s\/\",\"name\":\"Kombinezon Akrobatyczny Fale S - AerialCostumes\",\"isPartOf\":{\"@id\":\"https:\/\/www.aerialcostumes.pl\/#website\"},\"primaryImageOfPage\":{\"@id\":\"https:\/\/www.aerialcostumes.pl\/produkt\/kombinezon-akrobatyczny-fale-s\/#primaryimage\"},\"image\":{\"@id\":\"https:\/\/www.aerialcostumes.pl\/produkt\/kombinezon-akrobatyczny-fale-s\/#primaryimage\"},\"thumbnailUrl\":\"https:\/\/www.aerialcostumes.pl\/wp-content\/uploads\/2025\/11\/Photoroom-20251126_121237_10.png\",\"datePublished\":\"2025-11-26T11:27:02+00:00\",\"dateModified\":\"2026-05-05T15:48:49+00:00\",\"breadcrumb\":{\"@id\":\"https:\/\/www.aerialcostumes.pl\/produkt\/kombinezon-akrobatyczny-fale-s\/#breadcrumb\"},\"inLanguage\":\"en-GB\",\"potentialAction\":[{\"@type\":\"ReadAction\",\"target\":[\"https:\/\/www.aerialcostumes.pl\/produkt\/kombinezon-akrobatyczny-fale-s\/\"]}]},{\"@type\":\"ImageObject\",\"inLanguage\":\"en-GB\",\"@id\":\"https:\/\/www.aerialcostumes.pl\/produkt\/kombinezon-akrobatyczny-fale-s\/#primaryimage\",\"url\":\"https:\/\/www.aerialcostumes.pl\/wp-content\/uploads\/2025\/11\/Photoroom-20251126_121237_10.png\",\"contentUrl\":\"https:\/\/www.aerialcostumes.pl\/wp-content\/uploads\/2025\/11\/Photoroom-20251126_121237_10.png\",\"width\":1441,\"height\":2560},{\"@type\":\"BreadcrumbList\",\"@id\":\"https:\/\/www.aerialcostumes.pl\/produkt\/kombinezon-akrobatyczny-fale-s\/#breadcrumb\",\"itemListElement\":[{\"@type\":\"ListItem\",\"position\":1,\"name\":\"Strona g\u0142\u00f3wna\",\"item\":\"https:\/\/www.aerialcostumes.pl\/en\/home\/\"},{\"@type\":\"ListItem\",\"position\":2,\"name\":\"Sklep\",\"item\":\"https:\/\/www.aerialcostumes.pl\/sklep\/\"},{\"@type\":\"ListItem\",\"position\":3,\"name\":\"Kombinezon Akrobatyczny Fale S\"}]},{\"@type\":\"WebSite\",\"@id\":\"https:\/\/www.aerialcostumes.pl\/#website\",\"url\":\"https:\/\/www.aerialcostumes.pl\/\",\"name\":\"AerialCostumes\",\"description\":\"Producent Odzie\u017cy\",\"publisher\":{\"@id\":\"https:\/\/www.aerialcostumes.pl\/#\/schema\/person\/58c48f20a11b7035c78d5319e55d791c\"},\"potentialAction\":[{\"@type\":\"SearchAction\",\"target\":{\"@type\":\"EntryPoint\",\"urlTemplate\":\"https:\/\/www.aerialcostumes.pl\/?s={search_term_string}\"},\"query-input\":{\"@type\":\"PropertyValueSpecification\",\"valueRequired\":true,\"valueName\":\"search_term_string\"}}],\"inLanguage\":\"en-GB\"},{\"@type\":[\"Person\",\"Organization\"],\"@id\":\"https:\/\/www.aerialcostumes.pl\/#\/schema\/person\/58c48f20a11b7035c78d5319e55d791c\",\"name\":\"aerialcostumes\",\"image\":{\"@type\":\"ImageObject\",\"inLanguage\":\"en-GB\",\"@id\":\"https:\/\/www.aerialcostumes.pl\/#\/schema\/person\/image\/\",\"url\":\"https:\/\/www.aerialcostumes.pl\/wp-content\/uploads\/2020\/10\/cropped-logo-1-1.jpg\",\"contentUrl\":\"https:\/\/www.aerialcostumes.pl\/wp-content\/uploads\/2020\/10\/cropped-logo-1-1.jpg\",\"width\":750,\"height\":590,\"caption\":\"aerialcostumes\"},\"logo\":{\"@id\":\"https:\/\/www.aerialcostumes.pl\/#\/schema\/person\/image\/\"},\"sameAs\":[\"https:\/\/www.aerialcostumes.pl\",\"https:\/\/www.facebook.com\/aerialcostumespl\",\"https:\/\/instagram.com\/aerialcostumes.pl?igshid=OGQ5ZDc2ODk2ZA==\"]}]}<\/script>\n<!-- \/ Yoast SEO plugin. -->","yoast_head_json":{"title":"Kombinezon Akrobatyczny Fale S - AerialCostumes","robots":{"index":"index","follow":"follow","max-snippet":"max-snippet:-1","max-image-preview":"max-image-preview:large","max-video-preview":"max-video-preview:-1"},"canonical":"https:\/\/www.aerialcostumes.pl\/en\/product\/kombinezon-akrobatyczny-fale-s\/","og_locale":"en_GB","og_type":"article","og_title":"Kombinezon Akrobatyczny Fale S - AerialCostumes","og_description":"Str\u00f3j do akrobatyki powietrznej \u2013 Baby Blue &amp; Kryszta\u0142owe Fale Profesjonalny str\u00f3j do aerial wykonany z wysokiej jako\u015bci lycry w odcieniu baby blue, czyli delikatnego, jasnego b\u0142\u0119kitu. Jego wyj\u0105tkowy charakter podkre\u015bla ornament z kryszta\u0142k\u00f3w u\u0142o\u017conych w kszta\u0142t fal, kt\u00f3ry nadaje kostiumowi lekko\u015bci i efektownego ruchu.  Str\u00f3j zosta\u0142 ozdobiony kryszta\u0142kami w kolorach srebrny AB, szafirowy, jasny niebieski i morski, dzi\u0119ki czemu pi\u0119knie mieni si\u0119 i b\u0142yszczy podczas ka\u017cdego wyst\u0119pu \u2014 zar\u00f3wno w \u015bwietle sceny, jak i w naturalnym o\u015bwietleniu.  Spe\u0142nia oficjalne wymogi POSA oraz IPSF, dlatego idealnie sprawdzi si\u0119 na zawodach sportowych i artystycznych, a tak\u017ce podczas pokaz\u00f3w czy sesji zdj\u0119ciowych.  &nbsp;  Elegancki, efektowny i stworzony, by przyci\u0105ga\u0107 uwag\u0119 przy ka\u017cdym ruchu.","og_url":"https:\/\/www.aerialcostumes.pl\/en\/product\/kombinezon-akrobatyczny-fale-s\/","og_site_name":"AerialCostumes","article_publisher":"https:\/\/www.facebook.com\/aerialcostumespl","article_modified_time":"2026-05-05T15:48:49+00:00","og_image":[{"width":576,"height":1024,"url":"https:\/\/www.aerialcostumes.pl\/wp-content\/uploads\/2025\/11\/Photoroom-20251126_121237_10-576x1024.png","type":"image\/png"}],"twitter_card":"summary_large_image","twitter_misc":{"Estimated reading time":"1 minute"},"schema":{"@context":"https:\/\/schema.org","@graph":[{"@type":"WebPage","@id":"https:\/\/www.aerialcostumes.pl\/produkt\/kombinezon-akrobatyczny-fale-s\/","url":"https:\/\/www.aerialcostumes.pl\/produkt\/kombinezon-akrobatyczny-fale-s\/","name":"Kombinezon Akrobatyczny Fale S - AerialCostumes","isPartOf":{"@id":"https:\/\/www.aerialcostumes.pl\/#website"},"primaryImageOfPage":{"@id":"https:\/\/www.aerialcostumes.pl\/produkt\/kombinezon-akrobatyczny-fale-s\/#primaryimage"},"image":{"@id":"https:\/\/www.aerialcostumes.pl\/produkt\/kombinezon-akrobatyczny-fale-s\/#primaryimage"},"thumbnailUrl":"https:\/\/www.aerialcostumes.pl\/wp-content\/uploads\/2025\/11\/Photoroom-20251126_121237_10.png","datePublished":"2025-11-26T11:27:02+00:00","dateModified":"2026-05-05T15:48:49+00:00","breadcrumb":{"@id":"https:\/\/www.aerialcostumes.pl\/produkt\/kombinezon-akrobatyczny-fale-s\/#breadcrumb"},"inLanguage":"en-GB","potentialAction":[{"@type":"ReadAction","target":["https:\/\/www.aerialcostumes.pl\/produkt\/kombinezon-akrobatyczny-fale-s\/"]}]},{"@type":"ImageObject","inLanguage":"en-GB","@id":"https:\/\/www.aerialcostumes.pl\/produkt\/kombinezon-akrobatyczny-fale-s\/#primaryimage","url":"https:\/\/www.aerialcostumes.pl\/wp-content\/uploads\/2025\/11\/Photoroom-20251126_121237_10.png","contentUrl":"https:\/\/www.aerialcostumes.pl\/wp-content\/uploads\/2025\/11\/Photoroom-20251126_121237_10.png","width":1441,"height":2560},{"@type":"BreadcrumbList","@id":"https:\/\/www.aerialcostumes.pl\/produkt\/kombinezon-akrobatyczny-fale-s\/#breadcrumb","itemListElement":[{"@type":"ListItem","position":1,"name":"Strona g\u0142\u00f3wna","item":"https:\/\/www.aerialcostumes.pl\/en\/home\/"},{"@type":"ListItem","position":2,"name":"Sklep","item":"https:\/\/www.aerialcostumes.pl\/sklep\/"},{"@type":"ListItem","position":3,"name":"Kombinezon Akrobatyczny Fale S"}]},{"@type":"WebSite","@id":"https:\/\/www.aerialcostumes.pl\/#website","url":"https:\/\/www.aerialcostumes.pl\/","name":"AerialCostumes","description":"Clothes producer","publisher":{"@id":"https:\/\/www.aerialcostumes.pl\/#\/schema\/person\/58c48f20a11b7035c78d5319e55d791c"},"potentialAction":[{"@type":"SearchAction","target":{"@type":"EntryPoint","urlTemplate":"https:\/\/www.aerialcostumes.pl\/?s={search_term_string}"},"query-input":{"@type":"PropertyValueSpecification","valueRequired":true,"valueName":"search_term_string"}}],"inLanguage":"en-GB"},{"@type":["Person","Organization"],"@id":"https:\/\/www.aerialcostumes.pl\/#\/schema\/person\/58c48f20a11b7035c78d5319e55d791c","name":"aerialcostumes","image":{"@type":"ImageObject","inLanguage":"en-GB","@id":"https:\/\/www.aerialcostumes.pl\/#\/schema\/person\/image\/","url":"https:\/\/www.aerialcostumes.pl\/wp-content\/uploads\/2020\/10\/cropped-logo-1-1.jpg","contentUrl":"https:\/\/www.aerialcostumes.pl\/wp-content\/uploads\/2020\/10\/cropped-logo-1-1.jpg","width":750,"height":590,"caption":"aerialcostumes"},"logo":{"@id":"https:\/\/www.aerialcostumes.pl\/#\/schema\/person\/image\/"},"sameAs":["https:\/\/www.aerialcostumes.pl","https:\/\/www.facebook.com\/aerialcostumespl","https:\/\/instagram.com\/aerialcostumes.pl?igshid=OGQ5ZDc2ODk2ZA=="]}]}},"_links":{"self":[{"href":"https:\/\/www.aerialcostumes.pl\/en\/wp-json\/wp\/v2\/product\/4733","targetHints":{"allow":["GET"]}}],"collection":[{"href":"https:\/\/www.aerialcostumes.pl\/en\/wp-json\/wp\/v2\/product"}],"about":[{"href":"https:\/\/www.aerialcostumes.pl\/en\/wp-json\/wp\/v2\/types\/product"}],"replies":[{"embeddable":true,"href":"https:\/\/www.aerialcostumes.pl\/en\/wp-json\/wp\/v2\/comments?post=4733"}],"version-history":[{"count":1,"href":"https:\/\/www.aerialcostumes.pl\/en\/wp-json\/wp\/v2\/product\/4733\/revisions"}],"predecessor-version":[{"id":4744,"href":"https:\/\/www.aerialcostumes.pl\/en\/wp-json\/wp\/v2\/product\/4733\/revisions\/4744"}],"wp:featuredmedia":[{"embeddable":true,"href":"https:\/\/www.aerialcostumes.pl\/en\/wp-json\/wp\/v2\/media\/4738"}],"wp:attachment":[{"href":"https:\/\/www.aerialcostumes.pl\/en\/wp-json\/wp\/v2\/media?parent=4733"}],"wp:term":[{"taxonomy":"product_brand","embeddable":true,"href":"https:\/\/www.aerialcostumes.pl\/en\/wp-json\/wp\/v2\/product_brand?post=4733"},{"taxonomy":"product_cat","embeddable":true,"href":"https:\/\/www.aerialcostumes.pl\/en\/wp-json\/wp\/v2\/product_cat?post=4733"},{"taxonomy":"product_tag","embeddable":true,"href":"https:\/\/www.aerialcostumes.pl\/en\/wp-json\/wp\/v2\/product_tag?post=4733"}],"curies":[{"name":"wp","href":"https:\/\/api.w.org\/{rel}","templated":true}]}}