{"id":4719,"date":"2025-11-26T12:06:43","date_gmt":"2025-11-26T11:06:43","guid":{"rendered":"https:\/\/www.aerialcostumes.pl\/?post_type=product&#038;p=4719"},"modified":"2025-11-26T12:27:33","modified_gmt":"2025-11-26T11:27:33","slug":"kombinezon-akrobatyczny-szafirowe-kwiaty-s-164-172","status":"publish","type":"product","link":"https:\/\/www.aerialcostumes.pl\/en\/product\/kombinezon-akrobatyczny-szafirowe-kwiaty-s-164-172\/","title":{"rendered":"Kombinezon Akrobatyczny Szafirowe kwiaty S 164\/172"},"content":{"rendered":"<p style=\"text-align: left;\">Stroj rozmiar S<\/p>\n<p>Wzrost 164\/172<\/p>\n<p>Outfit dimensions: (min without stretching - max after stretching)<\/p>\n<p>Chest circumference: 74-90 cm<\/p>\n<p>Waist circumference: 60-76cm<\/p>\n<p>Hip circumference: 80-104cm<\/p>\n<p>Thigh circumference at the top: 42-52cm<\/p>\n<p>Arm circumference at the top: 24-32cm<\/p>\n<p>Wrist circumference: 15-20cm<\/p>\n<p>D\u0142ugo\u015b\u0107 od ramienia do nadgarstka: 54,5cm<\/p>\n<p>D\u0142ugo\u015b\u0107 od ramienia do kroku: 75cm<\/p>\n<p>D\u0142ugo\u015b\u0107 od szyji do kroku :65cm<\/p>\n<p>D\u0142ugo\u015b\u0107 nogawkami od kroku: 75cm<\/p>\n<p>D\u0142ugo\u015b\u0107 od ramienia do kostki: 145cm<\/p>\n<p>Back fastened with a covered zipper<\/p>\n<p>Material 100% Lycra + welur stretch<\/p>\n<p>Measurements may vary +\/- 1 cm<\/p>\n<p>Istnieje mo\u017cliwo\u015b\u0107 skr\u00f3cenia r\u0119kaw\u00f3w lub nogawek<\/p>","protected":false},"excerpt":{"rendered":"<h3 style=\"text-align: left;\"><strong>Str\u00f3j do akrobatyki powietrznej \u2013 granat &amp; szafir<\/strong><\/h3>\n<p>&nbsp;<\/p>\n<p>Profesjonalny str\u00f3j do aerial wykonany z wysokiej jako\u015bci lycry drukowanej w kwiaty w odcieniach granatu, szafiru i b\u0142\u0119kitu. D\u00f3\u0142 wykonany z eleganckiego weluru w ciemnym granacie. G\u00f3ra stroju bogato zdobiona kryszta\u0142kami szafirowymi, srebrnymi, czarnymi i srebrnymi AB, kt\u00f3re pi\u0119knie mieni\u0105 si\u0119 w \u015bwietle.<\/p>\n<p>&nbsp;<\/p>\n<p>Str\u00f3j spe\u0142nia wymagania zawod\u00f3w IPSF oraz POSA, dzi\u0119ki czemu idealnie nadaje si\u0119 na starty sportowe i artystyczne. Wyj\u0105tkowo efektowny \u2014 podkre\u015bla ruch, prezentuje si\u0119 znakomicie na scenie i podczas ka\u017cdego wyst\u0119pu.<\/p>","protected":false},"featured_media":4724,"comment_status":"open","ping_status":"closed","template":"","meta":{"_monsterinsights_skip_tracking":false,"_monsterinsights_sitenote_active":false,"_monsterinsights_sitenote_note":"","_monsterinsights_sitenote_category":0,"site-sidebar-layout":"default","site-content-layout":"","ast-site-content-layout":"default","site-content-style":"default","site-sidebar-style":"default","ast-global-header-display":"","ast-banner-title-visibility":"","ast-main-header-display":"","ast-hfb-above-header-display":"","ast-hfb-below-header-display":"","ast-hfb-mobile-header-display":"","site-post-title":"","ast-breadcrumbs-content":"","ast-featured-img":"","footer-sml-layout":"","theme-transparent-header-meta":"default","adv-header-id-meta":"","stick-header-meta":"","header-above-stick-meta":"","header-main-stick-meta":"","header-below-stick-meta":"","astra-migrate-meta-layouts":"set","ast-page-background-enabled":"default","ast-page-background-meta":{"desktop":{"background-color":"","background-image":"","background-repeat":"repeat","background-position":"center center","background-size":"auto","background-attachment":"scroll","background-type":"","background-media":"","overlay-type":"","overlay-color":"","overlay-opacity":"","overlay-gradient":""},"tablet":{"background-color":"","background-image":"","background-repeat":"repeat","background-position":"center center","background-size":"auto","background-attachment":"scroll","background-type":"","background-media":"","overlay-type":"","overlay-color":"","overlay-opacity":"","overlay-gradient":""},"mobile":{"background-color":"","background-image":"","background-repeat":"repeat","background-position":"center center","background-size":"auto","background-attachment":"scroll","background-type":"","background-media":"","overlay-type":"","overlay-color":"","overlay-opacity":"","overlay-gradient":""}},"ast-content-background-meta":{"desktop":{"background-color":"var(--ast-global-color-5)","background-image":"","background-repeat":"repeat","background-position":"center center","background-size":"auto","background-attachment":"scroll","background-type":"","background-media":"","overlay-type":"","overlay-color":"","overlay-opacity":"","overlay-gradient":""},"tablet":{"background-color":"var(--ast-global-color-5)","background-image":"","background-repeat":"repeat","background-position":"center center","background-size":"auto","background-attachment":"scroll","background-type":"","background-media":"","overlay-type":"","overlay-color":"","overlay-opacity":"","overlay-gradient":""},"mobile":{"background-color":"var(--ast-global-color-5)","background-image":"","background-repeat":"repeat","background-position":"center center","background-size":"auto","background-attachment":"scroll","background-type":"","background-media":"","overlay-type":"","overlay-color":"","overlay-opacity":"","overlay-gradient":""}}},"product_brand":[],"product_cat":[118,119,26],"product_tag":[],"class_list":{"0":"post-4719","1":"product","2":"type-product","3":"status-publish","4":"has-post-thumbnail","6":"product_cat-aerial-hoop","7":"product_cat-aerial-silk","8":"product_cat-akrobatyka-powietrzna","9":"desktop-align-left","10":"tablet-align-left","11":"mobile-align-left","13":"first","14":"instock","15":"taxable","16":"shipping-taxable","17":"purchasable","18":"product-type-simple"},"yoast_head":"<!-- This site is optimized with the Yoast SEO plugin v27.0 - https:\/\/yoast.com\/product\/yoast-seo-wordpress\/ -->\n<title>Kombinezon Akrobatyczny Szafirowe kwiaty S 164\/172 - AerialCostumes<\/title>\n<meta name=\"robots\" content=\"index, follow, max-snippet:-1, max-image-preview:large, max-video-preview:-1\" \/>\n<link rel=\"canonical\" href=\"https:\/\/www.aerialcostumes.pl\/en\/product\/kombinezon-akrobatyczny-szafirowe-kwiaty-s-164-172\/\" \/>\n<meta property=\"og:locale\" content=\"en_GB\" \/>\n<meta property=\"og:type\" content=\"article\" \/>\n<meta property=\"og:title\" content=\"Kombinezon Akrobatyczny Szafirowe kwiaty S 164\/172 - AerialCostumes\" \/>\n<meta property=\"og:description\" content=\"Str\u00f3j do akrobatyki powietrznej \u2013 granat &amp; szafir &nbsp;  Profesjonalny str\u00f3j do aerial wykonany z wysokiej jako\u015bci lycry drukowanej w kwiaty w odcieniach granatu, szafiru i b\u0142\u0119kitu. D\u00f3\u0142 wykonany z eleganckiego weluru w ciemnym granacie. G\u00f3ra stroju bogato zdobiona kryszta\u0142kami szafirowymi, srebrnymi, czarnymi i srebrnymi AB, kt\u00f3re pi\u0119knie mieni\u0105 si\u0119 w \u015bwietle.  &nbsp;  Str\u00f3j spe\u0142nia wymagania zawod\u00f3w IPSF oraz POSA, dzi\u0119ki czemu idealnie nadaje si\u0119 na starty sportowe i artystyczne. Wyj\u0105tkowo efektowny \u2014 podkre\u015bla ruch, prezentuje si\u0119 znakomicie na scenie i podczas ka\u017cdego wyst\u0119pu.\" \/>\n<meta property=\"og:url\" content=\"https:\/\/www.aerialcostumes.pl\/en\/product\/kombinezon-akrobatyczny-szafirowe-kwiaty-s-164-172\/\" \/>\n<meta property=\"og:site_name\" content=\"AerialCostumes\" \/>\n<meta property=\"article:publisher\" content=\"https:\/\/www.facebook.com\/aerialcostumespl\" \/>\n<meta property=\"article:modified_time\" content=\"2025-11-26T11:27:33+00:00\" \/>\n<meta property=\"og:image\" content=\"https:\/\/www.aerialcostumes.pl\/wp-content\/uploads\/2025\/11\/Photoroom-20251124_231634_9-576x1024.png\" \/>\n\t<meta property=\"og:image:width\" content=\"576\" \/>\n\t<meta property=\"og:image:height\" content=\"1024\" \/>\n\t<meta property=\"og:image:type\" content=\"image\/png\" \/>\n<meta name=\"twitter:card\" content=\"summary_large_image\" \/>\n<meta name=\"twitter:label1\" content=\"Estimated reading time\" \/>\n\t<meta name=\"twitter:data1\" content=\"1 minute\" \/>\n<script type=\"application\/ld+json\" class=\"yoast-schema-graph\">{\"@context\":\"https:\/\/schema.org\",\"@graph\":[{\"@type\":\"WebPage\",\"@id\":\"https:\/\/www.aerialcostumes.pl\/produkt\/kombinezon-akrobatyczny-szafirowe-kwiaty-s-164-172\/\",\"url\":\"https:\/\/www.aerialcostumes.pl\/produkt\/kombinezon-akrobatyczny-szafirowe-kwiaty-s-164-172\/\",\"name\":\"Kombinezon Akrobatyczny Szafirowe kwiaty S 164\/172 - AerialCostumes\",\"isPartOf\":{\"@id\":\"https:\/\/www.aerialcostumes.pl\/#website\"},\"primaryImageOfPage\":{\"@id\":\"https:\/\/www.aerialcostumes.pl\/produkt\/kombinezon-akrobatyczny-szafirowe-kwiaty-s-164-172\/#primaryimage\"},\"image\":{\"@id\":\"https:\/\/www.aerialcostumes.pl\/produkt\/kombinezon-akrobatyczny-szafirowe-kwiaty-s-164-172\/#primaryimage\"},\"thumbnailUrl\":\"https:\/\/www.aerialcostumes.pl\/wp-content\/uploads\/2025\/11\/Photoroom-20251124_231634_9.png\",\"datePublished\":\"2025-11-26T11:06:43+00:00\",\"dateModified\":\"2025-11-26T11:27:33+00:00\",\"breadcrumb\":{\"@id\":\"https:\/\/www.aerialcostumes.pl\/produkt\/kombinezon-akrobatyczny-szafirowe-kwiaty-s-164-172\/#breadcrumb\"},\"inLanguage\":\"en-GB\",\"potentialAction\":[{\"@type\":\"ReadAction\",\"target\":[\"https:\/\/www.aerialcostumes.pl\/produkt\/kombinezon-akrobatyczny-szafirowe-kwiaty-s-164-172\/\"]}]},{\"@type\":\"ImageObject\",\"inLanguage\":\"en-GB\",\"@id\":\"https:\/\/www.aerialcostumes.pl\/produkt\/kombinezon-akrobatyczny-szafirowe-kwiaty-s-164-172\/#primaryimage\",\"url\":\"https:\/\/www.aerialcostumes.pl\/wp-content\/uploads\/2025\/11\/Photoroom-20251124_231634_9.png\",\"contentUrl\":\"https:\/\/www.aerialcostumes.pl\/wp-content\/uploads\/2025\/11\/Photoroom-20251124_231634_9.png\",\"width\":1441,\"height\":2560},{\"@type\":\"BreadcrumbList\",\"@id\":\"https:\/\/www.aerialcostumes.pl\/produkt\/kombinezon-akrobatyczny-szafirowe-kwiaty-s-164-172\/#breadcrumb\",\"itemListElement\":[{\"@type\":\"ListItem\",\"position\":1,\"name\":\"Strona g\u0142\u00f3wna\",\"item\":\"https:\/\/www.aerialcostumes.pl\/en\/home\/\"},{\"@type\":\"ListItem\",\"position\":2,\"name\":\"Sklep\",\"item\":\"https:\/\/www.aerialcostumes.pl\/sklep\/\"},{\"@type\":\"ListItem\",\"position\":3,\"name\":\"Kombinezon Akrobatyczny Szafirowe kwiaty S 164\/172\"}]},{\"@type\":\"WebSite\",\"@id\":\"https:\/\/www.aerialcostumes.pl\/#website\",\"url\":\"https:\/\/www.aerialcostumes.pl\/\",\"name\":\"AerialCostumes\",\"description\":\"Producent Odzie\u017cy\",\"publisher\":{\"@id\":\"https:\/\/www.aerialcostumes.pl\/#\/schema\/person\/58c48f20a11b7035c78d5319e55d791c\"},\"potentialAction\":[{\"@type\":\"SearchAction\",\"target\":{\"@type\":\"EntryPoint\",\"urlTemplate\":\"https:\/\/www.aerialcostumes.pl\/?s={search_term_string}\"},\"query-input\":{\"@type\":\"PropertyValueSpecification\",\"valueRequired\":true,\"valueName\":\"search_term_string\"}}],\"inLanguage\":\"en-GB\"},{\"@type\":[\"Person\",\"Organization\"],\"@id\":\"https:\/\/www.aerialcostumes.pl\/#\/schema\/person\/58c48f20a11b7035c78d5319e55d791c\",\"name\":\"aerialcostumes\",\"image\":{\"@type\":\"ImageObject\",\"inLanguage\":\"en-GB\",\"@id\":\"https:\/\/www.aerialcostumes.pl\/#\/schema\/person\/image\/\",\"url\":\"https:\/\/www.aerialcostumes.pl\/wp-content\/uploads\/2020\/10\/cropped-logo-1-1.jpg\",\"contentUrl\":\"https:\/\/www.aerialcostumes.pl\/wp-content\/uploads\/2020\/10\/cropped-logo-1-1.jpg\",\"width\":750,\"height\":590,\"caption\":\"aerialcostumes\"},\"logo\":{\"@id\":\"https:\/\/www.aerialcostumes.pl\/#\/schema\/person\/image\/\"},\"sameAs\":[\"https:\/\/www.aerialcostumes.pl\",\"https:\/\/www.facebook.com\/aerialcostumespl\",\"https:\/\/instagram.com\/aerialcostumes.pl?igshid=OGQ5ZDc2ODk2ZA==\"]}]}<\/script>\n<!-- \/ Yoast SEO plugin. -->","yoast_head_json":{"title":"Kombinezon Akrobatyczny Szafirowe kwiaty S 164\/172 - AerialCostumes","robots":{"index":"index","follow":"follow","max-snippet":"max-snippet:-1","max-image-preview":"max-image-preview:large","max-video-preview":"max-video-preview:-1"},"canonical":"https:\/\/www.aerialcostumes.pl\/en\/product\/kombinezon-akrobatyczny-szafirowe-kwiaty-s-164-172\/","og_locale":"en_GB","og_type":"article","og_title":"Kombinezon Akrobatyczny Szafirowe kwiaty S 164\/172 - AerialCostumes","og_description":"Str\u00f3j do akrobatyki powietrznej \u2013 granat &amp; szafir &nbsp;  Profesjonalny str\u00f3j do aerial wykonany z wysokiej jako\u015bci lycry drukowanej w kwiaty w odcieniach granatu, szafiru i b\u0142\u0119kitu. D\u00f3\u0142 wykonany z eleganckiego weluru w ciemnym granacie. G\u00f3ra stroju bogato zdobiona kryszta\u0142kami szafirowymi, srebrnymi, czarnymi i srebrnymi AB, kt\u00f3re pi\u0119knie mieni\u0105 si\u0119 w \u015bwietle.  &nbsp;  Str\u00f3j spe\u0142nia wymagania zawod\u00f3w IPSF oraz POSA, dzi\u0119ki czemu idealnie nadaje si\u0119 na starty sportowe i artystyczne. Wyj\u0105tkowo efektowny \u2014 podkre\u015bla ruch, prezentuje si\u0119 znakomicie na scenie i podczas ka\u017cdego wyst\u0119pu.","og_url":"https:\/\/www.aerialcostumes.pl\/en\/product\/kombinezon-akrobatyczny-szafirowe-kwiaty-s-164-172\/","og_site_name":"AerialCostumes","article_publisher":"https:\/\/www.facebook.com\/aerialcostumespl","article_modified_time":"2025-11-26T11:27:33+00:00","og_image":[{"width":576,"height":1024,"url":"https:\/\/www.aerialcostumes.pl\/wp-content\/uploads\/2025\/11\/Photoroom-20251124_231634_9-576x1024.png","type":"image\/png"}],"twitter_card":"summary_large_image","twitter_misc":{"Estimated reading time":"1 minute"},"schema":{"@context":"https:\/\/schema.org","@graph":[{"@type":"WebPage","@id":"https:\/\/www.aerialcostumes.pl\/produkt\/kombinezon-akrobatyczny-szafirowe-kwiaty-s-164-172\/","url":"https:\/\/www.aerialcostumes.pl\/produkt\/kombinezon-akrobatyczny-szafirowe-kwiaty-s-164-172\/","name":"Kombinezon Akrobatyczny Szafirowe kwiaty S 164\/172 - AerialCostumes","isPartOf":{"@id":"https:\/\/www.aerialcostumes.pl\/#website"},"primaryImageOfPage":{"@id":"https:\/\/www.aerialcostumes.pl\/produkt\/kombinezon-akrobatyczny-szafirowe-kwiaty-s-164-172\/#primaryimage"},"image":{"@id":"https:\/\/www.aerialcostumes.pl\/produkt\/kombinezon-akrobatyczny-szafirowe-kwiaty-s-164-172\/#primaryimage"},"thumbnailUrl":"https:\/\/www.aerialcostumes.pl\/wp-content\/uploads\/2025\/11\/Photoroom-20251124_231634_9.png","datePublished":"2025-11-26T11:06:43+00:00","dateModified":"2025-11-26T11:27:33+00:00","breadcrumb":{"@id":"https:\/\/www.aerialcostumes.pl\/produkt\/kombinezon-akrobatyczny-szafirowe-kwiaty-s-164-172\/#breadcrumb"},"inLanguage":"en-GB","potentialAction":[{"@type":"ReadAction","target":["https:\/\/www.aerialcostumes.pl\/produkt\/kombinezon-akrobatyczny-szafirowe-kwiaty-s-164-172\/"]}]},{"@type":"ImageObject","inLanguage":"en-GB","@id":"https:\/\/www.aerialcostumes.pl\/produkt\/kombinezon-akrobatyczny-szafirowe-kwiaty-s-164-172\/#primaryimage","url":"https:\/\/www.aerialcostumes.pl\/wp-content\/uploads\/2025\/11\/Photoroom-20251124_231634_9.png","contentUrl":"https:\/\/www.aerialcostumes.pl\/wp-content\/uploads\/2025\/11\/Photoroom-20251124_231634_9.png","width":1441,"height":2560},{"@type":"BreadcrumbList","@id":"https:\/\/www.aerialcostumes.pl\/produkt\/kombinezon-akrobatyczny-szafirowe-kwiaty-s-164-172\/#breadcrumb","itemListElement":[{"@type":"ListItem","position":1,"name":"Strona g\u0142\u00f3wna","item":"https:\/\/www.aerialcostumes.pl\/en\/home\/"},{"@type":"ListItem","position":2,"name":"Sklep","item":"https:\/\/www.aerialcostumes.pl\/sklep\/"},{"@type":"ListItem","position":3,"name":"Kombinezon Akrobatyczny Szafirowe kwiaty S 164\/172"}]},{"@type":"WebSite","@id":"https:\/\/www.aerialcostumes.pl\/#website","url":"https:\/\/www.aerialcostumes.pl\/","name":"AerialCostumes","description":"Clothes producer","publisher":{"@id":"https:\/\/www.aerialcostumes.pl\/#\/schema\/person\/58c48f20a11b7035c78d5319e55d791c"},"potentialAction":[{"@type":"SearchAction","target":{"@type":"EntryPoint","urlTemplate":"https:\/\/www.aerialcostumes.pl\/?s={search_term_string}"},"query-input":{"@type":"PropertyValueSpecification","valueRequired":true,"valueName":"search_term_string"}}],"inLanguage":"en-GB"},{"@type":["Person","Organization"],"@id":"https:\/\/www.aerialcostumes.pl\/#\/schema\/person\/58c48f20a11b7035c78d5319e55d791c","name":"aerialcostumes","image":{"@type":"ImageObject","inLanguage":"en-GB","@id":"https:\/\/www.aerialcostumes.pl\/#\/schema\/person\/image\/","url":"https:\/\/www.aerialcostumes.pl\/wp-content\/uploads\/2020\/10\/cropped-logo-1-1.jpg","contentUrl":"https:\/\/www.aerialcostumes.pl\/wp-content\/uploads\/2020\/10\/cropped-logo-1-1.jpg","width":750,"height":590,"caption":"aerialcostumes"},"logo":{"@id":"https:\/\/www.aerialcostumes.pl\/#\/schema\/person\/image\/"},"sameAs":["https:\/\/www.aerialcostumes.pl","https:\/\/www.facebook.com\/aerialcostumespl","https:\/\/instagram.com\/aerialcostumes.pl?igshid=OGQ5ZDc2ODk2ZA=="]}]}},"_links":{"self":[{"href":"https:\/\/www.aerialcostumes.pl\/en\/wp-json\/wp\/v2\/product\/4719","targetHints":{"allow":["GET"]}}],"collection":[{"href":"https:\/\/www.aerialcostumes.pl\/en\/wp-json\/wp\/v2\/product"}],"about":[{"href":"https:\/\/www.aerialcostumes.pl\/en\/wp-json\/wp\/v2\/types\/product"}],"replies":[{"embeddable":true,"href":"https:\/\/www.aerialcostumes.pl\/en\/wp-json\/wp\/v2\/comments?post=4719"}],"version-history":[{"count":2,"href":"https:\/\/www.aerialcostumes.pl\/en\/wp-json\/wp\/v2\/product\/4719\/revisions"}],"predecessor-version":[{"id":4745,"href":"https:\/\/www.aerialcostumes.pl\/en\/wp-json\/wp\/v2\/product\/4719\/revisions\/4745"}],"wp:featuredmedia":[{"embeddable":true,"href":"https:\/\/www.aerialcostumes.pl\/en\/wp-json\/wp\/v2\/media\/4724"}],"wp:attachment":[{"href":"https:\/\/www.aerialcostumes.pl\/en\/wp-json\/wp\/v2\/media?parent=4719"}],"wp:term":[{"taxonomy":"product_brand","embeddable":true,"href":"https:\/\/www.aerialcostumes.pl\/en\/wp-json\/wp\/v2\/product_brand?post=4719"},{"taxonomy":"product_cat","embeddable":true,"href":"https:\/\/www.aerialcostumes.pl\/en\/wp-json\/wp\/v2\/product_cat?post=4719"},{"taxonomy":"product_tag","embeddable":true,"href":"https:\/\/www.aerialcostumes.pl\/en\/wp-json\/wp\/v2\/product_tag?post=4719"}],"curies":[{"name":"wp","href":"https:\/\/api.w.org\/{rel}","templated":true}]}}