{"id":4609,"date":"2025-03-03T13:07:31","date_gmt":"2025-03-03T12:07:31","guid":{"rendered":"https:\/\/www.aerialcostumes.pl\/?post_type=product&#038;p=4609"},"modified":"2026-04-23T17:22:09","modified_gmt":"2026-04-23T15:22:09","slug":"kombinezon-akrobatyczny-angel-128-134","status":"publish","type":"product","link":"https:\/\/www.aerialcostumes.pl\/en\/product\/kombinezon-akrobatyczny-angel-128-134\/","title":{"rendered":"Kombinezon Akrobatyczny Angel 128\/134"},"content":{"rendered":"<p>Stroj do Akrobatyki Powietrznej w kolorze \u015bmietankowy, bardzo jasne ecru\/z\u0142amana Biel. Ca\u0142o\u015b\u0107 ozdobiona w elelgancki wz\u00f3r z kryszta\u0142k\u00f3w wi\u0119ksze kolorze srebrnym AB. Stroj odpowiedni na pokazy i zawody z akrobatyki.\u00a0 Zalecamy cielista bielizn\u0119 pod Str\u00f3j.<\/p>\n<p>&nbsp;<\/p>\n<p style=\"font-size: 13.68px; font-style: normal; font-weight: 400; margin-bottom: 1.6em; color: #333333; font-family: Lato, sans-serif; background-color: #f9f9f9;\">Stroj rozmiar 128\/134<\/p>\n<p style=\"font-size: 13.68px; font-style: normal; font-weight: 400; margin-bottom: 1.6em; color: #333333; font-family: Lato, sans-serif; background-color: #f9f9f9;\">Outfit dimensions: (min without stretching - max after stretching)<\/p>\n<p style=\"font-size: 13.68px; font-style: normal; font-weight: 400; margin-bottom: 1.6em; color: #333333; font-family: Lato, sans-serif; background-color: #f9f9f9;\">Obw\u00f3d klatki: 60-70cm<\/p>\n<p style=\"font-size: 13.68px; font-style: normal; font-weight: 400; margin-bottom: 1.6em; color: #333333; font-family: Lato, sans-serif; background-color: #f9f9f9;\">Obw\u00f3d talii: 54-62m<\/p>\n<p style=\"font-size: 13.68px; font-style: normal; font-weight: 400; margin-bottom: 1.6em; color: #333333; font-family: Lato, sans-serif; background-color: #f9f9f9;\">Obw\u00f3d bioder: 63-76cm<\/p>\n<p style=\"font-size: 13.68px; font-style: normal; font-weight: 400; margin-bottom: 1.6em; color: #333333; font-family: Lato, sans-serif; background-color: #f9f9f9;\">Obw\u00f3d uda u g\u00f3ry: 30-37cm<\/p>\n<p style=\"font-size: 13.68px; font-style: normal; font-weight: 400; margin-bottom: 1.6em; color: #333333; font-family: Lato, sans-serif; background-color: #f9f9f9;\">Obw\u00f3d r\u0119ki u g\u00f3ry: 23-27cm<\/p>\n<p style=\"font-size: 13.68px; font-style: normal; font-weight: 400; margin-bottom: 1.6em; color: #333333; font-family: Lato, sans-serif; background-color: #f9f9f9;\">Obw\u00f3d nadgarstka: 15-17cm<\/p>\n<p style=\"font-size: 13.68px; font-style: normal; font-weight: 400; margin-bottom: 1.6em; color: #333333; font-family: Lato, sans-serif; background-color: #f9f9f9;\">Length from shoulder to wrist: 43cm<\/p>\n<p style=\"font-size: 13.68px; font-style: normal; font-weight: 400; margin-bottom: 1.6em; color: #333333; font-family: Lato, sans-serif; background-color: #f9f9f9;\">D\u0142ugo\u015b\u0107 od ramienia do kroku: 53cm<\/p>\n<p style=\"font-size: 13.68px; font-style: normal; font-weight: 400; margin-bottom: 1.6em; color: #333333; font-family: Lato, sans-serif; background-color: #f9f9f9;\">D\u0142ugo\u015b\u0107 nogawkami od kroku: 57cm<\/p>\n<p style=\"font-size: 13.68px; font-style: normal; font-weight: 400; margin-bottom: 1.6em; color: #333333; font-family: Lato, sans-serif; background-color: #f9f9f9;\">D\u0142ugo\u015b\u0107 od ramienia do kostki: 110cm<\/p>\n<p style=\"font-size: 13.68px; font-style: normal; font-weight: 400; margin-bottom: 1.6em; color: #333333; font-family: Lato, sans-serif; background-color: #f9f9f9;\">Ty\u0142 zapinany na zamek klasyczny<\/p>\n<p style=\"font-size: 13.68px; font-style: normal; font-weight: 400; margin-bottom: 1.6em; color: #333333; font-family: Lato, sans-serif; background-color: #f9f9f9;\">St\u00f3jka wysoko\u015b\u0107: 4,5 cm<\/p>\n<p style=\"font-size: 13.68px; font-style: normal; font-weight: 400; margin-bottom: 1.6em; color: #333333; font-family: Lato, sans-serif; background-color: #f9f9f9;\">Material 100% Lycra<\/p>\n<p style=\"font-size: 13.68px; font-style: normal; font-weight: 400; margin-bottom: 0px; color: #333333; font-family: Lato, sans-serif; background-color: #f9f9f9;\">Measurements may vary +\/- 1 cm<\/p>","protected":false},"excerpt":{"rendered":"<p>Stroj do Akrobatyki Powietrznej w kolorze \u015bmietankowy, bardzo jasne ecru\/z\u0142amana Biel. Ca\u0142o\u015b\u0107 ozdobiona w elelgancki wz\u00f3r z kryszta\u0142k\u00f3w wi\u0119ksze kolorze srebrnym AB. Stroj odpowiedni na pokazy i zawody z akrobatyki.\u00a0 Zalecamy cielista bielizn\u0119 pod Str\u00f3j. &nbsp; Stroj rozmiar 128\/134 Wymiary stroju: (min bez rozciagania-max po rozci\u0105gni\u0119ciu) Obw\u00f3d klatki: 60-70cm Obw\u00f3d talii: 54-62m Obw\u00f3d bioder: 63-76cm [&hellip;]<\/p>\n","protected":false},"featured_media":4610,"comment_status":"open","ping_status":"closed","template":"","meta":{"_monsterinsights_skip_tracking":false,"_monsterinsights_sitenote_active":false,"_monsterinsights_sitenote_note":"","_monsterinsights_sitenote_category":0,"site-sidebar-layout":"default","site-content-layout":"","ast-site-content-layout":"default","site-content-style":"default","site-sidebar-style":"default","ast-global-header-display":"","ast-banner-title-visibility":"","ast-main-header-display":"","ast-hfb-above-header-display":"","ast-hfb-below-header-display":"","ast-hfb-mobile-header-display":"","site-post-title":"","ast-breadcrumbs-content":"","ast-featured-img":"","footer-sml-layout":"","theme-transparent-header-meta":"default","adv-header-id-meta":"","stick-header-meta":"","header-above-stick-meta":"","header-main-stick-meta":"","header-below-stick-meta":"","astra-migrate-meta-layouts":"set","ast-page-background-enabled":"default","ast-page-background-meta":{"desktop":{"background-color":"","background-image":"","background-repeat":"repeat","background-position":"center center","background-size":"auto","background-attachment":"scroll","background-type":"","background-media":"","overlay-type":"","overlay-color":"","overlay-opacity":"","overlay-gradient":""},"tablet":{"background-color":"","background-image":"","background-repeat":"repeat","background-position":"center center","background-size":"auto","background-attachment":"scroll","background-type":"","background-media":"","overlay-type":"","overlay-color":"","overlay-opacity":"","overlay-gradient":""},"mobile":{"background-color":"","background-image":"","background-repeat":"repeat","background-position":"center center","background-size":"auto","background-attachment":"scroll","background-type":"","background-media":"","overlay-type":"","overlay-color":"","overlay-opacity":"","overlay-gradient":""}},"ast-content-background-meta":{"desktop":{"background-color":"var(--ast-global-color-5)","background-image":"","background-repeat":"repeat","background-position":"center center","background-size":"auto","background-attachment":"scroll","background-type":"","background-media":"","overlay-type":"","overlay-color":"","overlay-opacity":"","overlay-gradient":""},"tablet":{"background-color":"var(--ast-global-color-5)","background-image":"","background-repeat":"repeat","background-position":"center center","background-size":"auto","background-attachment":"scroll","background-type":"","background-media":"","overlay-type":"","overlay-color":"","overlay-opacity":"","overlay-gradient":""},"mobile":{"background-color":"var(--ast-global-color-5)","background-image":"","background-repeat":"repeat","background-position":"center center","background-size":"auto","background-attachment":"scroll","background-type":"","background-media":"","overlay-type":"","overlay-color":"","overlay-opacity":"","overlay-gradient":""}}},"product_brand":[],"product_cat":[118,119,26],"product_tag":[],"class_list":{"0":"post-4609","1":"product","2":"type-product","3":"status-publish","4":"has-post-thumbnail","6":"product_cat-aerial-hoop","7":"product_cat-aerial-silk","8":"product_cat-akrobatyka-powietrzna","9":"desktop-align-left","10":"tablet-align-left","11":"mobile-align-left","13":"first","14":"outofstock","15":"taxable","16":"shipping-taxable","17":"purchasable","18":"product-type-simple"},"yoast_head":"<!-- This site is optimized with the Yoast SEO plugin v27.0 - https:\/\/yoast.com\/product\/yoast-seo-wordpress\/ -->\n<title>Kombinezon Akrobatyczny Angel 128\/134 - AerialCostumes<\/title>\n<meta name=\"robots\" content=\"index, follow, max-snippet:-1, max-image-preview:large, max-video-preview:-1\" \/>\n<link rel=\"canonical\" href=\"https:\/\/www.aerialcostumes.pl\/en\/product\/kombinezon-akrobatyczny-angel-128-134\/\" \/>\n<meta property=\"og:locale\" content=\"en_GB\" \/>\n<meta property=\"og:type\" content=\"article\" \/>\n<meta property=\"og:title\" content=\"Kombinezon Akrobatyczny Angel 128\/134 - AerialCostumes\" \/>\n<meta property=\"og:description\" content=\"Stroj do Akrobatyki Powietrznej w kolorze \u015bmietankowy, bardzo jasne ecru\/z\u0142amana Biel. Ca\u0142o\u015b\u0107 ozdobiona w elelgancki wz\u00f3r z kryszta\u0142k\u00f3w wi\u0119ksze kolorze srebrnym AB. Stroj odpowiedni na pokazy i zawody z akrobatyki.\u00a0 Zalecamy cielista bielizn\u0119 pod Str\u00f3j. &nbsp; Stroj rozmiar 128\/134 Wymiary stroju: (min bez rozciagania-max po rozci\u0105gni\u0119ciu) Obw\u00f3d klatki: 60-70cm Obw\u00f3d talii: 54-62m Obw\u00f3d bioder: 63-76cm [&hellip;]\" \/>\n<meta property=\"og:url\" content=\"https:\/\/www.aerialcostumes.pl\/en\/product\/kombinezon-akrobatyczny-angel-128-134\/\" \/>\n<meta property=\"og:site_name\" content=\"AerialCostumes\" \/>\n<meta property=\"article:publisher\" content=\"https:\/\/www.facebook.com\/aerialcostumespl\" \/>\n<meta property=\"article:modified_time\" content=\"2026-04-23T15:22:09+00:00\" \/>\n<meta property=\"og:image\" content=\"https:\/\/www.aerialcostumes.pl\/wp-content\/uploads\/2025\/03\/Photoroom-20250303_124613_16.png\" \/>\n\t<meta property=\"og:image:width\" content=\"1500\" \/>\n\t<meta property=\"og:image:height\" content=\"2000\" \/>\n\t<meta property=\"og:image:type\" content=\"image\/png\" \/>\n<meta name=\"twitter:card\" content=\"summary_large_image\" \/>\n<meta name=\"twitter:label1\" content=\"Estimated reading time\" \/>\n\t<meta name=\"twitter:data1\" content=\"1 minute\" \/>\n<script type=\"application\/ld+json\" class=\"yoast-schema-graph\">{\"@context\":\"https:\/\/schema.org\",\"@graph\":[{\"@type\":\"WebPage\",\"@id\":\"https:\/\/www.aerialcostumes.pl\/produkt\/kombinezon-akrobatyczny-angel-128-134\/\",\"url\":\"https:\/\/www.aerialcostumes.pl\/produkt\/kombinezon-akrobatyczny-angel-128-134\/\",\"name\":\"Kombinezon Akrobatyczny Angel 128\/134 - AerialCostumes\",\"isPartOf\":{\"@id\":\"https:\/\/www.aerialcostumes.pl\/#website\"},\"primaryImageOfPage\":{\"@id\":\"https:\/\/www.aerialcostumes.pl\/produkt\/kombinezon-akrobatyczny-angel-128-134\/#primaryimage\"},\"image\":{\"@id\":\"https:\/\/www.aerialcostumes.pl\/produkt\/kombinezon-akrobatyczny-angel-128-134\/#primaryimage\"},\"thumbnailUrl\":\"https:\/\/www.aerialcostumes.pl\/wp-content\/uploads\/2025\/03\/Photoroom-20250303_124613_16.png\",\"datePublished\":\"2025-03-03T12:07:31+00:00\",\"dateModified\":\"2026-04-23T15:22:09+00:00\",\"breadcrumb\":{\"@id\":\"https:\/\/www.aerialcostumes.pl\/produkt\/kombinezon-akrobatyczny-angel-128-134\/#breadcrumb\"},\"inLanguage\":\"en-GB\",\"potentialAction\":[{\"@type\":\"ReadAction\",\"target\":[\"https:\/\/www.aerialcostumes.pl\/produkt\/kombinezon-akrobatyczny-angel-128-134\/\"]}]},{\"@type\":\"ImageObject\",\"inLanguage\":\"en-GB\",\"@id\":\"https:\/\/www.aerialcostumes.pl\/produkt\/kombinezon-akrobatyczny-angel-128-134\/#primaryimage\",\"url\":\"https:\/\/www.aerialcostumes.pl\/wp-content\/uploads\/2025\/03\/Photoroom-20250303_124613_16.png\",\"contentUrl\":\"https:\/\/www.aerialcostumes.pl\/wp-content\/uploads\/2025\/03\/Photoroom-20250303_124613_16.png\",\"width\":1500,\"height\":2000},{\"@type\":\"BreadcrumbList\",\"@id\":\"https:\/\/www.aerialcostumes.pl\/produkt\/kombinezon-akrobatyczny-angel-128-134\/#breadcrumb\",\"itemListElement\":[{\"@type\":\"ListItem\",\"position\":1,\"name\":\"Strona g\u0142\u00f3wna\",\"item\":\"https:\/\/www.aerialcostumes.pl\/en\/home\/\"},{\"@type\":\"ListItem\",\"position\":2,\"name\":\"Sklep\",\"item\":\"https:\/\/www.aerialcostumes.pl\/sklep\/\"},{\"@type\":\"ListItem\",\"position\":3,\"name\":\"Kombinezon Akrobatyczny Angel 128\/134\"}]},{\"@type\":\"WebSite\",\"@id\":\"https:\/\/www.aerialcostumes.pl\/#website\",\"url\":\"https:\/\/www.aerialcostumes.pl\/\",\"name\":\"AerialCostumes\",\"description\":\"Producent Odzie\u017cy\",\"publisher\":{\"@id\":\"https:\/\/www.aerialcostumes.pl\/#\/schema\/person\/58c48f20a11b7035c78d5319e55d791c\"},\"potentialAction\":[{\"@type\":\"SearchAction\",\"target\":{\"@type\":\"EntryPoint\",\"urlTemplate\":\"https:\/\/www.aerialcostumes.pl\/?s={search_term_string}\"},\"query-input\":{\"@type\":\"PropertyValueSpecification\",\"valueRequired\":true,\"valueName\":\"search_term_string\"}}],\"inLanguage\":\"en-GB\"},{\"@type\":[\"Person\",\"Organization\"],\"@id\":\"https:\/\/www.aerialcostumes.pl\/#\/schema\/person\/58c48f20a11b7035c78d5319e55d791c\",\"name\":\"aerialcostumes\",\"image\":{\"@type\":\"ImageObject\",\"inLanguage\":\"en-GB\",\"@id\":\"https:\/\/www.aerialcostumes.pl\/#\/schema\/person\/image\/\",\"url\":\"https:\/\/www.aerialcostumes.pl\/wp-content\/uploads\/2020\/10\/cropped-logo-1-1.jpg\",\"contentUrl\":\"https:\/\/www.aerialcostumes.pl\/wp-content\/uploads\/2020\/10\/cropped-logo-1-1.jpg\",\"width\":750,\"height\":590,\"caption\":\"aerialcostumes\"},\"logo\":{\"@id\":\"https:\/\/www.aerialcostumes.pl\/#\/schema\/person\/image\/\"},\"sameAs\":[\"https:\/\/www.aerialcostumes.pl\",\"https:\/\/www.facebook.com\/aerialcostumespl\",\"https:\/\/instagram.com\/aerialcostumes.pl?igshid=OGQ5ZDc2ODk2ZA==\"]}]}<\/script>\n<!-- \/ Yoast SEO plugin. -->","yoast_head_json":{"title":"Kombinezon Akrobatyczny Angel 128\/134 - AerialCostumes","robots":{"index":"index","follow":"follow","max-snippet":"max-snippet:-1","max-image-preview":"max-image-preview:large","max-video-preview":"max-video-preview:-1"},"canonical":"https:\/\/www.aerialcostumes.pl\/en\/product\/kombinezon-akrobatyczny-angel-128-134\/","og_locale":"en_GB","og_type":"article","og_title":"Kombinezon Akrobatyczny Angel 128\/134 - AerialCostumes","og_description":"Stroj do Akrobatyki Powietrznej w kolorze \u015bmietankowy, bardzo jasne ecru\/z\u0142amana Biel. Ca\u0142o\u015b\u0107 ozdobiona w elelgancki wz\u00f3r z kryszta\u0142k\u00f3w wi\u0119ksze kolorze srebrnym AB. Stroj odpowiedni na pokazy i zawody z akrobatyki.\u00a0 Zalecamy cielista bielizn\u0119 pod Str\u00f3j. &nbsp; Stroj rozmiar 128\/134 Wymiary stroju: (min bez rozciagania-max po rozci\u0105gni\u0119ciu) Obw\u00f3d klatki: 60-70cm Obw\u00f3d talii: 54-62m Obw\u00f3d bioder: 63-76cm [&hellip;]","og_url":"https:\/\/www.aerialcostumes.pl\/en\/product\/kombinezon-akrobatyczny-angel-128-134\/","og_site_name":"AerialCostumes","article_publisher":"https:\/\/www.facebook.com\/aerialcostumespl","article_modified_time":"2026-04-23T15:22:09+00:00","og_image":[{"width":1500,"height":2000,"url":"https:\/\/www.aerialcostumes.pl\/wp-content\/uploads\/2025\/03\/Photoroom-20250303_124613_16.png","type":"image\/png"}],"twitter_card":"summary_large_image","twitter_misc":{"Estimated reading time":"1 minute"},"schema":{"@context":"https:\/\/schema.org","@graph":[{"@type":"WebPage","@id":"https:\/\/www.aerialcostumes.pl\/produkt\/kombinezon-akrobatyczny-angel-128-134\/","url":"https:\/\/www.aerialcostumes.pl\/produkt\/kombinezon-akrobatyczny-angel-128-134\/","name":"Kombinezon Akrobatyczny Angel 128\/134 - AerialCostumes","isPartOf":{"@id":"https:\/\/www.aerialcostumes.pl\/#website"},"primaryImageOfPage":{"@id":"https:\/\/www.aerialcostumes.pl\/produkt\/kombinezon-akrobatyczny-angel-128-134\/#primaryimage"},"image":{"@id":"https:\/\/www.aerialcostumes.pl\/produkt\/kombinezon-akrobatyczny-angel-128-134\/#primaryimage"},"thumbnailUrl":"https:\/\/www.aerialcostumes.pl\/wp-content\/uploads\/2025\/03\/Photoroom-20250303_124613_16.png","datePublished":"2025-03-03T12:07:31+00:00","dateModified":"2026-04-23T15:22:09+00:00","breadcrumb":{"@id":"https:\/\/www.aerialcostumes.pl\/produkt\/kombinezon-akrobatyczny-angel-128-134\/#breadcrumb"},"inLanguage":"en-GB","potentialAction":[{"@type":"ReadAction","target":["https:\/\/www.aerialcostumes.pl\/produkt\/kombinezon-akrobatyczny-angel-128-134\/"]}]},{"@type":"ImageObject","inLanguage":"en-GB","@id":"https:\/\/www.aerialcostumes.pl\/produkt\/kombinezon-akrobatyczny-angel-128-134\/#primaryimage","url":"https:\/\/www.aerialcostumes.pl\/wp-content\/uploads\/2025\/03\/Photoroom-20250303_124613_16.png","contentUrl":"https:\/\/www.aerialcostumes.pl\/wp-content\/uploads\/2025\/03\/Photoroom-20250303_124613_16.png","width":1500,"height":2000},{"@type":"BreadcrumbList","@id":"https:\/\/www.aerialcostumes.pl\/produkt\/kombinezon-akrobatyczny-angel-128-134\/#breadcrumb","itemListElement":[{"@type":"ListItem","position":1,"name":"Strona g\u0142\u00f3wna","item":"https:\/\/www.aerialcostumes.pl\/en\/home\/"},{"@type":"ListItem","position":2,"name":"Sklep","item":"https:\/\/www.aerialcostumes.pl\/sklep\/"},{"@type":"ListItem","position":3,"name":"Kombinezon Akrobatyczny Angel 128\/134"}]},{"@type":"WebSite","@id":"https:\/\/www.aerialcostumes.pl\/#website","url":"https:\/\/www.aerialcostumes.pl\/","name":"AerialCostumes","description":"Clothes producer","publisher":{"@id":"https:\/\/www.aerialcostumes.pl\/#\/schema\/person\/58c48f20a11b7035c78d5319e55d791c"},"potentialAction":[{"@type":"SearchAction","target":{"@type":"EntryPoint","urlTemplate":"https:\/\/www.aerialcostumes.pl\/?s={search_term_string}"},"query-input":{"@type":"PropertyValueSpecification","valueRequired":true,"valueName":"search_term_string"}}],"inLanguage":"en-GB"},{"@type":["Person","Organization"],"@id":"https:\/\/www.aerialcostumes.pl\/#\/schema\/person\/58c48f20a11b7035c78d5319e55d791c","name":"aerialcostumes","image":{"@type":"ImageObject","inLanguage":"en-GB","@id":"https:\/\/www.aerialcostumes.pl\/#\/schema\/person\/image\/","url":"https:\/\/www.aerialcostumes.pl\/wp-content\/uploads\/2020\/10\/cropped-logo-1-1.jpg","contentUrl":"https:\/\/www.aerialcostumes.pl\/wp-content\/uploads\/2020\/10\/cropped-logo-1-1.jpg","width":750,"height":590,"caption":"aerialcostumes"},"logo":{"@id":"https:\/\/www.aerialcostumes.pl\/#\/schema\/person\/image\/"},"sameAs":["https:\/\/www.aerialcostumes.pl","https:\/\/www.facebook.com\/aerialcostumespl","https:\/\/instagram.com\/aerialcostumes.pl?igshid=OGQ5ZDc2ODk2ZA=="]}]}},"_links":{"self":[{"href":"https:\/\/www.aerialcostumes.pl\/en\/wp-json\/wp\/v2\/product\/4609","targetHints":{"allow":["GET"]}}],"collection":[{"href":"https:\/\/www.aerialcostumes.pl\/en\/wp-json\/wp\/v2\/product"}],"about":[{"href":"https:\/\/www.aerialcostumes.pl\/en\/wp-json\/wp\/v2\/types\/product"}],"replies":[{"embeddable":true,"href":"https:\/\/www.aerialcostumes.pl\/en\/wp-json\/wp\/v2\/comments?post=4609"}],"version-history":[{"count":1,"href":"https:\/\/www.aerialcostumes.pl\/en\/wp-json\/wp\/v2\/product\/4609\/revisions"}],"predecessor-version":[{"id":4616,"href":"https:\/\/www.aerialcostumes.pl\/en\/wp-json\/wp\/v2\/product\/4609\/revisions\/4616"}],"wp:featuredmedia":[{"embeddable":true,"href":"https:\/\/www.aerialcostumes.pl\/en\/wp-json\/wp\/v2\/media\/4610"}],"wp:attachment":[{"href":"https:\/\/www.aerialcostumes.pl\/en\/wp-json\/wp\/v2\/media?parent=4609"}],"wp:term":[{"taxonomy":"product_brand","embeddable":true,"href":"https:\/\/www.aerialcostumes.pl\/en\/wp-json\/wp\/v2\/product_brand?post=4609"},{"taxonomy":"product_cat","embeddable":true,"href":"https:\/\/www.aerialcostumes.pl\/en\/wp-json\/wp\/v2\/product_cat?post=4609"},{"taxonomy":"product_tag","embeddable":true,"href":"https:\/\/www.aerialcostumes.pl\/en\/wp-json\/wp\/v2\/product_tag?post=4609"}],"curies":[{"name":"wp","href":"https:\/\/api.w.org\/{rel}","templated":true}]}}