{"id":4512,"date":"2024-08-13T14:25:45","date_gmt":"2024-08-13T12:25:45","guid":{"rendered":"https:\/\/www.aerialcostumes.pl\/?post_type=product&#038;p=4512"},"modified":"2024-08-13T14:25:45","modified_gmt":"2024-08-13T12:25:45","slug":"spodnie-do-tanca-z-szyfonu-orange-crystals-xs-s-m","status":"publish","type":"product","link":"https:\/\/www.aerialcostumes.pl\/en\/product\/spodnie-do-tanca-z-szyfonu-orange-crystals-xs-s-m\/","title":{"rendered":"Spodnie do Ta\u0144ca z szyfonu Orange Crystals XS\/S\/M"},"content":{"rendered":"<p>Spodnie do Ta\u0144ca wykonane ze zwiewnego szyfonu w kolorze pi\u0119knego\u00a0 pomara\u0144czu. Ozdobione kryszta\u0142kami srebrnymi AB<\/p>\n<p>Spodnie szerokie, na gumce 4cm<\/p>\n<p>Szeroko\u015b\u0107 spodni w pasie: 60cm-80max<\/p>\n<p>Obw\u00f3d w biodrach max 110-120cm<\/p>\n<p>D\u0142ugo\u015b\u0107 nogawkami od kroku:65cm<\/p>\n<p>Wysoko\u015b\u0107 spodni od kroku do gumki: 41cm<\/p>\n<p>Obw\u00f3d spodni u dolu\u00a0 118 cm<\/p>\n<p>Measurements may vary +\/- 1 cm<\/p>","protected":false},"excerpt":{"rendered":"<p>Spodnie do Ta\u0144ca wykonane ze zwiewnego szyfonu w kolorze pi\u0119knego\u00a0 pomara\u0144czu. Ozdobione kryszta\u0142kami srebrnymi AB Spodnie szerokie, na gumce 4cm Szeroko\u015b\u0107 spodni w pasie: 60cm-80max Obw\u00f3d w biodrach max 110-120cm D\u0142ugo\u015b\u0107 nogawkami od kroku:65cm Wysoko\u015b\u0107 spodni od kroku do gumki: 41cm Obw\u00f3d spodni u dolu\u00a0 118 cm Pomiary mog\u0105 si\u0119 r\u00f3\u017cni\u0107 +\/- 1 cm<\/p>","protected":false},"featured_media":4514,"comment_status":"open","ping_status":"closed","template":"","meta":{"_monsterinsights_skip_tracking":false,"_monsterinsights_sitenote_active":false,"_monsterinsights_sitenote_note":"","_monsterinsights_sitenote_category":0,"site-sidebar-layout":"default","site-content-layout":"","ast-site-content-layout":"default","site-content-style":"default","site-sidebar-style":"default","ast-global-header-display":"","ast-banner-title-visibility":"","ast-main-header-display":"","ast-hfb-above-header-display":"","ast-hfb-below-header-display":"","ast-hfb-mobile-header-display":"","site-post-title":"","ast-breadcrumbs-content":"","ast-featured-img":"","footer-sml-layout":"","theme-transparent-header-meta":"default","adv-header-id-meta":"","stick-header-meta":"","header-above-stick-meta":"","header-main-stick-meta":"","header-below-stick-meta":"","astra-migrate-meta-layouts":"set","ast-page-background-enabled":"default","ast-page-background-meta":{"desktop":{"background-color":"","background-image":"","background-repeat":"repeat","background-position":"center center","background-size":"auto","background-attachment":"scroll","background-type":"","background-media":"","overlay-type":"","overlay-color":"","overlay-opacity":"","overlay-gradient":""},"tablet":{"background-color":"","background-image":"","background-repeat":"repeat","background-position":"center center","background-size":"auto","background-attachment":"scroll","background-type":"","background-media":"","overlay-type":"","overlay-color":"","overlay-opacity":"","overlay-gradient":""},"mobile":{"background-color":"","background-image":"","background-repeat":"repeat","background-position":"center center","background-size":"auto","background-attachment":"scroll","background-type":"","background-media":"","overlay-type":"","overlay-color":"","overlay-opacity":"","overlay-gradient":""}},"ast-content-background-meta":{"desktop":{"background-color":"var(--ast-global-color-5)","background-image":"","background-repeat":"repeat","background-position":"center center","background-size":"auto","background-attachment":"scroll","background-type":"","background-media":"","overlay-type":"","overlay-color":"","overlay-opacity":"","overlay-gradient":""},"tablet":{"background-color":"var(--ast-global-color-5)","background-image":"","background-repeat":"repeat","background-position":"center center","background-size":"auto","background-attachment":"scroll","background-type":"","background-media":"","overlay-type":"","overlay-color":"","overlay-opacity":"","overlay-gradient":""},"mobile":{"background-color":"var(--ast-global-color-5)","background-image":"","background-repeat":"repeat","background-position":"center center","background-size":"auto","background-attachment":"scroll","background-type":"","background-media":"","overlay-type":"","overlay-color":"","overlay-opacity":"","overlay-gradient":""}}},"product_brand":[],"product_cat":[88,95],"product_tag":[],"class_list":{"0":"post-4512","1":"product","2":"type-product","3":"status-publish","4":"has-post-thumbnail","6":"product_cat-akrobatyka-sportowa","7":"product_cat-taniec","8":"desktop-align-left","9":"tablet-align-left","10":"mobile-align-left","12":"first","13":"instock","14":"taxable","15":"shipping-taxable","16":"purchasable","17":"product-type-simple"},"yoast_head":"<!-- This site is optimized with the Yoast SEO plugin v27.0 - https:\/\/yoast.com\/product\/yoast-seo-wordpress\/ -->\n<title>Spodnie do Ta\u0144ca z szyfonu Orange Crystals XS\/S\/M - AerialCostumes<\/title>\n<meta name=\"robots\" content=\"index, follow, max-snippet:-1, max-image-preview:large, max-video-preview:-1\" \/>\n<link rel=\"canonical\" href=\"https:\/\/www.aerialcostumes.pl\/en\/product\/spodnie-do-tanca-z-szyfonu-orange-crystals-xs-s-m\/\" \/>\n<meta property=\"og:locale\" content=\"en_GB\" \/>\n<meta property=\"og:type\" content=\"article\" \/>\n<meta property=\"og:title\" content=\"Spodnie do Ta\u0144ca z szyfonu Orange Crystals XS\/S\/M - AerialCostumes\" \/>\n<meta property=\"og:description\" content=\"Spodnie do Ta\u0144ca wykonane ze zwiewnego szyfonu w kolorze pi\u0119knego\u00a0 pomara\u0144czu. Ozdobione kryszta\u0142kami srebrnymi AB Spodnie szerokie, na gumce 4cm Szeroko\u015b\u0107 spodni w pasie: 60cm-80max Obw\u00f3d w biodrach max 110-120cm D\u0142ugo\u015b\u0107 nogawkami od kroku:65cm Wysoko\u015b\u0107 spodni od kroku do gumki: 41cm Obw\u00f3d spodni u dolu\u00a0 118 cm Pomiary mog\u0105 si\u0119 r\u00f3\u017cni\u0107 +\/- 1 cm\" \/>\n<meta property=\"og:url\" content=\"https:\/\/www.aerialcostumes.pl\/en\/product\/spodnie-do-tanca-z-szyfonu-orange-crystals-xs-s-m\/\" \/>\n<meta property=\"og:site_name\" content=\"AerialCostumes\" \/>\n<meta property=\"article:publisher\" content=\"https:\/\/www.facebook.com\/aerialcostumespl\" \/>\n<meta property=\"og:image\" content=\"https:\/\/www.aerialcostumes.pl\/wp-content\/uploads\/2024\/08\/Photoroom-20240813_142051_2.png\" \/>\n\t<meta property=\"og:image:width\" content=\"934\" \/>\n\t<meta property=\"og:image:height\" content=\"2000\" \/>\n\t<meta property=\"og:image:type\" content=\"image\/png\" \/>\n<meta name=\"twitter:card\" content=\"summary_large_image\" \/>\n<meta name=\"twitter:label1\" content=\"Estimated reading time\" \/>\n\t<meta name=\"twitter:data1\" content=\"1 minute\" \/>\n<script type=\"application\/ld+json\" class=\"yoast-schema-graph\">{\"@context\":\"https:\/\/schema.org\",\"@graph\":[{\"@type\":\"WebPage\",\"@id\":\"https:\/\/www.aerialcostumes.pl\/produkt\/spodnie-do-tanca-z-szyfonu-orange-crystals-xs-s-m\/\",\"url\":\"https:\/\/www.aerialcostumes.pl\/produkt\/spodnie-do-tanca-z-szyfonu-orange-crystals-xs-s-m\/\",\"name\":\"Spodnie do Ta\u0144ca z szyfonu Orange Crystals XS\/S\/M - AerialCostumes\",\"isPartOf\":{\"@id\":\"https:\/\/www.aerialcostumes.pl\/#website\"},\"primaryImageOfPage\":{\"@id\":\"https:\/\/www.aerialcostumes.pl\/produkt\/spodnie-do-tanca-z-szyfonu-orange-crystals-xs-s-m\/#primaryimage\"},\"image\":{\"@id\":\"https:\/\/www.aerialcostumes.pl\/produkt\/spodnie-do-tanca-z-szyfonu-orange-crystals-xs-s-m\/#primaryimage\"},\"thumbnailUrl\":\"https:\/\/www.aerialcostumes.pl\/wp-content\/uploads\/2024\/08\/Photoroom-20240813_142051_2.png\",\"datePublished\":\"2024-08-13T12:25:45+00:00\",\"breadcrumb\":{\"@id\":\"https:\/\/www.aerialcostumes.pl\/produkt\/spodnie-do-tanca-z-szyfonu-orange-crystals-xs-s-m\/#breadcrumb\"},\"inLanguage\":\"en-GB\",\"potentialAction\":[{\"@type\":\"ReadAction\",\"target\":[\"https:\/\/www.aerialcostumes.pl\/produkt\/spodnie-do-tanca-z-szyfonu-orange-crystals-xs-s-m\/\"]}]},{\"@type\":\"ImageObject\",\"inLanguage\":\"en-GB\",\"@id\":\"https:\/\/www.aerialcostumes.pl\/produkt\/spodnie-do-tanca-z-szyfonu-orange-crystals-xs-s-m\/#primaryimage\",\"url\":\"https:\/\/www.aerialcostumes.pl\/wp-content\/uploads\/2024\/08\/Photoroom-20240813_142051_2.png\",\"contentUrl\":\"https:\/\/www.aerialcostumes.pl\/wp-content\/uploads\/2024\/08\/Photoroom-20240813_142051_2.png\",\"width\":934,\"height\":2000},{\"@type\":\"BreadcrumbList\",\"@id\":\"https:\/\/www.aerialcostumes.pl\/produkt\/spodnie-do-tanca-z-szyfonu-orange-crystals-xs-s-m\/#breadcrumb\",\"itemListElement\":[{\"@type\":\"ListItem\",\"position\":1,\"name\":\"Strona g\u0142\u00f3wna\",\"item\":\"https:\/\/www.aerialcostumes.pl\/en\/home\/\"},{\"@type\":\"ListItem\",\"position\":2,\"name\":\"Sklep\",\"item\":\"https:\/\/www.aerialcostumes.pl\/sklep\/\"},{\"@type\":\"ListItem\",\"position\":3,\"name\":\"Spodnie do Ta\u0144ca z szyfonu Orange Crystals XS\/S\/M\"}]},{\"@type\":\"WebSite\",\"@id\":\"https:\/\/www.aerialcostumes.pl\/#website\",\"url\":\"https:\/\/www.aerialcostumes.pl\/\",\"name\":\"AerialCostumes\",\"description\":\"Producent Odzie\u017cy\",\"publisher\":{\"@id\":\"https:\/\/www.aerialcostumes.pl\/#\/schema\/person\/58c48f20a11b7035c78d5319e55d791c\"},\"potentialAction\":[{\"@type\":\"SearchAction\",\"target\":{\"@type\":\"EntryPoint\",\"urlTemplate\":\"https:\/\/www.aerialcostumes.pl\/?s={search_term_string}\"},\"query-input\":{\"@type\":\"PropertyValueSpecification\",\"valueRequired\":true,\"valueName\":\"search_term_string\"}}],\"inLanguage\":\"en-GB\"},{\"@type\":[\"Person\",\"Organization\"],\"@id\":\"https:\/\/www.aerialcostumes.pl\/#\/schema\/person\/58c48f20a11b7035c78d5319e55d791c\",\"name\":\"aerialcostumes\",\"image\":{\"@type\":\"ImageObject\",\"inLanguage\":\"en-GB\",\"@id\":\"https:\/\/www.aerialcostumes.pl\/#\/schema\/person\/image\/\",\"url\":\"https:\/\/www.aerialcostumes.pl\/wp-content\/uploads\/2020\/10\/cropped-logo-1-1.jpg\",\"contentUrl\":\"https:\/\/www.aerialcostumes.pl\/wp-content\/uploads\/2020\/10\/cropped-logo-1-1.jpg\",\"width\":750,\"height\":590,\"caption\":\"aerialcostumes\"},\"logo\":{\"@id\":\"https:\/\/www.aerialcostumes.pl\/#\/schema\/person\/image\/\"},\"sameAs\":[\"https:\/\/www.aerialcostumes.pl\",\"https:\/\/www.facebook.com\/aerialcostumespl\",\"https:\/\/instagram.com\/aerialcostumes.pl?igshid=OGQ5ZDc2ODk2ZA==\"]}]}<\/script>\n<!-- \/ Yoast SEO plugin. -->","yoast_head_json":{"title":"Spodnie do Ta\u0144ca z szyfonu Orange Crystals XS\/S\/M - AerialCostumes","robots":{"index":"index","follow":"follow","max-snippet":"max-snippet:-1","max-image-preview":"max-image-preview:large","max-video-preview":"max-video-preview:-1"},"canonical":"https:\/\/www.aerialcostumes.pl\/en\/product\/spodnie-do-tanca-z-szyfonu-orange-crystals-xs-s-m\/","og_locale":"en_GB","og_type":"article","og_title":"Spodnie do Ta\u0144ca z szyfonu Orange Crystals XS\/S\/M - AerialCostumes","og_description":"Spodnie do Ta\u0144ca wykonane ze zwiewnego szyfonu w kolorze pi\u0119knego\u00a0 pomara\u0144czu. Ozdobione kryszta\u0142kami srebrnymi AB Spodnie szerokie, na gumce 4cm Szeroko\u015b\u0107 spodni w pasie: 60cm-80max Obw\u00f3d w biodrach max 110-120cm D\u0142ugo\u015b\u0107 nogawkami od kroku:65cm Wysoko\u015b\u0107 spodni od kroku do gumki: 41cm Obw\u00f3d spodni u dolu\u00a0 118 cm Pomiary mog\u0105 si\u0119 r\u00f3\u017cni\u0107 +\/- 1 cm","og_url":"https:\/\/www.aerialcostumes.pl\/en\/product\/spodnie-do-tanca-z-szyfonu-orange-crystals-xs-s-m\/","og_site_name":"AerialCostumes","article_publisher":"https:\/\/www.facebook.com\/aerialcostumespl","og_image":[{"width":934,"height":2000,"url":"https:\/\/www.aerialcostumes.pl\/wp-content\/uploads\/2024\/08\/Photoroom-20240813_142051_2.png","type":"image\/png"}],"twitter_card":"summary_large_image","twitter_misc":{"Estimated reading time":"1 minute"},"schema":{"@context":"https:\/\/schema.org","@graph":[{"@type":"WebPage","@id":"https:\/\/www.aerialcostumes.pl\/produkt\/spodnie-do-tanca-z-szyfonu-orange-crystals-xs-s-m\/","url":"https:\/\/www.aerialcostumes.pl\/produkt\/spodnie-do-tanca-z-szyfonu-orange-crystals-xs-s-m\/","name":"Spodnie do Ta\u0144ca z szyfonu Orange Crystals XS\/S\/M - AerialCostumes","isPartOf":{"@id":"https:\/\/www.aerialcostumes.pl\/#website"},"primaryImageOfPage":{"@id":"https:\/\/www.aerialcostumes.pl\/produkt\/spodnie-do-tanca-z-szyfonu-orange-crystals-xs-s-m\/#primaryimage"},"image":{"@id":"https:\/\/www.aerialcostumes.pl\/produkt\/spodnie-do-tanca-z-szyfonu-orange-crystals-xs-s-m\/#primaryimage"},"thumbnailUrl":"https:\/\/www.aerialcostumes.pl\/wp-content\/uploads\/2024\/08\/Photoroom-20240813_142051_2.png","datePublished":"2024-08-13T12:25:45+00:00","breadcrumb":{"@id":"https:\/\/www.aerialcostumes.pl\/produkt\/spodnie-do-tanca-z-szyfonu-orange-crystals-xs-s-m\/#breadcrumb"},"inLanguage":"en-GB","potentialAction":[{"@type":"ReadAction","target":["https:\/\/www.aerialcostumes.pl\/produkt\/spodnie-do-tanca-z-szyfonu-orange-crystals-xs-s-m\/"]}]},{"@type":"ImageObject","inLanguage":"en-GB","@id":"https:\/\/www.aerialcostumes.pl\/produkt\/spodnie-do-tanca-z-szyfonu-orange-crystals-xs-s-m\/#primaryimage","url":"https:\/\/www.aerialcostumes.pl\/wp-content\/uploads\/2024\/08\/Photoroom-20240813_142051_2.png","contentUrl":"https:\/\/www.aerialcostumes.pl\/wp-content\/uploads\/2024\/08\/Photoroom-20240813_142051_2.png","width":934,"height":2000},{"@type":"BreadcrumbList","@id":"https:\/\/www.aerialcostumes.pl\/produkt\/spodnie-do-tanca-z-szyfonu-orange-crystals-xs-s-m\/#breadcrumb","itemListElement":[{"@type":"ListItem","position":1,"name":"Strona g\u0142\u00f3wna","item":"https:\/\/www.aerialcostumes.pl\/en\/home\/"},{"@type":"ListItem","position":2,"name":"Sklep","item":"https:\/\/www.aerialcostumes.pl\/sklep\/"},{"@type":"ListItem","position":3,"name":"Spodnie do Ta\u0144ca z szyfonu Orange Crystals XS\/S\/M"}]},{"@type":"WebSite","@id":"https:\/\/www.aerialcostumes.pl\/#website","url":"https:\/\/www.aerialcostumes.pl\/","name":"AerialCostumes","description":"Clothes producer","publisher":{"@id":"https:\/\/www.aerialcostumes.pl\/#\/schema\/person\/58c48f20a11b7035c78d5319e55d791c"},"potentialAction":[{"@type":"SearchAction","target":{"@type":"EntryPoint","urlTemplate":"https:\/\/www.aerialcostumes.pl\/?s={search_term_string}"},"query-input":{"@type":"PropertyValueSpecification","valueRequired":true,"valueName":"search_term_string"}}],"inLanguage":"en-GB"},{"@type":["Person","Organization"],"@id":"https:\/\/www.aerialcostumes.pl\/#\/schema\/person\/58c48f20a11b7035c78d5319e55d791c","name":"aerialcostumes","image":{"@type":"ImageObject","inLanguage":"en-GB","@id":"https:\/\/www.aerialcostumes.pl\/#\/schema\/person\/image\/","url":"https:\/\/www.aerialcostumes.pl\/wp-content\/uploads\/2020\/10\/cropped-logo-1-1.jpg","contentUrl":"https:\/\/www.aerialcostumes.pl\/wp-content\/uploads\/2020\/10\/cropped-logo-1-1.jpg","width":750,"height":590,"caption":"aerialcostumes"},"logo":{"@id":"https:\/\/www.aerialcostumes.pl\/#\/schema\/person\/image\/"},"sameAs":["https:\/\/www.aerialcostumes.pl","https:\/\/www.facebook.com\/aerialcostumespl","https:\/\/instagram.com\/aerialcostumes.pl?igshid=OGQ5ZDc2ODk2ZA=="]}]}},"_links":{"self":[{"href":"https:\/\/www.aerialcostumes.pl\/en\/wp-json\/wp\/v2\/product\/4512","targetHints":{"allow":["GET"]}}],"collection":[{"href":"https:\/\/www.aerialcostumes.pl\/en\/wp-json\/wp\/v2\/product"}],"about":[{"href":"https:\/\/www.aerialcostumes.pl\/en\/wp-json\/wp\/v2\/types\/product"}],"replies":[{"embeddable":true,"href":"https:\/\/www.aerialcostumes.pl\/en\/wp-json\/wp\/v2\/comments?post=4512"}],"version-history":[{"count":1,"href":"https:\/\/www.aerialcostumes.pl\/en\/wp-json\/wp\/v2\/product\/4512\/revisions"}],"predecessor-version":[{"id":4519,"href":"https:\/\/www.aerialcostumes.pl\/en\/wp-json\/wp\/v2\/product\/4512\/revisions\/4519"}],"wp:featuredmedia":[{"embeddable":true,"href":"https:\/\/www.aerialcostumes.pl\/en\/wp-json\/wp\/v2\/media\/4514"}],"wp:attachment":[{"href":"https:\/\/www.aerialcostumes.pl\/en\/wp-json\/wp\/v2\/media?parent=4512"}],"wp:term":[{"taxonomy":"product_brand","embeddable":true,"href":"https:\/\/www.aerialcostumes.pl\/en\/wp-json\/wp\/v2\/product_brand?post=4512"},{"taxonomy":"product_cat","embeddable":true,"href":"https:\/\/www.aerialcostumes.pl\/en\/wp-json\/wp\/v2\/product_cat?post=4512"},{"taxonomy":"product_tag","embeddable":true,"href":"https:\/\/www.aerialcostumes.pl\/en\/wp-json\/wp\/v2\/product_tag?post=4512"}],"curies":[{"name":"wp","href":"https:\/\/api.w.org\/{rel}","templated":true}]}}