{"id":4326,"date":"2024-04-14T23:28:47","date_gmt":"2024-04-14T21:28:47","guid":{"rendered":"https:\/\/www.aerialcostumes.pl\/?post_type=product&#038;p=4326"},"modified":"2024-07-03T11:51:09","modified_gmt":"2024-07-03T09:51:09","slug":"kombinezon-akrobatyczny-elegant-red-152-158","status":"publish","type":"product","link":"https:\/\/www.aerialcostumes.pl\/en\/product\/kombinezon-akrobatyczny-elegant-red-152-158\/","title":{"rendered":"Acrobatic suit Elegant Red 152\/158"},"content":{"rendered":"<p>Outfit size 152\/158<\/p>\n<p>Outfit dimensions: (min without stretching - max after stretching)<\/p>\n<p>Chest circumference: 74-92 cm<\/p>\n<p>Waist circumference: 62-72cm<\/p>\n<p>Hip circumference: 78-96 cm<\/p>\n<p>Thigh circumference at the top: 38-52cm<\/p>\n<p>Arm circumference at the top: 22-29cm<\/p>\n<p>Wrist circumference: 15-20cm<\/p>\n<p>Length from shoulder to wrist: 52cm<\/p>\n<p>Length from shoulder to crotch: 62 cm<\/p>\n<p>Length of legs from crotch: 66cm<\/p>\n<p>Length from shoulder to ankle: 123cm<\/p>\n<p>Back fastened with a covered zipper<\/p>\n<p>Stand-up collar height: 4 cm<\/p>\n<p>Material 100% Lycra glossy<\/p>\n<p>Measurements may vary +\/- 1 cm<\/p>","protected":false},"excerpt":{"rendered":"<p>Acrobatic suit made of red Lycra. Decorated with silver AB and black and dark silver crystals arranged in an elegant and timeless pattern! The perfect suit for shows and acrobatic competitions!<\/p>","protected":false},"featured_media":4335,"comment_status":"open","ping_status":"closed","template":"","meta":{"_monsterinsights_skip_tracking":false,"_monsterinsights_sitenote_active":false,"_monsterinsights_sitenote_note":"","_monsterinsights_sitenote_category":0,"site-sidebar-layout":"default","site-content-layout":"","ast-site-content-layout":"default","site-content-style":"default","site-sidebar-style":"default","ast-global-header-display":"","ast-banner-title-visibility":"","ast-main-header-display":"","ast-hfb-above-header-display":"","ast-hfb-below-header-display":"","ast-hfb-mobile-header-display":"","site-post-title":"","ast-breadcrumbs-content":"","ast-featured-img":"","footer-sml-layout":"","theme-transparent-header-meta":"default","adv-header-id-meta":"","stick-header-meta":"","header-above-stick-meta":"","header-main-stick-meta":"","header-below-stick-meta":"","astra-migrate-meta-layouts":"set","ast-page-background-enabled":"default","ast-page-background-meta":{"desktop":{"background-color":"","background-image":"","background-repeat":"repeat","background-position":"center center","background-size":"auto","background-attachment":"scroll","background-type":"","background-media":"","overlay-type":"","overlay-color":"","overlay-opacity":"","overlay-gradient":""},"tablet":{"background-color":"","background-image":"","background-repeat":"repeat","background-position":"center center","background-size":"auto","background-attachment":"scroll","background-type":"","background-media":"","overlay-type":"","overlay-color":"","overlay-opacity":"","overlay-gradient":""},"mobile":{"background-color":"","background-image":"","background-repeat":"repeat","background-position":"center center","background-size":"auto","background-attachment":"scroll","background-type":"","background-media":"","overlay-type":"","overlay-color":"","overlay-opacity":"","overlay-gradient":""}},"ast-content-background-meta":{"desktop":{"background-color":"var(--ast-global-color-5)","background-image":"","background-repeat":"repeat","background-position":"center center","background-size":"auto","background-attachment":"scroll","background-type":"","background-media":"","overlay-type":"","overlay-color":"","overlay-opacity":"","overlay-gradient":""},"tablet":{"background-color":"var(--ast-global-color-5)","background-image":"","background-repeat":"repeat","background-position":"center center","background-size":"auto","background-attachment":"scroll","background-type":"","background-media":"","overlay-type":"","overlay-color":"","overlay-opacity":"","overlay-gradient":""},"mobile":{"background-color":"var(--ast-global-color-5)","background-image":"","background-repeat":"repeat","background-position":"center center","background-size":"auto","background-attachment":"scroll","background-type":"","background-media":"","overlay-type":"","overlay-color":"","overlay-opacity":"","overlay-gradient":""}}},"product_brand":[],"product_cat":[26],"product_tag":[137,138,136,135,126,85,124,72,131,132,133],"class_list":{"0":"post-4326","1":"product","2":"type-product","3":"status-publish","4":"has-post-thumbnail","6":"product_cat-akrobatyka-powietrzna","7":"product_tag-kombinezonaerialhoop","8":"product_tag-kombinezonaerialsilk","9":"product_tag-kombinezonakrobatykapowietrzna","10":"product_tag-kostiumdoakrobatyki","11":"product_tag-aerial-costumes","12":"product_tag-aerial-hoop","13":"product_tag-aerial-hoop-costume","14":"product_tag-akrobatyka-powietrzna","15":"product_tag-kombinezon-na-zawody","16":"product_tag-stroj-do-zawodow-aerial-hoop","17":"product_tag-stroj-do-zawodow-aerial-silk","18":"desktop-align-left","19":"tablet-align-left","20":"mobile-align-left","22":"first","23":"instock","24":"taxable","25":"shipping-taxable","26":"purchasable","27":"product-type-simple"},"yoast_head":"<!-- This site is optimized with the Yoast SEO plugin v27.0 - https:\/\/yoast.com\/product\/yoast-seo-wordpress\/ -->\n<title>Kombinezon Akrobatyczny Elegant Red 152\/158 - AerialCostumes<\/title>\n<meta name=\"robots\" content=\"index, follow, max-snippet:-1, max-image-preview:large, max-video-preview:-1\" \/>\n<link rel=\"canonical\" href=\"https:\/\/www.aerialcostumes.pl\/en\/product\/kombinezon-akrobatyczny-elegant-red-152-158\/\" \/>\n<meta property=\"og:locale\" content=\"en_GB\" \/>\n<meta property=\"og:type\" content=\"article\" \/>\n<meta property=\"og:title\" content=\"Kombinezon Akrobatyczny Elegant Red 152\/158 - AerialCostumes\" \/>\n<meta property=\"og:description\" content=\"Kombinezon akrobatyczny wykonany z lycry w kolorze czerwonym. Ozdobiona kryszta\u0142kami srebrnymi AB oraz czarne, srebro ciemne u\u0142o\u017cone w elegancki I ponadczasowy wz\u00f3r! Kombinezon idealny na pokazy i zawody akrobatyczne!\" \/>\n<meta property=\"og:url\" content=\"https:\/\/www.aerialcostumes.pl\/en\/product\/kombinezon-akrobatyczny-elegant-red-152-158\/\" \/>\n<meta property=\"og:site_name\" content=\"AerialCostumes\" \/>\n<meta property=\"article:publisher\" content=\"https:\/\/www.facebook.com\/aerialcostumespl\" \/>\n<meta property=\"article:modified_time\" content=\"2024-07-03T09:51:09+00:00\" \/>\n<meta property=\"og:image\" content=\"https:\/\/www.aerialcostumes.pl\/wp-content\/uploads\/2024\/04\/Photoroom-20240412_121433_3.png\" \/>\n\t<meta property=\"og:image:width\" content=\"1500\" \/>\n\t<meta property=\"og:image:height\" content=\"2000\" \/>\n\t<meta property=\"og:image:type\" content=\"image\/png\" \/>\n<meta name=\"twitter:card\" content=\"summary_large_image\" \/>\n<meta name=\"twitter:label1\" content=\"Estimated reading time\" \/>\n\t<meta name=\"twitter:data1\" content=\"1 minute\" \/>\n<script type=\"application\/ld+json\" class=\"yoast-schema-graph\">{\"@context\":\"https:\/\/schema.org\",\"@graph\":[{\"@type\":\"WebPage\",\"@id\":\"https:\/\/www.aerialcostumes.pl\/produkt\/kombinezon-akrobatyczny-elegant-red-152-158\/\",\"url\":\"https:\/\/www.aerialcostumes.pl\/produkt\/kombinezon-akrobatyczny-elegant-red-152-158\/\",\"name\":\"Kombinezon Akrobatyczny Elegant Red 152\/158 - AerialCostumes\",\"isPartOf\":{\"@id\":\"https:\/\/www.aerialcostumes.pl\/#website\"},\"primaryImageOfPage\":{\"@id\":\"https:\/\/www.aerialcostumes.pl\/produkt\/kombinezon-akrobatyczny-elegant-red-152-158\/#primaryimage\"},\"image\":{\"@id\":\"https:\/\/www.aerialcostumes.pl\/produkt\/kombinezon-akrobatyczny-elegant-red-152-158\/#primaryimage\"},\"thumbnailUrl\":\"https:\/\/www.aerialcostumes.pl\/wp-content\/uploads\/2024\/04\/Photoroom-20240412_121433_3.png\",\"datePublished\":\"2024-04-14T21:28:47+00:00\",\"dateModified\":\"2024-07-03T09:51:09+00:00\",\"breadcrumb\":{\"@id\":\"https:\/\/www.aerialcostumes.pl\/produkt\/kombinezon-akrobatyczny-elegant-red-152-158\/#breadcrumb\"},\"inLanguage\":\"en-GB\",\"potentialAction\":[{\"@type\":\"ReadAction\",\"target\":[\"https:\/\/www.aerialcostumes.pl\/produkt\/kombinezon-akrobatyczny-elegant-red-152-158\/\"]}]},{\"@type\":\"ImageObject\",\"inLanguage\":\"en-GB\",\"@id\":\"https:\/\/www.aerialcostumes.pl\/produkt\/kombinezon-akrobatyczny-elegant-red-152-158\/#primaryimage\",\"url\":\"https:\/\/www.aerialcostumes.pl\/wp-content\/uploads\/2024\/04\/Photoroom-20240412_121433_3.png\",\"contentUrl\":\"https:\/\/www.aerialcostumes.pl\/wp-content\/uploads\/2024\/04\/Photoroom-20240412_121433_3.png\",\"width\":1500,\"height\":2000},{\"@type\":\"BreadcrumbList\",\"@id\":\"https:\/\/www.aerialcostumes.pl\/produkt\/kombinezon-akrobatyczny-elegant-red-152-158\/#breadcrumb\",\"itemListElement\":[{\"@type\":\"ListItem\",\"position\":1,\"name\":\"Strona g\u0142\u00f3wna\",\"item\":\"https:\/\/www.aerialcostumes.pl\/en\/home\/\"},{\"@type\":\"ListItem\",\"position\":2,\"name\":\"Sklep\",\"item\":\"https:\/\/www.aerialcostumes.pl\/sklep\/\"},{\"@type\":\"ListItem\",\"position\":3,\"name\":\"Kombinezon Akrobatyczny Elegant Red 152\/158\"}]},{\"@type\":\"WebSite\",\"@id\":\"https:\/\/www.aerialcostumes.pl\/#website\",\"url\":\"https:\/\/www.aerialcostumes.pl\/\",\"name\":\"AerialCostumes\",\"description\":\"Producent Odzie\u017cy\",\"publisher\":{\"@id\":\"https:\/\/www.aerialcostumes.pl\/#\/schema\/person\/58c48f20a11b7035c78d5319e55d791c\"},\"potentialAction\":[{\"@type\":\"SearchAction\",\"target\":{\"@type\":\"EntryPoint\",\"urlTemplate\":\"https:\/\/www.aerialcostumes.pl\/?s={search_term_string}\"},\"query-input\":{\"@type\":\"PropertyValueSpecification\",\"valueRequired\":true,\"valueName\":\"search_term_string\"}}],\"inLanguage\":\"en-GB\"},{\"@type\":[\"Person\",\"Organization\"],\"@id\":\"https:\/\/www.aerialcostumes.pl\/#\/schema\/person\/58c48f20a11b7035c78d5319e55d791c\",\"name\":\"aerialcostumes\",\"image\":{\"@type\":\"ImageObject\",\"inLanguage\":\"en-GB\",\"@id\":\"https:\/\/www.aerialcostumes.pl\/#\/schema\/person\/image\/\",\"url\":\"https:\/\/www.aerialcostumes.pl\/wp-content\/uploads\/2020\/10\/cropped-logo-1-1.jpg\",\"contentUrl\":\"https:\/\/www.aerialcostumes.pl\/wp-content\/uploads\/2020\/10\/cropped-logo-1-1.jpg\",\"width\":750,\"height\":590,\"caption\":\"aerialcostumes\"},\"logo\":{\"@id\":\"https:\/\/www.aerialcostumes.pl\/#\/schema\/person\/image\/\"},\"sameAs\":[\"https:\/\/www.aerialcostumes.pl\",\"https:\/\/www.facebook.com\/aerialcostumespl\",\"https:\/\/instagram.com\/aerialcostumes.pl?igshid=OGQ5ZDc2ODk2ZA==\"]}]}<\/script>\n<!-- \/ Yoast SEO plugin. -->","yoast_head_json":{"title":"Kombinezon Akrobatyczny Elegant Red 152\/158 - AerialCostumes","robots":{"index":"index","follow":"follow","max-snippet":"max-snippet:-1","max-image-preview":"max-image-preview:large","max-video-preview":"max-video-preview:-1"},"canonical":"https:\/\/www.aerialcostumes.pl\/en\/product\/kombinezon-akrobatyczny-elegant-red-152-158\/","og_locale":"en_GB","og_type":"article","og_title":"Kombinezon Akrobatyczny Elegant Red 152\/158 - AerialCostumes","og_description":"Kombinezon akrobatyczny wykonany z lycry w kolorze czerwonym. Ozdobiona kryszta\u0142kami srebrnymi AB oraz czarne, srebro ciemne u\u0142o\u017cone w elegancki I ponadczasowy wz\u00f3r! Kombinezon idealny na pokazy i zawody akrobatyczne!","og_url":"https:\/\/www.aerialcostumes.pl\/en\/product\/kombinezon-akrobatyczny-elegant-red-152-158\/","og_site_name":"AerialCostumes","article_publisher":"https:\/\/www.facebook.com\/aerialcostumespl","article_modified_time":"2024-07-03T09:51:09+00:00","og_image":[{"width":1500,"height":2000,"url":"https:\/\/www.aerialcostumes.pl\/wp-content\/uploads\/2024\/04\/Photoroom-20240412_121433_3.png","type":"image\/png"}],"twitter_card":"summary_large_image","twitter_misc":{"Estimated reading time":"1 minute"},"schema":{"@context":"https:\/\/schema.org","@graph":[{"@type":"WebPage","@id":"https:\/\/www.aerialcostumes.pl\/produkt\/kombinezon-akrobatyczny-elegant-red-152-158\/","url":"https:\/\/www.aerialcostumes.pl\/produkt\/kombinezon-akrobatyczny-elegant-red-152-158\/","name":"Kombinezon Akrobatyczny Elegant Red 152\/158 - AerialCostumes","isPartOf":{"@id":"https:\/\/www.aerialcostumes.pl\/#website"},"primaryImageOfPage":{"@id":"https:\/\/www.aerialcostumes.pl\/produkt\/kombinezon-akrobatyczny-elegant-red-152-158\/#primaryimage"},"image":{"@id":"https:\/\/www.aerialcostumes.pl\/produkt\/kombinezon-akrobatyczny-elegant-red-152-158\/#primaryimage"},"thumbnailUrl":"https:\/\/www.aerialcostumes.pl\/wp-content\/uploads\/2024\/04\/Photoroom-20240412_121433_3.png","datePublished":"2024-04-14T21:28:47+00:00","dateModified":"2024-07-03T09:51:09+00:00","breadcrumb":{"@id":"https:\/\/www.aerialcostumes.pl\/produkt\/kombinezon-akrobatyczny-elegant-red-152-158\/#breadcrumb"},"inLanguage":"en-GB","potentialAction":[{"@type":"ReadAction","target":["https:\/\/www.aerialcostumes.pl\/produkt\/kombinezon-akrobatyczny-elegant-red-152-158\/"]}]},{"@type":"ImageObject","inLanguage":"en-GB","@id":"https:\/\/www.aerialcostumes.pl\/produkt\/kombinezon-akrobatyczny-elegant-red-152-158\/#primaryimage","url":"https:\/\/www.aerialcostumes.pl\/wp-content\/uploads\/2024\/04\/Photoroom-20240412_121433_3.png","contentUrl":"https:\/\/www.aerialcostumes.pl\/wp-content\/uploads\/2024\/04\/Photoroom-20240412_121433_3.png","width":1500,"height":2000},{"@type":"BreadcrumbList","@id":"https:\/\/www.aerialcostumes.pl\/produkt\/kombinezon-akrobatyczny-elegant-red-152-158\/#breadcrumb","itemListElement":[{"@type":"ListItem","position":1,"name":"Strona g\u0142\u00f3wna","item":"https:\/\/www.aerialcostumes.pl\/en\/home\/"},{"@type":"ListItem","position":2,"name":"Sklep","item":"https:\/\/www.aerialcostumes.pl\/sklep\/"},{"@type":"ListItem","position":3,"name":"Kombinezon Akrobatyczny Elegant Red 152\/158"}]},{"@type":"WebSite","@id":"https:\/\/www.aerialcostumes.pl\/#website","url":"https:\/\/www.aerialcostumes.pl\/","name":"AerialCostumes","description":"Clothes producer","publisher":{"@id":"https:\/\/www.aerialcostumes.pl\/#\/schema\/person\/58c48f20a11b7035c78d5319e55d791c"},"potentialAction":[{"@type":"SearchAction","target":{"@type":"EntryPoint","urlTemplate":"https:\/\/www.aerialcostumes.pl\/?s={search_term_string}"},"query-input":{"@type":"PropertyValueSpecification","valueRequired":true,"valueName":"search_term_string"}}],"inLanguage":"en-GB"},{"@type":["Person","Organization"],"@id":"https:\/\/www.aerialcostumes.pl\/#\/schema\/person\/58c48f20a11b7035c78d5319e55d791c","name":"aerialcostumes","image":{"@type":"ImageObject","inLanguage":"en-GB","@id":"https:\/\/www.aerialcostumes.pl\/#\/schema\/person\/image\/","url":"https:\/\/www.aerialcostumes.pl\/wp-content\/uploads\/2020\/10\/cropped-logo-1-1.jpg","contentUrl":"https:\/\/www.aerialcostumes.pl\/wp-content\/uploads\/2020\/10\/cropped-logo-1-1.jpg","width":750,"height":590,"caption":"aerialcostumes"},"logo":{"@id":"https:\/\/www.aerialcostumes.pl\/#\/schema\/person\/image\/"},"sameAs":["https:\/\/www.aerialcostumes.pl","https:\/\/www.facebook.com\/aerialcostumespl","https:\/\/instagram.com\/aerialcostumes.pl?igshid=OGQ5ZDc2ODk2ZA=="]}]}},"_links":{"self":[{"href":"https:\/\/www.aerialcostumes.pl\/en\/wp-json\/wp\/v2\/product\/4326","targetHints":{"allow":["GET"]}}],"collection":[{"href":"https:\/\/www.aerialcostumes.pl\/en\/wp-json\/wp\/v2\/product"}],"about":[{"href":"https:\/\/www.aerialcostumes.pl\/en\/wp-json\/wp\/v2\/types\/product"}],"replies":[{"embeddable":true,"href":"https:\/\/www.aerialcostumes.pl\/en\/wp-json\/wp\/v2\/comments?post=4326"}],"version-history":[{"count":1,"href":"https:\/\/www.aerialcostumes.pl\/en\/wp-json\/wp\/v2\/product\/4326\/revisions"}],"predecessor-version":[{"id":4338,"href":"https:\/\/www.aerialcostumes.pl\/en\/wp-json\/wp\/v2\/product\/4326\/revisions\/4338"}],"wp:featuredmedia":[{"embeddable":true,"href":"https:\/\/www.aerialcostumes.pl\/en\/wp-json\/wp\/v2\/media\/4335"}],"wp:attachment":[{"href":"https:\/\/www.aerialcostumes.pl\/en\/wp-json\/wp\/v2\/media?parent=4326"}],"wp:term":[{"taxonomy":"product_brand","embeddable":true,"href":"https:\/\/www.aerialcostumes.pl\/en\/wp-json\/wp\/v2\/product_brand?post=4326"},{"taxonomy":"product_cat","embeddable":true,"href":"https:\/\/www.aerialcostumes.pl\/en\/wp-json\/wp\/v2\/product_cat?post=4326"},{"taxonomy":"product_tag","embeddable":true,"href":"https:\/\/www.aerialcostumes.pl\/en\/wp-json\/wp\/v2\/product_tag?post=4326"}],"curies":[{"name":"wp","href":"https:\/\/api.w.org\/{rel}","templated":true}]}}