{"id":4030,"date":"2023-12-15T15:27:18","date_gmt":"2023-12-15T14:27:18","guid":{"rendered":"https:\/\/www.aerialcostumes.pl\/?post_type=product&#038;p=4030"},"modified":"2024-07-03T12:00:44","modified_gmt":"2024-07-03T10:00:44","slug":"kombinezon-akrobatyczny-blackgold-158-164-xs-s","status":"publish","type":"product","link":"https:\/\/www.aerialcostumes.pl\/en\/product\/kombinezon-akrobatyczny-blackgold-158-164-xs-s\/","title":{"rendered":"Acrobatic Suit Black&amp;Gold 158\/164 XS\/S"},"content":{"rendered":"<p style=\"font-size: 13.68px; font-style: normal; font-weight: 400; margin-bottom: 1.6em; color: #333333; font-family: Lato, sans-serif; background-color: #f9f9f9;\">Outfit size: XS\/S<\/p>\n<p style=\"font-size: 13.68px; font-style: normal; font-weight: 400; margin-bottom: 1.6em; color: #333333; font-family: Lato, sans-serif; background-color: #f9f9f9;\">Outfit dimensions: (min without stretching - max after stretching)<\/p>\n<p style=\"font-size: 13.68px; font-style: normal; font-weight: 400; margin-bottom: 1.6em; color: #333333; font-family: Lato, sans-serif; background-color: #f9f9f9;\">Chest circumference: 72-88 cm<\/p>\n<p style=\"font-size: 13.68px; font-style: normal; font-weight: 400; margin-bottom: 1.6em; color: #333333; font-family: Lato, sans-serif; background-color: #f9f9f9;\">Waist circumference: 60-70cm<\/p>\n<p style=\"font-size: 13.68px; font-style: normal; font-weight: 400; margin-bottom: 1.6em; color: #333333; font-family: Lato, sans-serif; background-color: #f9f9f9;\">Hip circumference: 86-106cm<\/p>\n<p style=\"font-size: 13.68px; font-style: normal; font-weight: 400; margin-bottom: 1.6em; color: #333333; font-family: Lato, sans-serif; background-color: #f9f9f9;\">Thigh circumference: 48-56cm<\/p>\n<p style=\"font-size: 13.68px; font-style: normal; font-weight: 400; margin-bottom: 1.6em; color: #333333; font-family: Lato, sans-serif; background-color: #f9f9f9;\">Arm circumference at the top: 26-32cm<\/p>\n<p style=\"font-size: 13.68px; font-style: normal; font-weight: 400; margin-bottom: 1.6em; color: #333333; font-family: Lato, sans-serif; background-color: #f9f9f9;\">Wrist circumference: 14-18 cm<\/p>\n<p style=\"font-size: 13.68px; font-style: normal; font-weight: 400; margin-bottom: 1.6em; color: #333333; font-family: Lato, sans-serif; background-color: #f9f9f9;\">Length from shoulder to wrist: 52cm<\/p>\n<p style=\"font-size: 13.68px; font-style: normal; font-weight: 400; margin-bottom: 1.6em; color: #333333; font-family: Lato, sans-serif; background-color: #f9f9f9;\">Length from shoulder to crotch: 64cm<\/p>\n<p style=\"font-size: 13.68px; font-style: normal; font-weight: 400; margin-bottom: 1.6em; color: #333333; font-family: Lato, sans-serif; background-color: #f9f9f9;\">Length of the legs from the crotch: 74cm<\/p>\n<p style=\"font-size: 13.68px; font-style: normal; font-weight: 400; margin-bottom: 1.6em; color: #333333; font-family: Lato, sans-serif; background-color: #f9f9f9;\">Length from shoulder to ankle: 132 cm<\/p>\n<p style=\"font-size: 13.68px; font-style: normal; font-weight: 400; margin-bottom: 1.6em; color: #333333; font-family: Lato, sans-serif; background-color: #f9f9f9;\">Back fastened with a snap<\/p>\n<p style=\"font-size: 13.68px; font-style: normal; font-weight: 400; margin-bottom: 1.6em; color: #333333; font-family: Lato, sans-serif; background-color: #f9f9f9;\">No stand-up<\/p>\n<p style=\"font-size: 13.68px; font-style: normal; font-weight: 400; margin-bottom: 1.6em; color: #333333; font-family: Lato, sans-serif; background-color: #f9f9f9;\">Material 100% Lycra<b>Composition:\u00a0<\/b><span style=\"font-size: 13.68px; font-style: normal; font-weight: 400;\">92% polyester 8%elastan<\/span><\/p>\n<p style=\"font-size: 13.68px; font-style: normal; font-weight: 400; margin-bottom: 0px; color: #333333; font-family: Lato, sans-serif; background-color: #f9f9f9;\">Measurements may vary +\/- 1 cm<\/p>","protected":false},"excerpt":{"rendered":"<p>Acrobatic suit made of black Lycra and gold glitter material - the glitter wears off over time. The outfit is decorated with silver AB and black crystals. The elegant floral motif and the strap with crystals sparkle and shine beautifully! Costume for dance shows and competitions.<\/p>","protected":false},"featured_media":4031,"comment_status":"open","ping_status":"closed","template":"","meta":{"_monsterinsights_skip_tracking":false,"_monsterinsights_sitenote_active":false,"_monsterinsights_sitenote_note":"","_monsterinsights_sitenote_category":0,"site-sidebar-layout":"default","site-content-layout":"","ast-site-content-layout":"default","site-content-style":"default","site-sidebar-style":"default","ast-global-header-display":"","ast-banner-title-visibility":"","ast-main-header-display":"","ast-hfb-above-header-display":"","ast-hfb-below-header-display":"","ast-hfb-mobile-header-display":"","site-post-title":"","ast-breadcrumbs-content":"","ast-featured-img":"","footer-sml-layout":"","theme-transparent-header-meta":"default","adv-header-id-meta":"","stick-header-meta":"","header-above-stick-meta":"","header-main-stick-meta":"","header-below-stick-meta":"","astra-migrate-meta-layouts":"set","ast-page-background-enabled":"default","ast-page-background-meta":{"desktop":{"background-color":"","background-image":"","background-repeat":"repeat","background-position":"center center","background-size":"auto","background-attachment":"scroll","background-type":"","background-media":"","overlay-type":"","overlay-color":"","overlay-opacity":"","overlay-gradient":""},"tablet":{"background-color":"","background-image":"","background-repeat":"repeat","background-position":"center center","background-size":"auto","background-attachment":"scroll","background-type":"","background-media":"","overlay-type":"","overlay-color":"","overlay-opacity":"","overlay-gradient":""},"mobile":{"background-color":"","background-image":"","background-repeat":"repeat","background-position":"center center","background-size":"auto","background-attachment":"scroll","background-type":"","background-media":"","overlay-type":"","overlay-color":"","overlay-opacity":"","overlay-gradient":""}},"ast-content-background-meta":{"desktop":{"background-color":"var(--ast-global-color-5)","background-image":"","background-repeat":"repeat","background-position":"center center","background-size":"auto","background-attachment":"scroll","background-type":"","background-media":"","overlay-type":"","overlay-color":"","overlay-opacity":"","overlay-gradient":""},"tablet":{"background-color":"var(--ast-global-color-5)","background-image":"","background-repeat":"repeat","background-position":"center center","background-size":"auto","background-attachment":"scroll","background-type":"","background-media":"","overlay-type":"","overlay-color":"","overlay-opacity":"","overlay-gradient":""},"mobile":{"background-color":"var(--ast-global-color-5)","background-image":"","background-repeat":"repeat","background-position":"center center","background-size":"auto","background-attachment":"scroll","background-type":"","background-media":"","overlay-type":"","overlay-color":"","overlay-opacity":"","overlay-gradient":""}}},"product_brand":[],"product_cat":[26],"product_tag":[137,138,135,109,124,125,131,132,133],"class_list":{"0":"post-4030","1":"product","2":"type-product","3":"status-publish","4":"has-post-thumbnail","6":"product_cat-akrobatyka-powietrzna","7":"product_tag-kombinezonaerialhoop","8":"product_tag-kombinezonaerialsilk","9":"product_tag-kostiumdoakrobatyki","10":"product_tag-ozdobanakoka","11":"product_tag-aerial-hoop-costume","12":"product_tag-aerial-silk-costume","13":"product_tag-kombinezon-na-zawody","14":"product_tag-stroj-do-zawodow-aerial-hoop","15":"product_tag-stroj-do-zawodow-aerial-silk","16":"desktop-align-left","17":"tablet-align-left","18":"mobile-align-left","20":"first","21":"instock","22":"taxable","23":"shipping-taxable","24":"purchasable","25":"product-type-simple"},"yoast_head":"<!-- This site is optimized with the Yoast SEO plugin v27.0 - https:\/\/yoast.com\/product\/yoast-seo-wordpress\/ -->\n<title>Kombinezon Akrobatyczny Black&amp;Gold 158\/164 XS\/S - AerialCostumes<\/title>\n<meta name=\"robots\" content=\"index, follow, max-snippet:-1, max-image-preview:large, max-video-preview:-1\" \/>\n<link rel=\"canonical\" href=\"https:\/\/www.aerialcostumes.pl\/en\/product\/kombinezon-akrobatyczny-blackgold-158-164-xs-s\/\" \/>\n<meta property=\"og:locale\" content=\"en_GB\" \/>\n<meta property=\"og:type\" content=\"article\" \/>\n<meta property=\"og:title\" content=\"Kombinezon Akrobatyczny Black&amp;Gold 158\/164 XS\/S - AerialCostumes\" \/>\n<meta property=\"og:description\" content=\"Kombinezon akrobatyczny wykonany z czarnej lycry oraz z\u0142otego brokatowego materia\u0142u- brokat si\u0119 z czasem wyciera. Str\u00f3j ozdobiony kryszta\u0142kami Srebrnymi AB oraz czarnymi . Elegancki kwiatowy motyw oraz pasek z kryszta\u0142kami pi\u0119knie si\u0119 mienia i b\u0142yszcz\u0105! Str\u00f3j na pokazy taneczne i zawody.\" \/>\n<meta property=\"og:url\" content=\"https:\/\/www.aerialcostumes.pl\/en\/product\/kombinezon-akrobatyczny-blackgold-158-164-xs-s\/\" \/>\n<meta property=\"og:site_name\" content=\"AerialCostumes\" \/>\n<meta property=\"article:publisher\" content=\"https:\/\/www.facebook.com\/aerialcostumespl\" \/>\n<meta property=\"article:modified_time\" content=\"2024-07-03T10:00:44+00:00\" \/>\n<meta property=\"og:image\" content=\"https:\/\/www.aerialcostumes.pl\/wp-content\/uploads\/2023\/12\/PhotoRoom-20231215_152344.png\" \/>\n\t<meta property=\"og:image:width\" content=\"2000\" \/>\n\t<meta property=\"og:image:height\" content=\"2000\" \/>\n\t<meta property=\"og:image:type\" content=\"image\/png\" \/>\n<meta name=\"twitter:card\" content=\"summary_large_image\" \/>\n<meta name=\"twitter:label1\" content=\"Estimated reading time\" \/>\n\t<meta name=\"twitter:data1\" content=\"1 minute\" \/>\n<script type=\"application\/ld+json\" class=\"yoast-schema-graph\">{\"@context\":\"https:\/\/schema.org\",\"@graph\":[{\"@type\":\"WebPage\",\"@id\":\"https:\/\/www.aerialcostumes.pl\/produkt\/kombinezon-akrobatyczny-blackgold-158-164-xs-s\/\",\"url\":\"https:\/\/www.aerialcostumes.pl\/produkt\/kombinezon-akrobatyczny-blackgold-158-164-xs-s\/\",\"name\":\"Kombinezon Akrobatyczny Black&Gold 158\/164 XS\/S - AerialCostumes\",\"isPartOf\":{\"@id\":\"https:\/\/www.aerialcostumes.pl\/#website\"},\"primaryImageOfPage\":{\"@id\":\"https:\/\/www.aerialcostumes.pl\/produkt\/kombinezon-akrobatyczny-blackgold-158-164-xs-s\/#primaryimage\"},\"image\":{\"@id\":\"https:\/\/www.aerialcostumes.pl\/produkt\/kombinezon-akrobatyczny-blackgold-158-164-xs-s\/#primaryimage\"},\"thumbnailUrl\":\"https:\/\/www.aerialcostumes.pl\/wp-content\/uploads\/2023\/12\/PhotoRoom-20231215_152344.png\",\"datePublished\":\"2023-12-15T14:27:18+00:00\",\"dateModified\":\"2024-07-03T10:00:44+00:00\",\"breadcrumb\":{\"@id\":\"https:\/\/www.aerialcostumes.pl\/produkt\/kombinezon-akrobatyczny-blackgold-158-164-xs-s\/#breadcrumb\"},\"inLanguage\":\"en-GB\",\"potentialAction\":[{\"@type\":\"ReadAction\",\"target\":[\"https:\/\/www.aerialcostumes.pl\/produkt\/kombinezon-akrobatyczny-blackgold-158-164-xs-s\/\"]}]},{\"@type\":\"ImageObject\",\"inLanguage\":\"en-GB\",\"@id\":\"https:\/\/www.aerialcostumes.pl\/produkt\/kombinezon-akrobatyczny-blackgold-158-164-xs-s\/#primaryimage\",\"url\":\"https:\/\/www.aerialcostumes.pl\/wp-content\/uploads\/2023\/12\/PhotoRoom-20231215_152344.png\",\"contentUrl\":\"https:\/\/www.aerialcostumes.pl\/wp-content\/uploads\/2023\/12\/PhotoRoom-20231215_152344.png\",\"width\":2000,\"height\":2000},{\"@type\":\"BreadcrumbList\",\"@id\":\"https:\/\/www.aerialcostumes.pl\/produkt\/kombinezon-akrobatyczny-blackgold-158-164-xs-s\/#breadcrumb\",\"itemListElement\":[{\"@type\":\"ListItem\",\"position\":1,\"name\":\"Strona g\u0142\u00f3wna\",\"item\":\"https:\/\/www.aerialcostumes.pl\/en\/home\/\"},{\"@type\":\"ListItem\",\"position\":2,\"name\":\"Sklep\",\"item\":\"https:\/\/www.aerialcostumes.pl\/sklep\/\"},{\"@type\":\"ListItem\",\"position\":3,\"name\":\"Kombinezon Akrobatyczny Black&#038;Gold 158\/164 XS\/S\"}]},{\"@type\":\"WebSite\",\"@id\":\"https:\/\/www.aerialcostumes.pl\/#website\",\"url\":\"https:\/\/www.aerialcostumes.pl\/\",\"name\":\"AerialCostumes\",\"description\":\"Producent Odzie\u017cy\",\"publisher\":{\"@id\":\"https:\/\/www.aerialcostumes.pl\/#\/schema\/person\/58c48f20a11b7035c78d5319e55d791c\"},\"potentialAction\":[{\"@type\":\"SearchAction\",\"target\":{\"@type\":\"EntryPoint\",\"urlTemplate\":\"https:\/\/www.aerialcostumes.pl\/?s={search_term_string}\"},\"query-input\":{\"@type\":\"PropertyValueSpecification\",\"valueRequired\":true,\"valueName\":\"search_term_string\"}}],\"inLanguage\":\"en-GB\"},{\"@type\":[\"Person\",\"Organization\"],\"@id\":\"https:\/\/www.aerialcostumes.pl\/#\/schema\/person\/58c48f20a11b7035c78d5319e55d791c\",\"name\":\"aerialcostumes\",\"image\":{\"@type\":\"ImageObject\",\"inLanguage\":\"en-GB\",\"@id\":\"https:\/\/www.aerialcostumes.pl\/#\/schema\/person\/image\/\",\"url\":\"https:\/\/www.aerialcostumes.pl\/wp-content\/uploads\/2020\/10\/cropped-logo-1-1.jpg\",\"contentUrl\":\"https:\/\/www.aerialcostumes.pl\/wp-content\/uploads\/2020\/10\/cropped-logo-1-1.jpg\",\"width\":750,\"height\":590,\"caption\":\"aerialcostumes\"},\"logo\":{\"@id\":\"https:\/\/www.aerialcostumes.pl\/#\/schema\/person\/image\/\"},\"sameAs\":[\"https:\/\/www.aerialcostumes.pl\",\"https:\/\/www.facebook.com\/aerialcostumespl\",\"https:\/\/instagram.com\/aerialcostumes.pl?igshid=OGQ5ZDc2ODk2ZA==\"]}]}<\/script>\n<!-- \/ Yoast SEO plugin. -->","yoast_head_json":{"title":"Kombinezon Akrobatyczny Black&Gold 158\/164 XS\/S - AerialCostumes","robots":{"index":"index","follow":"follow","max-snippet":"max-snippet:-1","max-image-preview":"max-image-preview:large","max-video-preview":"max-video-preview:-1"},"canonical":"https:\/\/www.aerialcostumes.pl\/en\/product\/kombinezon-akrobatyczny-blackgold-158-164-xs-s\/","og_locale":"en_GB","og_type":"article","og_title":"Kombinezon Akrobatyczny Black&Gold 158\/164 XS\/S - AerialCostumes","og_description":"Kombinezon akrobatyczny wykonany z czarnej lycry oraz z\u0142otego brokatowego materia\u0142u- brokat si\u0119 z czasem wyciera. Str\u00f3j ozdobiony kryszta\u0142kami Srebrnymi AB oraz czarnymi . Elegancki kwiatowy motyw oraz pasek z kryszta\u0142kami pi\u0119knie si\u0119 mienia i b\u0142yszcz\u0105! Str\u00f3j na pokazy taneczne i zawody.","og_url":"https:\/\/www.aerialcostumes.pl\/en\/product\/kombinezon-akrobatyczny-blackgold-158-164-xs-s\/","og_site_name":"AerialCostumes","article_publisher":"https:\/\/www.facebook.com\/aerialcostumespl","article_modified_time":"2024-07-03T10:00:44+00:00","og_image":[{"width":2000,"height":2000,"url":"https:\/\/www.aerialcostumes.pl\/wp-content\/uploads\/2023\/12\/PhotoRoom-20231215_152344.png","type":"image\/png"}],"twitter_card":"summary_large_image","twitter_misc":{"Estimated reading time":"1 minute"},"schema":{"@context":"https:\/\/schema.org","@graph":[{"@type":"WebPage","@id":"https:\/\/www.aerialcostumes.pl\/produkt\/kombinezon-akrobatyczny-blackgold-158-164-xs-s\/","url":"https:\/\/www.aerialcostumes.pl\/produkt\/kombinezon-akrobatyczny-blackgold-158-164-xs-s\/","name":"Kombinezon Akrobatyczny Black&Gold 158\/164 XS\/S - AerialCostumes","isPartOf":{"@id":"https:\/\/www.aerialcostumes.pl\/#website"},"primaryImageOfPage":{"@id":"https:\/\/www.aerialcostumes.pl\/produkt\/kombinezon-akrobatyczny-blackgold-158-164-xs-s\/#primaryimage"},"image":{"@id":"https:\/\/www.aerialcostumes.pl\/produkt\/kombinezon-akrobatyczny-blackgold-158-164-xs-s\/#primaryimage"},"thumbnailUrl":"https:\/\/www.aerialcostumes.pl\/wp-content\/uploads\/2023\/12\/PhotoRoom-20231215_152344.png","datePublished":"2023-12-15T14:27:18+00:00","dateModified":"2024-07-03T10:00:44+00:00","breadcrumb":{"@id":"https:\/\/www.aerialcostumes.pl\/produkt\/kombinezon-akrobatyczny-blackgold-158-164-xs-s\/#breadcrumb"},"inLanguage":"en-GB","potentialAction":[{"@type":"ReadAction","target":["https:\/\/www.aerialcostumes.pl\/produkt\/kombinezon-akrobatyczny-blackgold-158-164-xs-s\/"]}]},{"@type":"ImageObject","inLanguage":"en-GB","@id":"https:\/\/www.aerialcostumes.pl\/produkt\/kombinezon-akrobatyczny-blackgold-158-164-xs-s\/#primaryimage","url":"https:\/\/www.aerialcostumes.pl\/wp-content\/uploads\/2023\/12\/PhotoRoom-20231215_152344.png","contentUrl":"https:\/\/www.aerialcostumes.pl\/wp-content\/uploads\/2023\/12\/PhotoRoom-20231215_152344.png","width":2000,"height":2000},{"@type":"BreadcrumbList","@id":"https:\/\/www.aerialcostumes.pl\/produkt\/kombinezon-akrobatyczny-blackgold-158-164-xs-s\/#breadcrumb","itemListElement":[{"@type":"ListItem","position":1,"name":"Strona g\u0142\u00f3wna","item":"https:\/\/www.aerialcostumes.pl\/en\/home\/"},{"@type":"ListItem","position":2,"name":"Sklep","item":"https:\/\/www.aerialcostumes.pl\/sklep\/"},{"@type":"ListItem","position":3,"name":"Kombinezon Akrobatyczny Black&#038;Gold 158\/164 XS\/S"}]},{"@type":"WebSite","@id":"https:\/\/www.aerialcostumes.pl\/#website","url":"https:\/\/www.aerialcostumes.pl\/","name":"AerialCostumes","description":"Clothes producer","publisher":{"@id":"https:\/\/www.aerialcostumes.pl\/#\/schema\/person\/58c48f20a11b7035c78d5319e55d791c"},"potentialAction":[{"@type":"SearchAction","target":{"@type":"EntryPoint","urlTemplate":"https:\/\/www.aerialcostumes.pl\/?s={search_term_string}"},"query-input":{"@type":"PropertyValueSpecification","valueRequired":true,"valueName":"search_term_string"}}],"inLanguage":"en-GB"},{"@type":["Person","Organization"],"@id":"https:\/\/www.aerialcostumes.pl\/#\/schema\/person\/58c48f20a11b7035c78d5319e55d791c","name":"aerialcostumes","image":{"@type":"ImageObject","inLanguage":"en-GB","@id":"https:\/\/www.aerialcostumes.pl\/#\/schema\/person\/image\/","url":"https:\/\/www.aerialcostumes.pl\/wp-content\/uploads\/2020\/10\/cropped-logo-1-1.jpg","contentUrl":"https:\/\/www.aerialcostumes.pl\/wp-content\/uploads\/2020\/10\/cropped-logo-1-1.jpg","width":750,"height":590,"caption":"aerialcostumes"},"logo":{"@id":"https:\/\/www.aerialcostumes.pl\/#\/schema\/person\/image\/"},"sameAs":["https:\/\/www.aerialcostumes.pl","https:\/\/www.facebook.com\/aerialcostumespl","https:\/\/instagram.com\/aerialcostumes.pl?igshid=OGQ5ZDc2ODk2ZA=="]}]}},"_links":{"self":[{"href":"https:\/\/www.aerialcostumes.pl\/en\/wp-json\/wp\/v2\/product\/4030","targetHints":{"allow":["GET"]}}],"collection":[{"href":"https:\/\/www.aerialcostumes.pl\/en\/wp-json\/wp\/v2\/product"}],"about":[{"href":"https:\/\/www.aerialcostumes.pl\/en\/wp-json\/wp\/v2\/types\/product"}],"replies":[{"embeddable":true,"href":"https:\/\/www.aerialcostumes.pl\/en\/wp-json\/wp\/v2\/comments?post=4030"}],"version-history":[{"count":2,"href":"https:\/\/www.aerialcostumes.pl\/en\/wp-json\/wp\/v2\/product\/4030\/revisions"}],"predecessor-version":[{"id":4039,"href":"https:\/\/www.aerialcostumes.pl\/en\/wp-json\/wp\/v2\/product\/4030\/revisions\/4039"}],"wp:featuredmedia":[{"embeddable":true,"href":"https:\/\/www.aerialcostumes.pl\/en\/wp-json\/wp\/v2\/media\/4031"}],"wp:attachment":[{"href":"https:\/\/www.aerialcostumes.pl\/en\/wp-json\/wp\/v2\/media?parent=4030"}],"wp:term":[{"taxonomy":"product_brand","embeddable":true,"href":"https:\/\/www.aerialcostumes.pl\/en\/wp-json\/wp\/v2\/product_brand?post=4030"},{"taxonomy":"product_cat","embeddable":true,"href":"https:\/\/www.aerialcostumes.pl\/en\/wp-json\/wp\/v2\/product_cat?post=4030"},{"taxonomy":"product_tag","embeddable":true,"href":"https:\/\/www.aerialcostumes.pl\/en\/wp-json\/wp\/v2\/product_tag?post=4030"}],"curies":[{"name":"wp","href":"https:\/\/api.w.org\/{rel}","templated":true}]}}