{"id":3964,"date":"2023-11-28T12:56:38","date_gmt":"2023-11-28T11:56:38","guid":{"rendered":"https:\/\/www.aerialcostumes.pl\/?post_type=product&#038;p=3964"},"modified":"2024-07-03T12:06:48","modified_gmt":"2024-07-03T10:06:48","slug":"kombinezon-gimnastyczny-mermaid-s","status":"publish","type":"product","link":"https:\/\/www.aerialcostumes.pl\/en\/product\/kombinezon-gimnastyczny-mermaid-s\/","title":{"rendered":"Mermaid S gymnastics suit"},"content":{"rendered":"<p style=\"font-size: 13.68px; font-style: normal; font-weight: 400; margin-bottom: 1.6em; color: #333333; font-family: Lato, sans-serif; background-color: #f9f9f9; text-align: left;\"><strong>Outfit size S\/175cm<\/strong><\/p>\n<p style=\"font-size: 13.68px; font-style: normal; font-weight: 400; margin-bottom: 1.6em; color: #333333; font-family: Lato, sans-serif; background-color: #f9f9f9;\">Outfit dimensions: (min without stretching - max after stretching)<\/p>\n<p style=\"font-size: 13.68px; font-style: normal; font-weight: 400; margin-bottom: 1.6em; color: #333333; font-family: Lato, sans-serif; background-color: #f9f9f9;\">Chest circumference: 70-86 cm<\/p>\n<p style=\"font-size: 13.68px; font-style: normal; font-weight: 400; margin-bottom: 1.6em; color: #333333; font-family: Lato, sans-serif; background-color: #f9f9f9;\">Waist circumference: 54-65 cm<\/p>\n<p style=\"font-size: 13.68px; font-style: normal; font-weight: 400; margin-bottom: 1.6em; color: #333333; font-family: Lato, sans-serif; background-color: #f9f9f9;\">Hip circumference: 80-104cm<\/p>\n<p style=\"font-size: 13.68px; font-style: normal; font-weight: 400; margin-bottom: 1.6em; color: #333333; font-family: Lato, sans-serif; background-color: #f9f9f9;\">Thigh circumference: 40-52 cm<\/p>\n<p style=\"font-size: 13.68px; font-style: normal; font-weight: 400; margin-bottom: 1.6em; color: #333333; font-family: Lato, sans-serif; background-color: #f9f9f9;\">Arm circumference at the top: 25-33 cm<\/p>\n<p style=\"font-size: 13.68px; font-style: normal; font-weight: 400; margin-bottom: 1.6em; color: #333333; font-family: Lato, sans-serif; background-color: #f9f9f9;\">Wrist circumference: 16-22cm<\/p>\n<p style=\"font-size: 13.68px; font-style: normal; font-weight: 400; margin-bottom: 1.6em; color: #333333; font-family: Lato, sans-serif; background-color: #f9f9f9;\">Length from shoulder to wrist: 60 cm<\/p>\n<p style=\"font-size: 13.68px; font-style: normal; font-weight: 400; margin-bottom: 1.6em; color: #333333; font-family: Lato, sans-serif; background-color: #f9f9f9;\">Length from shoulder to crotch: 70cm<\/p>\n<p style=\"font-size: 13.68px; font-style: normal; font-weight: 400; margin-bottom: 1.6em; color: #333333; font-family: Lato, sans-serif; background-color: #f9f9f9;\">Length of legs from crotch: 76cm<\/p>\n<p style=\"font-size: 13.68px; font-style: normal; font-weight: 400; margin-bottom: 1.6em; color: #333333; font-family: Lato, sans-serif; background-color: #f9f9f9;\">Length from shoulder to ankle: 140 cm<\/p>\n<p style=\"font-size: 13.68px; font-style: normal; font-weight: 400; margin-bottom: 1.6em; color: #333333; font-family: Lato, sans-serif; background-color: #f9f9f9;\">Back fastened with a snap<\/p>\n<p style=\"font-size: 13.68px; font-style: normal; font-weight: 400; margin-bottom: 1.6em; color: #333333; font-family: Lato, sans-serif; background-color: #f9f9f9;\">No stand-up<\/p>\n<p style=\"font-size: 13.68px; font-style: normal; font-weight: 400; margin-bottom: 1.6em; color: #333333; font-family: Lato, sans-serif; background-color: #f9f9f9;\">Material 100% Lycra<\/p>\n<p style=\"font-size: 13.68px; font-style: normal; font-weight: 400; margin-bottom: 0px; color: #333333; font-family: Lato, sans-serif; background-color: #f9f9f9;\">Measurements may vary +\/- 1 cm<\/p>","protected":false},"excerpt":{"rendered":"<p>Gymnastic suit made of light blue lycra, light beige gymnastic mesh and white lycra, pattern painted with paints. A jumpsuit styled like a mermaid, a delicate and elegant pattern, looks beautiful and shines! A unique outfit!<\/p>","protected":false},"featured_media":3973,"comment_status":"open","ping_status":"closed","template":"","meta":{"_monsterinsights_skip_tracking":false,"_monsterinsights_sitenote_active":false,"_monsterinsights_sitenote_note":"","_monsterinsights_sitenote_category":0,"site-sidebar-layout":"default","site-content-layout":"","ast-site-content-layout":"default","site-content-style":"default","site-sidebar-style":"default","ast-global-header-display":"","ast-banner-title-visibility":"","ast-main-header-display":"","ast-hfb-above-header-display":"","ast-hfb-below-header-display":"","ast-hfb-mobile-header-display":"","site-post-title":"","ast-breadcrumbs-content":"","ast-featured-img":"","footer-sml-layout":"","theme-transparent-header-meta":"default","adv-header-id-meta":"","stick-header-meta":"","header-above-stick-meta":"","header-main-stick-meta":"","header-below-stick-meta":"","astra-migrate-meta-layouts":"set","ast-page-background-enabled":"default","ast-page-background-meta":{"desktop":{"background-color":"","background-image":"","background-repeat":"repeat","background-position":"center center","background-size":"auto","background-attachment":"scroll","background-type":"","background-media":"","overlay-type":"","overlay-color":"","overlay-opacity":"","overlay-gradient":""},"tablet":{"background-color":"","background-image":"","background-repeat":"repeat","background-position":"center center","background-size":"auto","background-attachment":"scroll","background-type":"","background-media":"","overlay-type":"","overlay-color":"","overlay-opacity":"","overlay-gradient":""},"mobile":{"background-color":"","background-image":"","background-repeat":"repeat","background-position":"center center","background-size":"auto","background-attachment":"scroll","background-type":"","background-media":"","overlay-type":"","overlay-color":"","overlay-opacity":"","overlay-gradient":""}},"ast-content-background-meta":{"desktop":{"background-color":"var(--ast-global-color-5)","background-image":"","background-repeat":"repeat","background-position":"center center","background-size":"auto","background-attachment":"scroll","background-type":"","background-media":"","overlay-type":"","overlay-color":"","overlay-opacity":"","overlay-gradient":""},"tablet":{"background-color":"var(--ast-global-color-5)","background-image":"","background-repeat":"repeat","background-position":"center center","background-size":"auto","background-attachment":"scroll","background-type":"","background-media":"","overlay-type":"","overlay-color":"","overlay-opacity":"","overlay-gradient":""},"mobile":{"background-color":"var(--ast-global-color-5)","background-image":"","background-repeat":"repeat","background-position":"center center","background-size":"auto","background-attachment":"scroll","background-type":"","background-media":"","overlay-type":"","overlay-color":"","overlay-opacity":"","overlay-gradient":""}}},"product_brand":[],"product_cat":[26],"product_tag":[138,136,135,126,72,134,35,132,133],"class_list":{"0":"post-3964","1":"product","2":"type-product","3":"status-publish","4":"has-post-thumbnail","6":"product_cat-akrobatyka-powietrzna","7":"product_tag-kombinezonaerialsilk","8":"product_tag-kombinezonakrobatykapowietrzna","9":"product_tag-kostiumdoakrobatyki","10":"product_tag-aerial-costumes","11":"product_tag-akrobatyka-powietrzna","12":"product_tag-circus-costumes","13":"product_tag-gimnastyka-artystyczna","14":"product_tag-stroj-do-zawodow-aerial-hoop","15":"product_tag-stroj-do-zawodow-aerial-silk","16":"desktop-align-left","17":"tablet-align-left","18":"mobile-align-left","20":"first","21":"instock","22":"sale","23":"taxable","24":"shipping-taxable","25":"purchasable","26":"product-type-simple"},"yoast_head":"<!-- This site is optimized with the Yoast SEO plugin v27.0 - https:\/\/yoast.com\/product\/yoast-seo-wordpress\/ -->\n<title>Kombinezon gimnastyczny Mermaid S - AerialCostumes<\/title>\n<meta name=\"robots\" content=\"index, follow, max-snippet:-1, max-image-preview:large, max-video-preview:-1\" \/>\n<link rel=\"canonical\" href=\"https:\/\/www.aerialcostumes.pl\/en\/product\/kombinezon-gimnastyczny-mermaid-s\/\" \/>\n<meta property=\"og:locale\" content=\"en_GB\" \/>\n<meta property=\"og:type\" content=\"article\" \/>\n<meta property=\"og:title\" content=\"Kombinezon gimnastyczny Mermaid S - AerialCostumes\" \/>\n<meta property=\"og:description\" content=\"Kombinezon gimnastyczny wykonany z jasno niebieskiej lycry, siateczki Gimnastycznej w kolorze jasny be\u017c oraz bia\u0142ej lycry, wz\u00f3r malowany farbami. Kombinezon stylizowany po postac syreny, delikatny i elegancki wz\u00f3r,\u00a0 pi\u0119knie si\u0119 prezentuje i b\u0142yszczy! Str\u00f3j unikatowy!\" \/>\n<meta property=\"og:url\" content=\"https:\/\/www.aerialcostumes.pl\/en\/product\/kombinezon-gimnastyczny-mermaid-s\/\" \/>\n<meta property=\"og:site_name\" content=\"AerialCostumes\" \/>\n<meta property=\"article:publisher\" content=\"https:\/\/www.facebook.com\/aerialcostumespl\" \/>\n<meta property=\"article:modified_time\" content=\"2024-07-03T10:06:48+00:00\" \/>\n<meta property=\"og:image\" content=\"https:\/\/www.aerialcostumes.pl\/wp-content\/uploads\/2023\/11\/PhotoRoom-20231128_123933_6-768x1024.png\" \/>\n\t<meta property=\"og:image:width\" content=\"768\" \/>\n\t<meta property=\"og:image:height\" content=\"1024\" \/>\n\t<meta property=\"og:image:type\" content=\"image\/png\" \/>\n<meta name=\"twitter:card\" content=\"summary_large_image\" \/>\n<meta name=\"twitter:label1\" content=\"Estimated reading time\" \/>\n\t<meta name=\"twitter:data1\" content=\"1 minute\" \/>\n<script type=\"application\/ld+json\" class=\"yoast-schema-graph\">{\"@context\":\"https:\/\/schema.org\",\"@graph\":[{\"@type\":\"WebPage\",\"@id\":\"https:\/\/www.aerialcostumes.pl\/produkt\/kombinezon-gimnastyczny-mermaid-s\/\",\"url\":\"https:\/\/www.aerialcostumes.pl\/produkt\/kombinezon-gimnastyczny-mermaid-s\/\",\"name\":\"Kombinezon gimnastyczny Mermaid S - AerialCostumes\",\"isPartOf\":{\"@id\":\"https:\/\/www.aerialcostumes.pl\/#website\"},\"primaryImageOfPage\":{\"@id\":\"https:\/\/www.aerialcostumes.pl\/produkt\/kombinezon-gimnastyczny-mermaid-s\/#primaryimage\"},\"image\":{\"@id\":\"https:\/\/www.aerialcostumes.pl\/produkt\/kombinezon-gimnastyczny-mermaid-s\/#primaryimage\"},\"thumbnailUrl\":\"https:\/\/www.aerialcostumes.pl\/wp-content\/uploads\/2023\/11\/PhotoRoom-20231128_123933_6.png\",\"datePublished\":\"2023-11-28T11:56:38+00:00\",\"dateModified\":\"2024-07-03T10:06:48+00:00\",\"breadcrumb\":{\"@id\":\"https:\/\/www.aerialcostumes.pl\/produkt\/kombinezon-gimnastyczny-mermaid-s\/#breadcrumb\"},\"inLanguage\":\"en-GB\",\"potentialAction\":[{\"@type\":\"ReadAction\",\"target\":[\"https:\/\/www.aerialcostumes.pl\/produkt\/kombinezon-gimnastyczny-mermaid-s\/\"]}]},{\"@type\":\"ImageObject\",\"inLanguage\":\"en-GB\",\"@id\":\"https:\/\/www.aerialcostumes.pl\/produkt\/kombinezon-gimnastyczny-mermaid-s\/#primaryimage\",\"url\":\"https:\/\/www.aerialcostumes.pl\/wp-content\/uploads\/2023\/11\/PhotoRoom-20231128_123933_6.png\",\"contentUrl\":\"https:\/\/www.aerialcostumes.pl\/wp-content\/uploads\/2023\/11\/PhotoRoom-20231128_123933_6.png\",\"width\":1500,\"height\":2000},{\"@type\":\"BreadcrumbList\",\"@id\":\"https:\/\/www.aerialcostumes.pl\/produkt\/kombinezon-gimnastyczny-mermaid-s\/#breadcrumb\",\"itemListElement\":[{\"@type\":\"ListItem\",\"position\":1,\"name\":\"Strona g\u0142\u00f3wna\",\"item\":\"https:\/\/www.aerialcostumes.pl\/en\/home\/\"},{\"@type\":\"ListItem\",\"position\":2,\"name\":\"Sklep\",\"item\":\"https:\/\/www.aerialcostumes.pl\/sklep\/\"},{\"@type\":\"ListItem\",\"position\":3,\"name\":\"Kombinezon gimnastyczny Mermaid S\"}]},{\"@type\":\"WebSite\",\"@id\":\"https:\/\/www.aerialcostumes.pl\/#website\",\"url\":\"https:\/\/www.aerialcostumes.pl\/\",\"name\":\"AerialCostumes\",\"description\":\"Producent Odzie\u017cy\",\"publisher\":{\"@id\":\"https:\/\/www.aerialcostumes.pl\/#\/schema\/person\/58c48f20a11b7035c78d5319e55d791c\"},\"potentialAction\":[{\"@type\":\"SearchAction\",\"target\":{\"@type\":\"EntryPoint\",\"urlTemplate\":\"https:\/\/www.aerialcostumes.pl\/?s={search_term_string}\"},\"query-input\":{\"@type\":\"PropertyValueSpecification\",\"valueRequired\":true,\"valueName\":\"search_term_string\"}}],\"inLanguage\":\"en-GB\"},{\"@type\":[\"Person\",\"Organization\"],\"@id\":\"https:\/\/www.aerialcostumes.pl\/#\/schema\/person\/58c48f20a11b7035c78d5319e55d791c\",\"name\":\"aerialcostumes\",\"image\":{\"@type\":\"ImageObject\",\"inLanguage\":\"en-GB\",\"@id\":\"https:\/\/www.aerialcostumes.pl\/#\/schema\/person\/image\/\",\"url\":\"https:\/\/www.aerialcostumes.pl\/wp-content\/uploads\/2020\/10\/cropped-logo-1-1.jpg\",\"contentUrl\":\"https:\/\/www.aerialcostumes.pl\/wp-content\/uploads\/2020\/10\/cropped-logo-1-1.jpg\",\"width\":750,\"height\":590,\"caption\":\"aerialcostumes\"},\"logo\":{\"@id\":\"https:\/\/www.aerialcostumes.pl\/#\/schema\/person\/image\/\"},\"sameAs\":[\"https:\/\/www.aerialcostumes.pl\",\"https:\/\/www.facebook.com\/aerialcostumespl\",\"https:\/\/instagram.com\/aerialcostumes.pl?igshid=OGQ5ZDc2ODk2ZA==\"]}]}<\/script>\n<!-- \/ Yoast SEO plugin. -->","yoast_head_json":{"title":"Kombinezon gimnastyczny Mermaid S - AerialCostumes","robots":{"index":"index","follow":"follow","max-snippet":"max-snippet:-1","max-image-preview":"max-image-preview:large","max-video-preview":"max-video-preview:-1"},"canonical":"https:\/\/www.aerialcostumes.pl\/en\/product\/kombinezon-gimnastyczny-mermaid-s\/","og_locale":"en_GB","og_type":"article","og_title":"Kombinezon gimnastyczny Mermaid S - AerialCostumes","og_description":"Kombinezon gimnastyczny wykonany z jasno niebieskiej lycry, siateczki Gimnastycznej w kolorze jasny be\u017c oraz bia\u0142ej lycry, wz\u00f3r malowany farbami. Kombinezon stylizowany po postac syreny, delikatny i elegancki wz\u00f3r,\u00a0 pi\u0119knie si\u0119 prezentuje i b\u0142yszczy! Str\u00f3j unikatowy!","og_url":"https:\/\/www.aerialcostumes.pl\/en\/product\/kombinezon-gimnastyczny-mermaid-s\/","og_site_name":"AerialCostumes","article_publisher":"https:\/\/www.facebook.com\/aerialcostumespl","article_modified_time":"2024-07-03T10:06:48+00:00","og_image":[{"width":768,"height":1024,"url":"https:\/\/www.aerialcostumes.pl\/wp-content\/uploads\/2023\/11\/PhotoRoom-20231128_123933_6-768x1024.png","type":"image\/png"}],"twitter_card":"summary_large_image","twitter_misc":{"Estimated reading time":"1 minute"},"schema":{"@context":"https:\/\/schema.org","@graph":[{"@type":"WebPage","@id":"https:\/\/www.aerialcostumes.pl\/produkt\/kombinezon-gimnastyczny-mermaid-s\/","url":"https:\/\/www.aerialcostumes.pl\/produkt\/kombinezon-gimnastyczny-mermaid-s\/","name":"Kombinezon gimnastyczny Mermaid S - AerialCostumes","isPartOf":{"@id":"https:\/\/www.aerialcostumes.pl\/#website"},"primaryImageOfPage":{"@id":"https:\/\/www.aerialcostumes.pl\/produkt\/kombinezon-gimnastyczny-mermaid-s\/#primaryimage"},"image":{"@id":"https:\/\/www.aerialcostumes.pl\/produkt\/kombinezon-gimnastyczny-mermaid-s\/#primaryimage"},"thumbnailUrl":"https:\/\/www.aerialcostumes.pl\/wp-content\/uploads\/2023\/11\/PhotoRoom-20231128_123933_6.png","datePublished":"2023-11-28T11:56:38+00:00","dateModified":"2024-07-03T10:06:48+00:00","breadcrumb":{"@id":"https:\/\/www.aerialcostumes.pl\/produkt\/kombinezon-gimnastyczny-mermaid-s\/#breadcrumb"},"inLanguage":"en-GB","potentialAction":[{"@type":"ReadAction","target":["https:\/\/www.aerialcostumes.pl\/produkt\/kombinezon-gimnastyczny-mermaid-s\/"]}]},{"@type":"ImageObject","inLanguage":"en-GB","@id":"https:\/\/www.aerialcostumes.pl\/produkt\/kombinezon-gimnastyczny-mermaid-s\/#primaryimage","url":"https:\/\/www.aerialcostumes.pl\/wp-content\/uploads\/2023\/11\/PhotoRoom-20231128_123933_6.png","contentUrl":"https:\/\/www.aerialcostumes.pl\/wp-content\/uploads\/2023\/11\/PhotoRoom-20231128_123933_6.png","width":1500,"height":2000},{"@type":"BreadcrumbList","@id":"https:\/\/www.aerialcostumes.pl\/produkt\/kombinezon-gimnastyczny-mermaid-s\/#breadcrumb","itemListElement":[{"@type":"ListItem","position":1,"name":"Strona g\u0142\u00f3wna","item":"https:\/\/www.aerialcostumes.pl\/en\/home\/"},{"@type":"ListItem","position":2,"name":"Sklep","item":"https:\/\/www.aerialcostumes.pl\/sklep\/"},{"@type":"ListItem","position":3,"name":"Kombinezon gimnastyczny Mermaid S"}]},{"@type":"WebSite","@id":"https:\/\/www.aerialcostumes.pl\/#website","url":"https:\/\/www.aerialcostumes.pl\/","name":"AerialCostumes","description":"Clothes producer","publisher":{"@id":"https:\/\/www.aerialcostumes.pl\/#\/schema\/person\/58c48f20a11b7035c78d5319e55d791c"},"potentialAction":[{"@type":"SearchAction","target":{"@type":"EntryPoint","urlTemplate":"https:\/\/www.aerialcostumes.pl\/?s={search_term_string}"},"query-input":{"@type":"PropertyValueSpecification","valueRequired":true,"valueName":"search_term_string"}}],"inLanguage":"en-GB"},{"@type":["Person","Organization"],"@id":"https:\/\/www.aerialcostumes.pl\/#\/schema\/person\/58c48f20a11b7035c78d5319e55d791c","name":"aerialcostumes","image":{"@type":"ImageObject","inLanguage":"en-GB","@id":"https:\/\/www.aerialcostumes.pl\/#\/schema\/person\/image\/","url":"https:\/\/www.aerialcostumes.pl\/wp-content\/uploads\/2020\/10\/cropped-logo-1-1.jpg","contentUrl":"https:\/\/www.aerialcostumes.pl\/wp-content\/uploads\/2020\/10\/cropped-logo-1-1.jpg","width":750,"height":590,"caption":"aerialcostumes"},"logo":{"@id":"https:\/\/www.aerialcostumes.pl\/#\/schema\/person\/image\/"},"sameAs":["https:\/\/www.aerialcostumes.pl","https:\/\/www.facebook.com\/aerialcostumespl","https:\/\/instagram.com\/aerialcostumes.pl?igshid=OGQ5ZDc2ODk2ZA=="]}]}},"_links":{"self":[{"href":"https:\/\/www.aerialcostumes.pl\/en\/wp-json\/wp\/v2\/product\/3964","targetHints":{"allow":["GET"]}}],"collection":[{"href":"https:\/\/www.aerialcostumes.pl\/en\/wp-json\/wp\/v2\/product"}],"about":[{"href":"https:\/\/www.aerialcostumes.pl\/en\/wp-json\/wp\/v2\/types\/product"}],"replies":[{"embeddable":true,"href":"https:\/\/www.aerialcostumes.pl\/en\/wp-json\/wp\/v2\/comments?post=3964"}],"version-history":[{"count":2,"href":"https:\/\/www.aerialcostumes.pl\/en\/wp-json\/wp\/v2\/product\/3964\/revisions"}],"predecessor-version":[{"id":4450,"href":"https:\/\/www.aerialcostumes.pl\/en\/wp-json\/wp\/v2\/product\/3964\/revisions\/4450"}],"wp:featuredmedia":[{"embeddable":true,"href":"https:\/\/www.aerialcostumes.pl\/en\/wp-json\/wp\/v2\/media\/3973"}],"wp:attachment":[{"href":"https:\/\/www.aerialcostumes.pl\/en\/wp-json\/wp\/v2\/media?parent=3964"}],"wp:term":[{"taxonomy":"product_brand","embeddable":true,"href":"https:\/\/www.aerialcostumes.pl\/en\/wp-json\/wp\/v2\/product_brand?post=3964"},{"taxonomy":"product_cat","embeddable":true,"href":"https:\/\/www.aerialcostumes.pl\/en\/wp-json\/wp\/v2\/product_cat?post=3964"},{"taxonomy":"product_tag","embeddable":true,"href":"https:\/\/www.aerialcostumes.pl\/en\/wp-json\/wp\/v2\/product_tag?post=3964"}],"curies":[{"name":"wp","href":"https:\/\/api.w.org\/{rel}","templated":true}]}}