{"id":3658,"date":"2023-11-07T12:52:07","date_gmt":"2023-11-07T11:52:07","guid":{"rendered":"https:\/\/www.aerialcostumes.pl\/?post_type=product&#038;p=3658"},"modified":"2023-11-07T13:19:35","modified_gmt":"2023-11-07T12:19:35","slug":"kombinezon-akrobatyczny-shampagne-velvet-xs","status":"publish","type":"product","link":"https:\/\/www.aerialcostumes.pl\/en\/product\/kombinezon-akrobatyczny-shampagne-velvet-xs\/","title":{"rendered":"Shampagne Velvet XS acrobatic suit"},"content":{"rendered":"<h6>Outfit size: XS<\/h6>\n<p>Outfit dimensions: (min without stretching - max after stretching)<\/p>\n<p>Chest circumference: 72-90cm<\/p>\n<p>Waist circumference: 58-70cm<\/p>\n<p>Hip circumference: 82-100cm<\/p>\n<p>Thigh circumference at the top: 42-50cm<\/p>\n<p>Arm circumference at the top: 23-30 cm<\/p>\n<p>Wrist circumference: 14-21cm<\/p>\n<p>Length from shoulder to wrist: 54cm<\/p>\n<p>Length from shoulder to crotch: 58cm<\/p>\n<p>Length of the leg from the crotch: 65cm<\/p>\n<p><span style=\"font-size: 16px;\">Length from shoulder to ankle: 131cm<\/span><\/p>\n<p>Back fastened with a snap<\/p>\n<p>No stand-up<\/p>\n<p>Material: 95% polyester 5% elastane<\/p>\n<p>Measurements may vary +\/- 1 cm<\/p>","protected":false},"excerpt":{"rendered":"<p>Acrobatic suit made of champagne-colored velvet. The outfit decorated with iridescent silver AB crystals looks beautiful on stage! Large crystals additionally sewn by hand. The outfit is suitable for competitions and shows!<\/p>","protected":false},"featured_media":3659,"comment_status":"open","ping_status":"closed","template":"","meta":{"_monsterinsights_skip_tracking":false,"_monsterinsights_sitenote_active":false,"_monsterinsights_sitenote_note":"","_monsterinsights_sitenote_category":0,"site-sidebar-layout":"default","site-content-layout":"default","ast-site-content-layout":"","site-content-style":"default","site-sidebar-style":"default","ast-global-header-display":"","ast-banner-title-visibility":"","ast-main-header-display":"","ast-hfb-above-header-display":"","ast-hfb-below-header-display":"","ast-hfb-mobile-header-display":"","site-post-title":"","ast-breadcrumbs-content":"","ast-featured-img":"","footer-sml-layout":"","theme-transparent-header-meta":"default","adv-header-id-meta":"","stick-header-meta":"","header-above-stick-meta":"","header-main-stick-meta":"","header-below-stick-meta":"","astra-migrate-meta-layouts":"default","ast-page-background-enabled":"default","ast-page-background-meta":{"desktop":{"background-color":"","background-image":"","background-repeat":"repeat","background-position":"center center","background-size":"auto","background-attachment":"scroll","background-type":"","background-media":"","overlay-type":"","overlay-color":"","overlay-opacity":"","overlay-gradient":""},"tablet":{"background-color":"","background-image":"","background-repeat":"repeat","background-position":"center center","background-size":"auto","background-attachment":"scroll","background-type":"","background-media":"","overlay-type":"","overlay-color":"","overlay-opacity":"","overlay-gradient":""},"mobile":{"background-color":"","background-image":"","background-repeat":"repeat","background-position":"center center","background-size":"auto","background-attachment":"scroll","background-type":"","background-media":"","overlay-type":"","overlay-color":"","overlay-opacity":"","overlay-gradient":""}},"ast-content-background-meta":{"desktop":{"background-color":"var(--ast-global-color-5)","background-image":"","background-repeat":"repeat","background-position":"center center","background-size":"auto","background-attachment":"scroll","background-type":"","background-media":"","overlay-type":"","overlay-color":"","overlay-opacity":"","overlay-gradient":""},"tablet":{"background-color":"var(--ast-global-color-5)","background-image":"","background-repeat":"repeat","background-position":"center center","background-size":"auto","background-attachment":"scroll","background-type":"","background-media":"","overlay-type":"","overlay-color":"","overlay-opacity":"","overlay-gradient":""},"mobile":{"background-color":"var(--ast-global-color-5)","background-image":"","background-repeat":"repeat","background-position":"center center","background-size":"auto","background-attachment":"scroll","background-type":"","background-media":"","overlay-type":"","overlay-color":"","overlay-opacity":"","overlay-gradient":""}}},"product_brand":[],"product_cat":[22,118,26,30,94],"product_tag":[137,138,136,135,129,126,85,124,125,127,72,76,134,123,131,71,133],"class_list":{"0":"post-3658","1":"product","2":"type-product","3":"status-publish","4":"has-post-thumbnail","6":"product_cat-lyzwiarstwo-figurowe","7":"product_cat-aerial-hoop","8":"product_cat-akrobatyka-powietrzna","9":"product_cat-gimnastyka-artystyczna","10":"product_cat-show-costumes","11":"product_tag-kombinezonaerialhoop","12":"product_tag-kombinezonaerialsilk","13":"product_tag-kombinezonakrobatykapowietrzna","14":"product_tag-kostiumdoakrobatyki","15":"product_tag-acrobatic-costume","16":"product_tag-aerial-costumes","17":"product_tag-aerial-hoop","18":"product_tag-aerial-hoop-costume","19":"product_tag-aerial-silk-costume","20":"product_tag-aerialist","21":"product_tag-akrobatyka-powietrzna","22":"product_tag-body-gimnstyczne","23":"product_tag-circus-costumes","24":"product_tag-kombinezon-gimnastyczny","25":"product_tag-kombinezon-na-zawody","26":"product_tag-lyzwiarstwo","27":"product_tag-stroj-do-zawodow-aerial-silk","28":"desktop-align-left","29":"tablet-align-left","30":"mobile-align-left","32":"first","33":"instock","34":"taxable","35":"shipping-taxable","36":"purchasable","37":"product-type-simple"},"yoast_head":"<!-- This site is optimized with the Yoast SEO plugin v27.0 - https:\/\/yoast.com\/product\/yoast-seo-wordpress\/ -->\n<title>Kombinezon akrobatyczny Shampagne Velvet XS - AerialCostumes<\/title>\n<meta name=\"robots\" content=\"index, follow, max-snippet:-1, max-image-preview:large, max-video-preview:-1\" \/>\n<link rel=\"canonical\" href=\"https:\/\/www.aerialcostumes.pl\/en\/product\/kombinezon-akrobatyczny-shampagne-velvet-xs\/\" \/>\n<meta property=\"og:locale\" content=\"en_GB\" \/>\n<meta property=\"og:type\" content=\"article\" \/>\n<meta property=\"og:title\" content=\"Kombinezon akrobatyczny Shampagne Velvet XS - AerialCostumes\" \/>\n<meta property=\"og:description\" content=\"Kombinezon akrobatyczny wykonany z weluru w kolorze szampa\u0144skim. Str\u00f3j ozdobiony kryszta\u0142kami w kolorze opalizujacego srebra AB pi\u0119knie si\u0119 prazentuje na scenie! Du\u017ce kryszta\u0142y dodatkowo przyszyte r\u0119cznie. Str\u00f3j nadaje si\u0119 na zawody i pokazy!\" \/>\n<meta property=\"og:url\" content=\"https:\/\/www.aerialcostumes.pl\/en\/product\/kombinezon-akrobatyczny-shampagne-velvet-xs\/\" \/>\n<meta property=\"og:site_name\" content=\"AerialCostumes\" \/>\n<meta property=\"article:publisher\" content=\"https:\/\/www.facebook.com\/aerialcostumespl\" \/>\n<meta property=\"article:modified_time\" content=\"2023-11-07T12:19:35+00:00\" \/>\n<meta property=\"og:image\" content=\"https:\/\/www.aerialcostumes.pl\/wp-content\/uploads\/2023\/11\/401-1-scaled.jpg\" \/>\n\t<meta property=\"og:image:width\" content=\"2560\" \/>\n\t<meta property=\"og:image:height\" content=\"1707\" \/>\n\t<meta property=\"og:image:type\" content=\"image\/jpeg\" \/>\n<meta name=\"twitter:card\" content=\"summary_large_image\" \/>\n<meta name=\"twitter:label1\" content=\"Estimated reading time\" \/>\n\t<meta name=\"twitter:data1\" content=\"1 minute\" \/>\n<script type=\"application\/ld+json\" class=\"yoast-schema-graph\">{\"@context\":\"https:\/\/schema.org\",\"@graph\":[{\"@type\":\"WebPage\",\"@id\":\"https:\/\/www.aerialcostumes.pl\/produkt\/kombinezon-akrobatyczny-shampagne-velvet-xs\/\",\"url\":\"https:\/\/www.aerialcostumes.pl\/produkt\/kombinezon-akrobatyczny-shampagne-velvet-xs\/\",\"name\":\"Kombinezon akrobatyczny Shampagne Velvet XS - AerialCostumes\",\"isPartOf\":{\"@id\":\"https:\/\/www.aerialcostumes.pl\/#website\"},\"primaryImageOfPage\":{\"@id\":\"https:\/\/www.aerialcostumes.pl\/produkt\/kombinezon-akrobatyczny-shampagne-velvet-xs\/#primaryimage\"},\"image\":{\"@id\":\"https:\/\/www.aerialcostumes.pl\/produkt\/kombinezon-akrobatyczny-shampagne-velvet-xs\/#primaryimage\"},\"thumbnailUrl\":\"https:\/\/www.aerialcostumes.pl\/wp-content\/uploads\/2023\/11\/401-1-scaled.jpg\",\"datePublished\":\"2023-11-07T11:52:07+00:00\",\"dateModified\":\"2023-11-07T12:19:35+00:00\",\"breadcrumb\":{\"@id\":\"https:\/\/www.aerialcostumes.pl\/produkt\/kombinezon-akrobatyczny-shampagne-velvet-xs\/#breadcrumb\"},\"inLanguage\":\"en-GB\",\"potentialAction\":[{\"@type\":\"ReadAction\",\"target\":[\"https:\/\/www.aerialcostumes.pl\/produkt\/kombinezon-akrobatyczny-shampagne-velvet-xs\/\"]}]},{\"@type\":\"ImageObject\",\"inLanguage\":\"en-GB\",\"@id\":\"https:\/\/www.aerialcostumes.pl\/produkt\/kombinezon-akrobatyczny-shampagne-velvet-xs\/#primaryimage\",\"url\":\"https:\/\/www.aerialcostumes.pl\/wp-content\/uploads\/2023\/11\/401-1-scaled.jpg\",\"contentUrl\":\"https:\/\/www.aerialcostumes.pl\/wp-content\/uploads\/2023\/11\/401-1-scaled.jpg\",\"width\":2560,\"height\":1707},{\"@type\":\"BreadcrumbList\",\"@id\":\"https:\/\/www.aerialcostumes.pl\/produkt\/kombinezon-akrobatyczny-shampagne-velvet-xs\/#breadcrumb\",\"itemListElement\":[{\"@type\":\"ListItem\",\"position\":1,\"name\":\"Strona g\u0142\u00f3wna\",\"item\":\"https:\/\/www.aerialcostumes.pl\/en\/home\/\"},{\"@type\":\"ListItem\",\"position\":2,\"name\":\"Sklep\",\"item\":\"https:\/\/www.aerialcostumes.pl\/sklep\/\"},{\"@type\":\"ListItem\",\"position\":3,\"name\":\"Kombinezon akrobatyczny Shampagne Velvet XS\"}]},{\"@type\":\"WebSite\",\"@id\":\"https:\/\/www.aerialcostumes.pl\/#website\",\"url\":\"https:\/\/www.aerialcostumes.pl\/\",\"name\":\"AerialCostumes\",\"description\":\"Producent Odzie\u017cy\",\"publisher\":{\"@id\":\"https:\/\/www.aerialcostumes.pl\/#\/schema\/person\/58c48f20a11b7035c78d5319e55d791c\"},\"potentialAction\":[{\"@type\":\"SearchAction\",\"target\":{\"@type\":\"EntryPoint\",\"urlTemplate\":\"https:\/\/www.aerialcostumes.pl\/?s={search_term_string}\"},\"query-input\":{\"@type\":\"PropertyValueSpecification\",\"valueRequired\":true,\"valueName\":\"search_term_string\"}}],\"inLanguage\":\"en-GB\"},{\"@type\":[\"Person\",\"Organization\"],\"@id\":\"https:\/\/www.aerialcostumes.pl\/#\/schema\/person\/58c48f20a11b7035c78d5319e55d791c\",\"name\":\"aerialcostumes\",\"image\":{\"@type\":\"ImageObject\",\"inLanguage\":\"en-GB\",\"@id\":\"https:\/\/www.aerialcostumes.pl\/#\/schema\/person\/image\/\",\"url\":\"https:\/\/www.aerialcostumes.pl\/wp-content\/uploads\/2020\/10\/cropped-logo-1-1.jpg\",\"contentUrl\":\"https:\/\/www.aerialcostumes.pl\/wp-content\/uploads\/2020\/10\/cropped-logo-1-1.jpg\",\"width\":750,\"height\":590,\"caption\":\"aerialcostumes\"},\"logo\":{\"@id\":\"https:\/\/www.aerialcostumes.pl\/#\/schema\/person\/image\/\"},\"sameAs\":[\"https:\/\/www.aerialcostumes.pl\",\"https:\/\/www.facebook.com\/aerialcostumespl\",\"https:\/\/instagram.com\/aerialcostumes.pl?igshid=OGQ5ZDc2ODk2ZA==\"]}]}<\/script>\n<!-- \/ Yoast SEO plugin. -->","yoast_head_json":{"title":"Kombinezon akrobatyczny Shampagne Velvet XS - AerialCostumes","robots":{"index":"index","follow":"follow","max-snippet":"max-snippet:-1","max-image-preview":"max-image-preview:large","max-video-preview":"max-video-preview:-1"},"canonical":"https:\/\/www.aerialcostumes.pl\/en\/product\/kombinezon-akrobatyczny-shampagne-velvet-xs\/","og_locale":"en_GB","og_type":"article","og_title":"Kombinezon akrobatyczny Shampagne Velvet XS - AerialCostumes","og_description":"Kombinezon akrobatyczny wykonany z weluru w kolorze szampa\u0144skim. Str\u00f3j ozdobiony kryszta\u0142kami w kolorze opalizujacego srebra AB pi\u0119knie si\u0119 prazentuje na scenie! Du\u017ce kryszta\u0142y dodatkowo przyszyte r\u0119cznie. Str\u00f3j nadaje si\u0119 na zawody i pokazy!","og_url":"https:\/\/www.aerialcostumes.pl\/en\/product\/kombinezon-akrobatyczny-shampagne-velvet-xs\/","og_site_name":"AerialCostumes","article_publisher":"https:\/\/www.facebook.com\/aerialcostumespl","article_modified_time":"2023-11-07T12:19:35+00:00","og_image":[{"width":2560,"height":1707,"url":"https:\/\/www.aerialcostumes.pl\/wp-content\/uploads\/2023\/11\/401-1-scaled.jpg","type":"image\/jpeg"}],"twitter_card":"summary_large_image","twitter_misc":{"Estimated reading time":"1 minute"},"schema":{"@context":"https:\/\/schema.org","@graph":[{"@type":"WebPage","@id":"https:\/\/www.aerialcostumes.pl\/produkt\/kombinezon-akrobatyczny-shampagne-velvet-xs\/","url":"https:\/\/www.aerialcostumes.pl\/produkt\/kombinezon-akrobatyczny-shampagne-velvet-xs\/","name":"Kombinezon akrobatyczny Shampagne Velvet XS - AerialCostumes","isPartOf":{"@id":"https:\/\/www.aerialcostumes.pl\/#website"},"primaryImageOfPage":{"@id":"https:\/\/www.aerialcostumes.pl\/produkt\/kombinezon-akrobatyczny-shampagne-velvet-xs\/#primaryimage"},"image":{"@id":"https:\/\/www.aerialcostumes.pl\/produkt\/kombinezon-akrobatyczny-shampagne-velvet-xs\/#primaryimage"},"thumbnailUrl":"https:\/\/www.aerialcostumes.pl\/wp-content\/uploads\/2023\/11\/401-1-scaled.jpg","datePublished":"2023-11-07T11:52:07+00:00","dateModified":"2023-11-07T12:19:35+00:00","breadcrumb":{"@id":"https:\/\/www.aerialcostumes.pl\/produkt\/kombinezon-akrobatyczny-shampagne-velvet-xs\/#breadcrumb"},"inLanguage":"en-GB","potentialAction":[{"@type":"ReadAction","target":["https:\/\/www.aerialcostumes.pl\/produkt\/kombinezon-akrobatyczny-shampagne-velvet-xs\/"]}]},{"@type":"ImageObject","inLanguage":"en-GB","@id":"https:\/\/www.aerialcostumes.pl\/produkt\/kombinezon-akrobatyczny-shampagne-velvet-xs\/#primaryimage","url":"https:\/\/www.aerialcostumes.pl\/wp-content\/uploads\/2023\/11\/401-1-scaled.jpg","contentUrl":"https:\/\/www.aerialcostumes.pl\/wp-content\/uploads\/2023\/11\/401-1-scaled.jpg","width":2560,"height":1707},{"@type":"BreadcrumbList","@id":"https:\/\/www.aerialcostumes.pl\/produkt\/kombinezon-akrobatyczny-shampagne-velvet-xs\/#breadcrumb","itemListElement":[{"@type":"ListItem","position":1,"name":"Strona g\u0142\u00f3wna","item":"https:\/\/www.aerialcostumes.pl\/en\/home\/"},{"@type":"ListItem","position":2,"name":"Sklep","item":"https:\/\/www.aerialcostumes.pl\/sklep\/"},{"@type":"ListItem","position":3,"name":"Kombinezon akrobatyczny Shampagne Velvet XS"}]},{"@type":"WebSite","@id":"https:\/\/www.aerialcostumes.pl\/#website","url":"https:\/\/www.aerialcostumes.pl\/","name":"AerialCostumes","description":"Clothes producer","publisher":{"@id":"https:\/\/www.aerialcostumes.pl\/#\/schema\/person\/58c48f20a11b7035c78d5319e55d791c"},"potentialAction":[{"@type":"SearchAction","target":{"@type":"EntryPoint","urlTemplate":"https:\/\/www.aerialcostumes.pl\/?s={search_term_string}"},"query-input":{"@type":"PropertyValueSpecification","valueRequired":true,"valueName":"search_term_string"}}],"inLanguage":"en-GB"},{"@type":["Person","Organization"],"@id":"https:\/\/www.aerialcostumes.pl\/#\/schema\/person\/58c48f20a11b7035c78d5319e55d791c","name":"aerialcostumes","image":{"@type":"ImageObject","inLanguage":"en-GB","@id":"https:\/\/www.aerialcostumes.pl\/#\/schema\/person\/image\/","url":"https:\/\/www.aerialcostumes.pl\/wp-content\/uploads\/2020\/10\/cropped-logo-1-1.jpg","contentUrl":"https:\/\/www.aerialcostumes.pl\/wp-content\/uploads\/2020\/10\/cropped-logo-1-1.jpg","width":750,"height":590,"caption":"aerialcostumes"},"logo":{"@id":"https:\/\/www.aerialcostumes.pl\/#\/schema\/person\/image\/"},"sameAs":["https:\/\/www.aerialcostumes.pl","https:\/\/www.facebook.com\/aerialcostumespl","https:\/\/instagram.com\/aerialcostumes.pl?igshid=OGQ5ZDc2ODk2ZA=="]}]}},"_links":{"self":[{"href":"https:\/\/www.aerialcostumes.pl\/en\/wp-json\/wp\/v2\/product\/3658","targetHints":{"allow":["GET"]}}],"collection":[{"href":"https:\/\/www.aerialcostumes.pl\/en\/wp-json\/wp\/v2\/product"}],"about":[{"href":"https:\/\/www.aerialcostumes.pl\/en\/wp-json\/wp\/v2\/types\/product"}],"replies":[{"embeddable":true,"href":"https:\/\/www.aerialcostumes.pl\/en\/wp-json\/wp\/v2\/comments?post=3658"}],"version-history":[{"count":2,"href":"https:\/\/www.aerialcostumes.pl\/en\/wp-json\/wp\/v2\/product\/3658\/revisions"}],"predecessor-version":[{"id":3670,"href":"https:\/\/www.aerialcostumes.pl\/en\/wp-json\/wp\/v2\/product\/3658\/revisions\/3670"}],"wp:featuredmedia":[{"embeddable":true,"href":"https:\/\/www.aerialcostumes.pl\/en\/wp-json\/wp\/v2\/media\/3659"}],"wp:attachment":[{"href":"https:\/\/www.aerialcostumes.pl\/en\/wp-json\/wp\/v2\/media?parent=3658"}],"wp:term":[{"taxonomy":"product_brand","embeddable":true,"href":"https:\/\/www.aerialcostumes.pl\/en\/wp-json\/wp\/v2\/product_brand?post=3658"},{"taxonomy":"product_cat","embeddable":true,"href":"https:\/\/www.aerialcostumes.pl\/en\/wp-json\/wp\/v2\/product_cat?post=3658"},{"taxonomy":"product_tag","embeddable":true,"href":"https:\/\/www.aerialcostumes.pl\/en\/wp-json\/wp\/v2\/product_tag?post=3658"}],"curies":[{"name":"wp","href":"https:\/\/api.w.org\/{rel}","templated":true}]}}