{"id":3573,"date":"2023-10-20T12:00:27","date_gmt":"2023-10-20T10:00:27","guid":{"rendered":"https:\/\/www.aerialcostumes.pl\/?post_type=product&#038;p=3573"},"modified":"2024-07-03T11:40:20","modified_gmt":"2024-07-03T09:40:20","slug":"getry-cieliste-do-gimnastyki-akrobatyki-powietrznej-lyzwiarstwa-wzrost-172-185-xl","status":"publish","type":"product","link":"https:\/\/www.aerialcostumes.pl\/en\/product\/getry-cieliste-do-gimnastyki-akrobatyki-powietrznej-lyzwiarstwa-wzrost-172-185-xl\/","title":{"rendered":"Nude leggings for Gymnastics, Aerial Acrobatics, Skating, height 172-185 XL"},"content":{"rendered":"<blockquote><p>Nude leggings with a cutout on the heels.<\/p><\/blockquote>\n<p>Rozmiar XL<\/p>\n<p>Wzrost 172-185cm<\/p>\n<p>Obw\u00f3d pasa\/talii 48-80cm<\/p>\n<p>D\u0142ugo\u015b\u0107 od kroku do ziemi: 74-110cm<\/p>","protected":false},"excerpt":{"rendered":"<p>Leggings for gym clothes\/bodysuits. Perfect for training, shows, competitions and photo sessions!<\/p>\n<p>Thin and delicate, like a second skin!<\/p>\n<p>Composition:<\/p>\n<p>85%Nylon<\/p>\n<p>15%Spandex<\/p>\n<p>&nbsp;<\/p>","protected":false},"featured_media":2376,"comment_status":"open","ping_status":"closed","template":"","meta":{"_monsterinsights_skip_tracking":false,"_monsterinsights_sitenote_active":false,"_monsterinsights_sitenote_note":"","_monsterinsights_sitenote_category":0,"site-sidebar-layout":"default","site-content-layout":"default","ast-site-content-layout":"default","site-content-style":"default","site-sidebar-style":"default","ast-global-header-display":"","ast-banner-title-visibility":"","ast-main-header-display":"","ast-hfb-above-header-display":"","ast-hfb-below-header-display":"","ast-hfb-mobile-header-display":"","site-post-title":"","ast-breadcrumbs-content":"","ast-featured-img":"","footer-sml-layout":"","theme-transparent-header-meta":"default","adv-header-id-meta":"","stick-header-meta":"","header-above-stick-meta":"","header-main-stick-meta":"","header-below-stick-meta":"","astra-migrate-meta-layouts":"set","ast-page-background-enabled":"default","ast-page-background-meta":{"desktop":{"background-color":"","background-image":"","background-repeat":"repeat","background-position":"center center","background-size":"auto","background-attachment":"scroll","background-type":"","background-media":"","overlay-type":"","overlay-color":"","overlay-opacity":"","overlay-gradient":""},"tablet":{"background-color":"","background-image":"","background-repeat":"repeat","background-position":"center center","background-size":"auto","background-attachment":"scroll","background-type":"","background-media":"","overlay-type":"","overlay-color":"","overlay-opacity":"","overlay-gradient":""},"mobile":{"background-color":"","background-image":"","background-repeat":"repeat","background-position":"center center","background-size":"auto","background-attachment":"scroll","background-type":"","background-media":"","overlay-type":"","overlay-color":"","overlay-opacity":"","overlay-gradient":""}},"ast-content-background-meta":{"desktop":{"background-color":"var(--ast-global-color-5)","background-image":"","background-repeat":"repeat","background-position":"center center","background-size":"auto","background-attachment":"scroll","background-type":"","background-media":"","overlay-type":"","overlay-color":"","overlay-opacity":"","overlay-gradient":""},"tablet":{"background-color":"var(--ast-global-color-5)","background-image":"","background-repeat":"repeat","background-position":"center center","background-size":"auto","background-attachment":"scroll","background-type":"","background-media":"","overlay-type":"","overlay-color":"","overlay-opacity":"","overlay-gradient":""},"mobile":{"background-color":"var(--ast-global-color-5)","background-image":"","background-repeat":"repeat","background-position":"center center","background-size":"auto","background-attachment":"scroll","background-type":"","background-media":"","overlay-type":"","overlay-color":"","overlay-opacity":"","overlay-gradient":""}}},"product_brand":[],"product_cat":[22,25,26,88,78,30,29],"product_tag":[92,67,72,73,35],"class_list":{"0":"post-3573","1":"product","2":"type-product","3":"status-publish","4":"has-post-thumbnail","6":"product_cat-lyzwiarstwo-figurowe","7":"product_cat-akcesoria","8":"product_cat-akrobatyka-powietrzna","9":"product_cat-akrobatyka-sportowa","10":"product_cat-balet","11":"product_cat-gimnastyka-artystyczna","12":"product_cat-stroje-do-treningu","13":"product_tag-akcesoria","14":"product_tag-akrobatyka","15":"product_tag-akrobatyka-powietrzna","16":"product_tag-gimnastyka","17":"product_tag-gimnastyka-artystyczna","18":"desktop-align-left","19":"tablet-align-left","20":"mobile-align-left","22":"first","23":"instock","24":"taxable","25":"shipping-taxable","26":"purchasable","27":"product-type-simple"},"yoast_head":"<!-- This site is optimized with the Yoast SEO plugin v27.0 - https:\/\/yoast.com\/product\/yoast-seo-wordpress\/ -->\n<title>Getry Cieliste do Gimnastyki Akrobatyki Powietrznej \u0141y\u017cwiarstwa wzrost 172-185 XL - AerialCostumes<\/title>\n<meta name=\"robots\" content=\"index, follow, max-snippet:-1, max-image-preview:large, max-video-preview:-1\" \/>\n<link rel=\"canonical\" href=\"https:\/\/www.aerialcostumes.pl\/en\/product\/getry-cieliste-do-gimnastyki-akrobatyki-powietrznej-lyzwiarstwa-wzrost-172-185-xl\/\" \/>\n<meta property=\"og:locale\" content=\"en_GB\" \/>\n<meta property=\"og:type\" content=\"article\" \/>\n<meta property=\"og:title\" content=\"Getry Cieliste do Gimnastyki Akrobatyki Powietrznej \u0141y\u017cwiarstwa wzrost 172-185 XL - AerialCostumes\" \/>\n<meta property=\"og:description\" content=\"Getry pod str\u00f3j\/body gimnastyczne. Idealne do treningu, na pokazy, zawody i sesje zdj\u0119ciowe!  Cieniutkie i delikatne, jak druga sk\u00f3ra!  Sk\u0142ad:  85%Nylon  15%Spandex  &nbsp;\" \/>\n<meta property=\"og:url\" content=\"https:\/\/www.aerialcostumes.pl\/en\/product\/getry-cieliste-do-gimnastyki-akrobatyki-powietrznej-lyzwiarstwa-wzrost-172-185-xl\/\" \/>\n<meta property=\"og:site_name\" content=\"AerialCostumes\" \/>\n<meta property=\"article:publisher\" content=\"https:\/\/www.facebook.com\/aerialcostumespl\" \/>\n<meta property=\"article:modified_time\" content=\"2024-07-03T09:40:20+00:00\" \/>\n<meta property=\"og:image\" content=\"https:\/\/www.aerialcostumes.pl\/wp-content\/uploads\/2021\/05\/20210522_123801-scaled.jpg\" \/>\n\t<meta property=\"og:image:width\" content=\"1746\" \/>\n\t<meta property=\"og:image:height\" content=\"2560\" \/>\n\t<meta property=\"og:image:type\" content=\"image\/jpeg\" \/>\n<meta name=\"twitter:card\" content=\"summary_large_image\" \/>\n<meta name=\"twitter:label1\" content=\"Estimated reading time\" \/>\n\t<meta name=\"twitter:data1\" content=\"1 minute\" \/>\n<script type=\"application\/ld+json\" class=\"yoast-schema-graph\">{\"@context\":\"https:\/\/schema.org\",\"@graph\":[{\"@type\":\"WebPage\",\"@id\":\"https:\/\/www.aerialcostumes.pl\/produkt\/getry-cieliste-do-gimnastyki-akrobatyki-powietrznej-lyzwiarstwa-wzrost-172-185-xl\/\",\"url\":\"https:\/\/www.aerialcostumes.pl\/produkt\/getry-cieliste-do-gimnastyki-akrobatyki-powietrznej-lyzwiarstwa-wzrost-172-185-xl\/\",\"name\":\"Getry Cieliste do Gimnastyki Akrobatyki Powietrznej \u0141y\u017cwiarstwa wzrost 172-185 XL - AerialCostumes\",\"isPartOf\":{\"@id\":\"https:\/\/www.aerialcostumes.pl\/#website\"},\"primaryImageOfPage\":{\"@id\":\"https:\/\/www.aerialcostumes.pl\/produkt\/getry-cieliste-do-gimnastyki-akrobatyki-powietrznej-lyzwiarstwa-wzrost-172-185-xl\/#primaryimage\"},\"image\":{\"@id\":\"https:\/\/www.aerialcostumes.pl\/produkt\/getry-cieliste-do-gimnastyki-akrobatyki-powietrznej-lyzwiarstwa-wzrost-172-185-xl\/#primaryimage\"},\"thumbnailUrl\":\"https:\/\/www.aerialcostumes.pl\/wp-content\/uploads\/2021\/05\/20210522_123801-scaled.jpg\",\"datePublished\":\"2023-10-20T10:00:27+00:00\",\"dateModified\":\"2024-07-03T09:40:20+00:00\",\"breadcrumb\":{\"@id\":\"https:\/\/www.aerialcostumes.pl\/produkt\/getry-cieliste-do-gimnastyki-akrobatyki-powietrznej-lyzwiarstwa-wzrost-172-185-xl\/#breadcrumb\"},\"inLanguage\":\"en-GB\",\"potentialAction\":[{\"@type\":\"ReadAction\",\"target\":[\"https:\/\/www.aerialcostumes.pl\/produkt\/getry-cieliste-do-gimnastyki-akrobatyki-powietrznej-lyzwiarstwa-wzrost-172-185-xl\/\"]}]},{\"@type\":\"ImageObject\",\"inLanguage\":\"en-GB\",\"@id\":\"https:\/\/www.aerialcostumes.pl\/produkt\/getry-cieliste-do-gimnastyki-akrobatyki-powietrznej-lyzwiarstwa-wzrost-172-185-xl\/#primaryimage\",\"url\":\"https:\/\/www.aerialcostumes.pl\/wp-content\/uploads\/2021\/05\/20210522_123801-scaled.jpg\",\"contentUrl\":\"https:\/\/www.aerialcostumes.pl\/wp-content\/uploads\/2021\/05\/20210522_123801-scaled.jpg\",\"width\":1746,\"height\":2560},{\"@type\":\"BreadcrumbList\",\"@id\":\"https:\/\/www.aerialcostumes.pl\/produkt\/getry-cieliste-do-gimnastyki-akrobatyki-powietrznej-lyzwiarstwa-wzrost-172-185-xl\/#breadcrumb\",\"itemListElement\":[{\"@type\":\"ListItem\",\"position\":1,\"name\":\"Strona g\u0142\u00f3wna\",\"item\":\"https:\/\/www.aerialcostumes.pl\/en\/home\/\"},{\"@type\":\"ListItem\",\"position\":2,\"name\":\"Sklep\",\"item\":\"https:\/\/www.aerialcostumes.pl\/sklep\/\"},{\"@type\":\"ListItem\",\"position\":3,\"name\":\"Getry Cieliste do Gimnastyki Akrobatyki Powietrznej \u0141y\u017cwiarstwa wzrost 172-185 XL\"}]},{\"@type\":\"WebSite\",\"@id\":\"https:\/\/www.aerialcostumes.pl\/#website\",\"url\":\"https:\/\/www.aerialcostumes.pl\/\",\"name\":\"AerialCostumes\",\"description\":\"Producent Odzie\u017cy\",\"publisher\":{\"@id\":\"https:\/\/www.aerialcostumes.pl\/#\/schema\/person\/58c48f20a11b7035c78d5319e55d791c\"},\"potentialAction\":[{\"@type\":\"SearchAction\",\"target\":{\"@type\":\"EntryPoint\",\"urlTemplate\":\"https:\/\/www.aerialcostumes.pl\/?s={search_term_string}\"},\"query-input\":{\"@type\":\"PropertyValueSpecification\",\"valueRequired\":true,\"valueName\":\"search_term_string\"}}],\"inLanguage\":\"en-GB\"},{\"@type\":[\"Person\",\"Organization\"],\"@id\":\"https:\/\/www.aerialcostumes.pl\/#\/schema\/person\/58c48f20a11b7035c78d5319e55d791c\",\"name\":\"aerialcostumes\",\"image\":{\"@type\":\"ImageObject\",\"inLanguage\":\"en-GB\",\"@id\":\"https:\/\/www.aerialcostumes.pl\/#\/schema\/person\/image\/\",\"url\":\"https:\/\/www.aerialcostumes.pl\/wp-content\/uploads\/2020\/10\/cropped-logo-1-1.jpg\",\"contentUrl\":\"https:\/\/www.aerialcostumes.pl\/wp-content\/uploads\/2020\/10\/cropped-logo-1-1.jpg\",\"width\":750,\"height\":590,\"caption\":\"aerialcostumes\"},\"logo\":{\"@id\":\"https:\/\/www.aerialcostumes.pl\/#\/schema\/person\/image\/\"},\"sameAs\":[\"https:\/\/www.aerialcostumes.pl\",\"https:\/\/www.facebook.com\/aerialcostumespl\",\"https:\/\/instagram.com\/aerialcostumes.pl?igshid=OGQ5ZDc2ODk2ZA==\"]}]}<\/script>\n<!-- \/ Yoast SEO plugin. -->","yoast_head_json":{"title":"Getry Cieliste do Gimnastyki Akrobatyki Powietrznej \u0141y\u017cwiarstwa wzrost 172-185 XL - AerialCostumes","robots":{"index":"index","follow":"follow","max-snippet":"max-snippet:-1","max-image-preview":"max-image-preview:large","max-video-preview":"max-video-preview:-1"},"canonical":"https:\/\/www.aerialcostumes.pl\/en\/product\/getry-cieliste-do-gimnastyki-akrobatyki-powietrznej-lyzwiarstwa-wzrost-172-185-xl\/","og_locale":"en_GB","og_type":"article","og_title":"Getry Cieliste do Gimnastyki Akrobatyki Powietrznej \u0141y\u017cwiarstwa wzrost 172-185 XL - AerialCostumes","og_description":"Getry pod str\u00f3j\/body gimnastyczne. Idealne do treningu, na pokazy, zawody i sesje zdj\u0119ciowe!  Cieniutkie i delikatne, jak druga sk\u00f3ra!  Sk\u0142ad:  85%Nylon  15%Spandex  &nbsp;","og_url":"https:\/\/www.aerialcostumes.pl\/en\/product\/getry-cieliste-do-gimnastyki-akrobatyki-powietrznej-lyzwiarstwa-wzrost-172-185-xl\/","og_site_name":"AerialCostumes","article_publisher":"https:\/\/www.facebook.com\/aerialcostumespl","article_modified_time":"2024-07-03T09:40:20+00:00","og_image":[{"width":1746,"height":2560,"url":"https:\/\/www.aerialcostumes.pl\/wp-content\/uploads\/2021\/05\/20210522_123801-scaled.jpg","type":"image\/jpeg"}],"twitter_card":"summary_large_image","twitter_misc":{"Estimated reading time":"1 minute"},"schema":{"@context":"https:\/\/schema.org","@graph":[{"@type":"WebPage","@id":"https:\/\/www.aerialcostumes.pl\/produkt\/getry-cieliste-do-gimnastyki-akrobatyki-powietrznej-lyzwiarstwa-wzrost-172-185-xl\/","url":"https:\/\/www.aerialcostumes.pl\/produkt\/getry-cieliste-do-gimnastyki-akrobatyki-powietrznej-lyzwiarstwa-wzrost-172-185-xl\/","name":"Getry Cieliste do Gimnastyki Akrobatyki Powietrznej \u0141y\u017cwiarstwa wzrost 172-185 XL - AerialCostumes","isPartOf":{"@id":"https:\/\/www.aerialcostumes.pl\/#website"},"primaryImageOfPage":{"@id":"https:\/\/www.aerialcostumes.pl\/produkt\/getry-cieliste-do-gimnastyki-akrobatyki-powietrznej-lyzwiarstwa-wzrost-172-185-xl\/#primaryimage"},"image":{"@id":"https:\/\/www.aerialcostumes.pl\/produkt\/getry-cieliste-do-gimnastyki-akrobatyki-powietrznej-lyzwiarstwa-wzrost-172-185-xl\/#primaryimage"},"thumbnailUrl":"https:\/\/www.aerialcostumes.pl\/wp-content\/uploads\/2021\/05\/20210522_123801-scaled.jpg","datePublished":"2023-10-20T10:00:27+00:00","dateModified":"2024-07-03T09:40:20+00:00","breadcrumb":{"@id":"https:\/\/www.aerialcostumes.pl\/produkt\/getry-cieliste-do-gimnastyki-akrobatyki-powietrznej-lyzwiarstwa-wzrost-172-185-xl\/#breadcrumb"},"inLanguage":"en-GB","potentialAction":[{"@type":"ReadAction","target":["https:\/\/www.aerialcostumes.pl\/produkt\/getry-cieliste-do-gimnastyki-akrobatyki-powietrznej-lyzwiarstwa-wzrost-172-185-xl\/"]}]},{"@type":"ImageObject","inLanguage":"en-GB","@id":"https:\/\/www.aerialcostumes.pl\/produkt\/getry-cieliste-do-gimnastyki-akrobatyki-powietrznej-lyzwiarstwa-wzrost-172-185-xl\/#primaryimage","url":"https:\/\/www.aerialcostumes.pl\/wp-content\/uploads\/2021\/05\/20210522_123801-scaled.jpg","contentUrl":"https:\/\/www.aerialcostumes.pl\/wp-content\/uploads\/2021\/05\/20210522_123801-scaled.jpg","width":1746,"height":2560},{"@type":"BreadcrumbList","@id":"https:\/\/www.aerialcostumes.pl\/produkt\/getry-cieliste-do-gimnastyki-akrobatyki-powietrznej-lyzwiarstwa-wzrost-172-185-xl\/#breadcrumb","itemListElement":[{"@type":"ListItem","position":1,"name":"Strona g\u0142\u00f3wna","item":"https:\/\/www.aerialcostumes.pl\/en\/home\/"},{"@type":"ListItem","position":2,"name":"Sklep","item":"https:\/\/www.aerialcostumes.pl\/sklep\/"},{"@type":"ListItem","position":3,"name":"Getry Cieliste do Gimnastyki Akrobatyki Powietrznej \u0141y\u017cwiarstwa wzrost 172-185 XL"}]},{"@type":"WebSite","@id":"https:\/\/www.aerialcostumes.pl\/#website","url":"https:\/\/www.aerialcostumes.pl\/","name":"AerialCostumes","description":"Clothes producer","publisher":{"@id":"https:\/\/www.aerialcostumes.pl\/#\/schema\/person\/58c48f20a11b7035c78d5319e55d791c"},"potentialAction":[{"@type":"SearchAction","target":{"@type":"EntryPoint","urlTemplate":"https:\/\/www.aerialcostumes.pl\/?s={search_term_string}"},"query-input":{"@type":"PropertyValueSpecification","valueRequired":true,"valueName":"search_term_string"}}],"inLanguage":"en-GB"},{"@type":["Person","Organization"],"@id":"https:\/\/www.aerialcostumes.pl\/#\/schema\/person\/58c48f20a11b7035c78d5319e55d791c","name":"aerialcostumes","image":{"@type":"ImageObject","inLanguage":"en-GB","@id":"https:\/\/www.aerialcostumes.pl\/#\/schema\/person\/image\/","url":"https:\/\/www.aerialcostumes.pl\/wp-content\/uploads\/2020\/10\/cropped-logo-1-1.jpg","contentUrl":"https:\/\/www.aerialcostumes.pl\/wp-content\/uploads\/2020\/10\/cropped-logo-1-1.jpg","width":750,"height":590,"caption":"aerialcostumes"},"logo":{"@id":"https:\/\/www.aerialcostumes.pl\/#\/schema\/person\/image\/"},"sameAs":["https:\/\/www.aerialcostumes.pl","https:\/\/www.facebook.com\/aerialcostumespl","https:\/\/instagram.com\/aerialcostumes.pl?igshid=OGQ5ZDc2ODk2ZA=="]}]}},"_links":{"self":[{"href":"https:\/\/www.aerialcostumes.pl\/en\/wp-json\/wp\/v2\/product\/3573","targetHints":{"allow":["GET"]}}],"collection":[{"href":"https:\/\/www.aerialcostumes.pl\/en\/wp-json\/wp\/v2\/product"}],"about":[{"href":"https:\/\/www.aerialcostumes.pl\/en\/wp-json\/wp\/v2\/types\/product"}],"replies":[{"embeddable":true,"href":"https:\/\/www.aerialcostumes.pl\/en\/wp-json\/wp\/v2\/comments?post=3573"}],"version-history":[{"count":2,"href":"https:\/\/www.aerialcostumes.pl\/en\/wp-json\/wp\/v2\/product\/3573\/revisions"}],"predecessor-version":[{"id":3575,"href":"https:\/\/www.aerialcostumes.pl\/en\/wp-json\/wp\/v2\/product\/3573\/revisions\/3575"}],"wp:featuredmedia":[{"embeddable":true,"href":"https:\/\/www.aerialcostumes.pl\/en\/wp-json\/wp\/v2\/media\/2376"}],"wp:attachment":[{"href":"https:\/\/www.aerialcostumes.pl\/en\/wp-json\/wp\/v2\/media?parent=3573"}],"wp:term":[{"taxonomy":"product_brand","embeddable":true,"href":"https:\/\/www.aerialcostumes.pl\/en\/wp-json\/wp\/v2\/product_brand?post=3573"},{"taxonomy":"product_cat","embeddable":true,"href":"https:\/\/www.aerialcostumes.pl\/en\/wp-json\/wp\/v2\/product_cat?post=3573"},{"taxonomy":"product_tag","embeddable":true,"href":"https:\/\/www.aerialcostumes.pl\/en\/wp-json\/wp\/v2\/product_tag?post=3573"}],"curies":[{"name":"wp","href":"https:\/\/api.w.org\/{rel}","templated":true}]}}