{"id":3263,"date":"2023-06-23T17:24:45","date_gmt":"2023-06-23T15:24:45","guid":{"rendered":"https:\/\/www.aerialcostumes.pl\/?post_type=product&#038;p=3263"},"modified":"2023-06-23T17:24:46","modified_gmt":"2023-06-23T15:24:46","slug":"kombinezon-akrobatyczny-pink-134-140","status":"publish","type":"product","link":"https:\/\/www.aerialcostumes.pl\/en\/product\/kombinezon-akrobatyczny-pink-134-140\/","title":{"rendered":"Acrobatic suit Pink 134\/140"},"content":{"rendered":"<p style=\"font-size: 13.68px; font-style: normal; font-weight: 400; margin-bottom: 1.6em; color: #333333; font-family: Lato, sans-serif; background-color: #f9f9f9;\">Outfit size: 134\/140<\/p>\n<p style=\"font-size: 13.68px; font-style: normal; font-weight: 400; margin-bottom: 1.6em; color: #333333; font-family: Lato, sans-serif; background-color: #f9f9f9;\">Outfit dimensions: (min without stretching - max after stretching)<\/p>\n<p style=\"font-size: 13.68px; font-style: normal; font-weight: 400; margin-bottom: 1.6em; color: #333333; font-family: Lato, sans-serif; background-color: #f9f9f9;\">Chest circumference: 66-76cm<\/p>\n<p style=\"font-size: 13.68px; font-style: normal; font-weight: 400; margin-bottom: 1.6em; color: #333333; font-family: Lato, sans-serif; background-color: #f9f9f9;\">Waist circumference: 57-64cm<\/p>\n<p style=\"font-size: 13.68px; font-style: normal; font-weight: 400; margin-bottom: 1.6em; color: #333333; font-family: Lato, sans-serif; background-color: #f9f9f9;\">Hip circumference: 68-74cm<\/p>\n<p style=\"font-size: 13.68px; font-style: normal; font-weight: 400; margin-bottom: 1.6em; color: #333333; font-family: Lato, sans-serif; background-color: #f9f9f9;\">Thigh circumference at the top: 34-44 cm<\/p>\n<p style=\"font-size: 13.68px; font-style: normal; font-weight: 400; margin-bottom: 1.6em; color: #333333; font-family: Lato, sans-serif; background-color: #f9f9f9;\">Arm circumference at the top: 23-30cm<\/p>\n<p style=\"font-size: 13.68px; font-style: normal; font-weight: 400; margin-bottom: 1.6em; color: #333333; font-family: Lato, sans-serif; background-color: #f9f9f9;\">Wrist circumference: 15-18cm<\/p>\n<p style=\"font-size: 13.68px; font-style: normal; font-weight: 400; margin-bottom: 1.6em; color: #333333; font-family: Lato, sans-serif; background-color: #f9f9f9;\">Length from shoulder to wrist: 45cm<\/p>\n<p style=\"font-size: 13.68px; font-style: normal; font-weight: 400; margin-bottom: 1.6em; color: #333333; font-family: Lato, sans-serif; background-color: #f9f9f9;\">Length from shoulder to crotch: 50cm<\/p>\n<p style=\"font-size: 13.68px; font-style: normal; font-weight: 400; margin-bottom: 1.6em; color: #333333; font-family: Lato, sans-serif; background-color: #f9f9f9;\">Length of the leg from the crotch: 61cm<\/p>\n<p style=\"font-size: 13.68px; font-style: normal; font-weight: 400; margin-bottom: 1.6em; color: #333333; font-family: Lato, sans-serif; background-color: #f9f9f9;\">Length from shoulder to ankle: 108cm<\/p>\n<p>Stand-up collar 3 cm<\/p>\n<p style=\"font-size: 13.68px; font-style: normal; font-weight: 400; margin-bottom: 1.6em; color: #333333; font-family: Lato, sans-serif; background-color: #f9f9f9;\">Back zipper<\/p>\n<p style=\"font-size: 13.68px; font-style: normal; font-weight: 400; margin-bottom: 1.6em; color: #333333; font-family: Lato, sans-serif; background-color: #f9f9f9;\">Material 100% Lycra<\/p>\n<p style=\"font-size: 13.68px; font-style: normal; font-weight: 400; margin-bottom: 0px; color: #333333; font-family: Lato, sans-serif; background-color: #f9f9f9;\">Measurements may vary +\/- 1 cm<\/p>","protected":false},"excerpt":{"rendered":"<p>Acrobatic costume - jumpsuit, made of pink Lycra and finished and decorated with a black shiny lace at the waist.<\/p>\n<p style=\"text-align: left;\">The outfit is suitable for training, shows and aerial competitions!<\/p>","protected":false},"featured_media":3264,"comment_status":"open","ping_status":"closed","template":"","meta":{"_monsterinsights_skip_tracking":false,"_monsterinsights_sitenote_active":false,"_monsterinsights_sitenote_note":"","_monsterinsights_sitenote_category":0,"site-sidebar-layout":"default","site-content-layout":"default","ast-site-content-layout":"","site-content-style":"default","site-sidebar-style":"default","ast-global-header-display":"","ast-banner-title-visibility":"","ast-main-header-display":"","ast-hfb-above-header-display":"","ast-hfb-below-header-display":"","ast-hfb-mobile-header-display":"","site-post-title":"","ast-breadcrumbs-content":"","ast-featured-img":"","footer-sml-layout":"","theme-transparent-header-meta":"default","adv-header-id-meta":"","stick-header-meta":"","header-above-stick-meta":"","header-main-stick-meta":"","header-below-stick-meta":"","astra-migrate-meta-layouts":"default","ast-page-background-enabled":"default","ast-page-background-meta":{"desktop":{"background-color":"","background-image":"","background-repeat":"repeat","background-position":"center center","background-size":"auto","background-attachment":"scroll","background-type":"","background-media":"","overlay-type":"","overlay-color":"","overlay-opacity":"","overlay-gradient":""},"tablet":{"background-color":"","background-image":"","background-repeat":"repeat","background-position":"center center","background-size":"auto","background-attachment":"scroll","background-type":"","background-media":"","overlay-type":"","overlay-color":"","overlay-opacity":"","overlay-gradient":""},"mobile":{"background-color":"","background-image":"","background-repeat":"repeat","background-position":"center center","background-size":"auto","background-attachment":"scroll","background-type":"","background-media":"","overlay-type":"","overlay-color":"","overlay-opacity":"","overlay-gradient":""}},"ast-content-background-meta":{"desktop":{"background-color":"var(--ast-global-color-5)","background-image":"","background-repeat":"repeat","background-position":"center center","background-size":"auto","background-attachment":"scroll","background-type":"","background-media":"","overlay-type":"","overlay-color":"","overlay-opacity":"","overlay-gradient":""},"tablet":{"background-color":"var(--ast-global-color-5)","background-image":"","background-repeat":"repeat","background-position":"center center","background-size":"auto","background-attachment":"scroll","background-type":"","background-media":"","overlay-type":"","overlay-color":"","overlay-opacity":"","overlay-gradient":""},"mobile":{"background-color":"var(--ast-global-color-5)","background-image":"","background-repeat":"repeat","background-position":"center center","background-size":"auto","background-attachment":"scroll","background-type":"","background-media":"","overlay-type":"","overlay-color":"","overlay-opacity":"","overlay-gradient":""}}},"product_brand":[],"product_cat":[118,119,26],"product_tag":[85,86,67,72,84,96],"class_list":{"0":"post-3263","1":"product","2":"type-product","3":"status-publish","4":"has-post-thumbnail","6":"product_cat-aerial-hoop","7":"product_cat-aerial-silk","8":"product_cat-akrobatyka-powietrzna","9":"product_tag-aerial-hoop","10":"product_tag-aerial-silk","11":"product_tag-akrobatyka","12":"product_tag-akrobatyka-powietrzna","13":"product_tag-stroj-do-treningu","14":"product_tag-taniec","15":"desktop-align-left","16":"tablet-align-left","17":"mobile-align-left","19":"first","20":"instock","21":"taxable","22":"shipping-taxable","23":"purchasable","24":"product-type-simple"},"yoast_head":"<!-- This site is optimized with the Yoast SEO plugin v27.0 - https:\/\/yoast.com\/product\/yoast-seo-wordpress\/ -->\n<title>Kombinezon akrobatyczny Pink 134\/140 - AerialCostumes<\/title>\n<meta name=\"robots\" content=\"index, follow, max-snippet:-1, max-image-preview:large, max-video-preview:-1\" \/>\n<link rel=\"canonical\" href=\"https:\/\/www.aerialcostumes.pl\/en\/product\/kombinezon-akrobatyczny-pink-134-140\/\" \/>\n<meta property=\"og:locale\" content=\"en_GB\" \/>\n<meta property=\"og:type\" content=\"article\" \/>\n<meta property=\"og:title\" content=\"Kombinezon akrobatyczny Pink 134\/140 - AerialCostumes\" \/>\n<meta property=\"og:description\" content=\"Str\u00f3j akrobatyczny -kombinezon, wykonany z r\u00f3\u017cowej lycry oraz wyko\u0144czony i ozdobiony w pasie czarna b\u0142yszcz\u0105ca lam\u0105. Str\u00f3j nadaje si\u0119 do treningu oraz na pokazy, zawody aerial!\" \/>\n<meta property=\"og:url\" content=\"https:\/\/www.aerialcostumes.pl\/en\/product\/kombinezon-akrobatyczny-pink-134-140\/\" \/>\n<meta property=\"og:site_name\" content=\"AerialCostumes\" \/>\n<meta property=\"article:publisher\" content=\"https:\/\/www.facebook.com\/aerialcostumespl\" \/>\n<meta property=\"article:modified_time\" content=\"2023-06-23T15:24:46+00:00\" \/>\n<meta property=\"og:image\" content=\"https:\/\/www.aerialcostumes.pl\/wp-content\/uploads\/2023\/06\/PhotoRoom-20230623_171303_5.png\" \/>\n\t<meta property=\"og:image:width\" content=\"1500\" \/>\n\t<meta property=\"og:image:height\" content=\"2000\" \/>\n\t<meta property=\"og:image:type\" content=\"image\/png\" \/>\n<meta name=\"twitter:card\" content=\"summary_large_image\" \/>\n<meta name=\"twitter:label1\" content=\"Estimated reading time\" \/>\n\t<meta name=\"twitter:data1\" content=\"1 minute\" \/>\n<script type=\"application\/ld+json\" class=\"yoast-schema-graph\">{\"@context\":\"https:\/\/schema.org\",\"@graph\":[{\"@type\":\"WebPage\",\"@id\":\"https:\/\/www.aerialcostumes.pl\/produkt\/kombinezon-akrobatyczny-pink-134-140\/\",\"url\":\"https:\/\/www.aerialcostumes.pl\/produkt\/kombinezon-akrobatyczny-pink-134-140\/\",\"name\":\"Kombinezon akrobatyczny Pink 134\/140 - AerialCostumes\",\"isPartOf\":{\"@id\":\"https:\/\/www.aerialcostumes.pl\/#website\"},\"primaryImageOfPage\":{\"@id\":\"https:\/\/www.aerialcostumes.pl\/produkt\/kombinezon-akrobatyczny-pink-134-140\/#primaryimage\"},\"image\":{\"@id\":\"https:\/\/www.aerialcostumes.pl\/produkt\/kombinezon-akrobatyczny-pink-134-140\/#primaryimage\"},\"thumbnailUrl\":\"https:\/\/www.aerialcostumes.pl\/wp-content\/uploads\/2023\/06\/PhotoRoom-20230623_171303_5.png\",\"datePublished\":\"2023-06-23T15:24:45+00:00\",\"dateModified\":\"2023-06-23T15:24:46+00:00\",\"breadcrumb\":{\"@id\":\"https:\/\/www.aerialcostumes.pl\/produkt\/kombinezon-akrobatyczny-pink-134-140\/#breadcrumb\"},\"inLanguage\":\"en-GB\",\"potentialAction\":[{\"@type\":\"ReadAction\",\"target\":[\"https:\/\/www.aerialcostumes.pl\/produkt\/kombinezon-akrobatyczny-pink-134-140\/\"]}]},{\"@type\":\"ImageObject\",\"inLanguage\":\"en-GB\",\"@id\":\"https:\/\/www.aerialcostumes.pl\/produkt\/kombinezon-akrobatyczny-pink-134-140\/#primaryimage\",\"url\":\"https:\/\/www.aerialcostumes.pl\/wp-content\/uploads\/2023\/06\/PhotoRoom-20230623_171303_5.png\",\"contentUrl\":\"https:\/\/www.aerialcostumes.pl\/wp-content\/uploads\/2023\/06\/PhotoRoom-20230623_171303_5.png\",\"width\":1500,\"height\":2000},{\"@type\":\"BreadcrumbList\",\"@id\":\"https:\/\/www.aerialcostumes.pl\/produkt\/kombinezon-akrobatyczny-pink-134-140\/#breadcrumb\",\"itemListElement\":[{\"@type\":\"ListItem\",\"position\":1,\"name\":\"Strona g\u0142\u00f3wna\",\"item\":\"https:\/\/www.aerialcostumes.pl\/en\/home\/\"},{\"@type\":\"ListItem\",\"position\":2,\"name\":\"Sklep\",\"item\":\"https:\/\/www.aerialcostumes.pl\/sklep\/\"},{\"@type\":\"ListItem\",\"position\":3,\"name\":\"Kombinezon akrobatyczny Pink 134\/140\"}]},{\"@type\":\"WebSite\",\"@id\":\"https:\/\/www.aerialcostumes.pl\/#website\",\"url\":\"https:\/\/www.aerialcostumes.pl\/\",\"name\":\"AerialCostumes\",\"description\":\"Producent Odzie\u017cy\",\"publisher\":{\"@id\":\"https:\/\/www.aerialcostumes.pl\/#\/schema\/person\/58c48f20a11b7035c78d5319e55d791c\"},\"potentialAction\":[{\"@type\":\"SearchAction\",\"target\":{\"@type\":\"EntryPoint\",\"urlTemplate\":\"https:\/\/www.aerialcostumes.pl\/?s={search_term_string}\"},\"query-input\":{\"@type\":\"PropertyValueSpecification\",\"valueRequired\":true,\"valueName\":\"search_term_string\"}}],\"inLanguage\":\"en-GB\"},{\"@type\":[\"Person\",\"Organization\"],\"@id\":\"https:\/\/www.aerialcostumes.pl\/#\/schema\/person\/58c48f20a11b7035c78d5319e55d791c\",\"name\":\"aerialcostumes\",\"image\":{\"@type\":\"ImageObject\",\"inLanguage\":\"en-GB\",\"@id\":\"https:\/\/www.aerialcostumes.pl\/#\/schema\/person\/image\/\",\"url\":\"https:\/\/www.aerialcostumes.pl\/wp-content\/uploads\/2020\/10\/cropped-logo-1-1.jpg\",\"contentUrl\":\"https:\/\/www.aerialcostumes.pl\/wp-content\/uploads\/2020\/10\/cropped-logo-1-1.jpg\",\"width\":750,\"height\":590,\"caption\":\"aerialcostumes\"},\"logo\":{\"@id\":\"https:\/\/www.aerialcostumes.pl\/#\/schema\/person\/image\/\"},\"sameAs\":[\"https:\/\/www.aerialcostumes.pl\",\"https:\/\/www.facebook.com\/aerialcostumespl\",\"https:\/\/instagram.com\/aerialcostumes.pl?igshid=OGQ5ZDc2ODk2ZA==\"]}]}<\/script>\n<!-- \/ Yoast SEO plugin. -->","yoast_head_json":{"title":"Kombinezon akrobatyczny Pink 134\/140 - AerialCostumes","robots":{"index":"index","follow":"follow","max-snippet":"max-snippet:-1","max-image-preview":"max-image-preview:large","max-video-preview":"max-video-preview:-1"},"canonical":"https:\/\/www.aerialcostumes.pl\/en\/product\/kombinezon-akrobatyczny-pink-134-140\/","og_locale":"en_GB","og_type":"article","og_title":"Kombinezon akrobatyczny Pink 134\/140 - AerialCostumes","og_description":"Str\u00f3j akrobatyczny -kombinezon, wykonany z r\u00f3\u017cowej lycry oraz wyko\u0144czony i ozdobiony w pasie czarna b\u0142yszcz\u0105ca lam\u0105. Str\u00f3j nadaje si\u0119 do treningu oraz na pokazy, zawody aerial!","og_url":"https:\/\/www.aerialcostumes.pl\/en\/product\/kombinezon-akrobatyczny-pink-134-140\/","og_site_name":"AerialCostumes","article_publisher":"https:\/\/www.facebook.com\/aerialcostumespl","article_modified_time":"2023-06-23T15:24:46+00:00","og_image":[{"width":1500,"height":2000,"url":"https:\/\/www.aerialcostumes.pl\/wp-content\/uploads\/2023\/06\/PhotoRoom-20230623_171303_5.png","type":"image\/png"}],"twitter_card":"summary_large_image","twitter_misc":{"Estimated reading time":"1 minute"},"schema":{"@context":"https:\/\/schema.org","@graph":[{"@type":"WebPage","@id":"https:\/\/www.aerialcostumes.pl\/produkt\/kombinezon-akrobatyczny-pink-134-140\/","url":"https:\/\/www.aerialcostumes.pl\/produkt\/kombinezon-akrobatyczny-pink-134-140\/","name":"Kombinezon akrobatyczny Pink 134\/140 - AerialCostumes","isPartOf":{"@id":"https:\/\/www.aerialcostumes.pl\/#website"},"primaryImageOfPage":{"@id":"https:\/\/www.aerialcostumes.pl\/produkt\/kombinezon-akrobatyczny-pink-134-140\/#primaryimage"},"image":{"@id":"https:\/\/www.aerialcostumes.pl\/produkt\/kombinezon-akrobatyczny-pink-134-140\/#primaryimage"},"thumbnailUrl":"https:\/\/www.aerialcostumes.pl\/wp-content\/uploads\/2023\/06\/PhotoRoom-20230623_171303_5.png","datePublished":"2023-06-23T15:24:45+00:00","dateModified":"2023-06-23T15:24:46+00:00","breadcrumb":{"@id":"https:\/\/www.aerialcostumes.pl\/produkt\/kombinezon-akrobatyczny-pink-134-140\/#breadcrumb"},"inLanguage":"en-GB","potentialAction":[{"@type":"ReadAction","target":["https:\/\/www.aerialcostumes.pl\/produkt\/kombinezon-akrobatyczny-pink-134-140\/"]}]},{"@type":"ImageObject","inLanguage":"en-GB","@id":"https:\/\/www.aerialcostumes.pl\/produkt\/kombinezon-akrobatyczny-pink-134-140\/#primaryimage","url":"https:\/\/www.aerialcostumes.pl\/wp-content\/uploads\/2023\/06\/PhotoRoom-20230623_171303_5.png","contentUrl":"https:\/\/www.aerialcostumes.pl\/wp-content\/uploads\/2023\/06\/PhotoRoom-20230623_171303_5.png","width":1500,"height":2000},{"@type":"BreadcrumbList","@id":"https:\/\/www.aerialcostumes.pl\/produkt\/kombinezon-akrobatyczny-pink-134-140\/#breadcrumb","itemListElement":[{"@type":"ListItem","position":1,"name":"Strona g\u0142\u00f3wna","item":"https:\/\/www.aerialcostumes.pl\/en\/home\/"},{"@type":"ListItem","position":2,"name":"Sklep","item":"https:\/\/www.aerialcostumes.pl\/sklep\/"},{"@type":"ListItem","position":3,"name":"Kombinezon akrobatyczny Pink 134\/140"}]},{"@type":"WebSite","@id":"https:\/\/www.aerialcostumes.pl\/#website","url":"https:\/\/www.aerialcostumes.pl\/","name":"AerialCostumes","description":"Clothes producer","publisher":{"@id":"https:\/\/www.aerialcostumes.pl\/#\/schema\/person\/58c48f20a11b7035c78d5319e55d791c"},"potentialAction":[{"@type":"SearchAction","target":{"@type":"EntryPoint","urlTemplate":"https:\/\/www.aerialcostumes.pl\/?s={search_term_string}"},"query-input":{"@type":"PropertyValueSpecification","valueRequired":true,"valueName":"search_term_string"}}],"inLanguage":"en-GB"},{"@type":["Person","Organization"],"@id":"https:\/\/www.aerialcostumes.pl\/#\/schema\/person\/58c48f20a11b7035c78d5319e55d791c","name":"aerialcostumes","image":{"@type":"ImageObject","inLanguage":"en-GB","@id":"https:\/\/www.aerialcostumes.pl\/#\/schema\/person\/image\/","url":"https:\/\/www.aerialcostumes.pl\/wp-content\/uploads\/2020\/10\/cropped-logo-1-1.jpg","contentUrl":"https:\/\/www.aerialcostumes.pl\/wp-content\/uploads\/2020\/10\/cropped-logo-1-1.jpg","width":750,"height":590,"caption":"aerialcostumes"},"logo":{"@id":"https:\/\/www.aerialcostumes.pl\/#\/schema\/person\/image\/"},"sameAs":["https:\/\/www.aerialcostumes.pl","https:\/\/www.facebook.com\/aerialcostumespl","https:\/\/instagram.com\/aerialcostumes.pl?igshid=OGQ5ZDc2ODk2ZA=="]}]}},"_links":{"self":[{"href":"https:\/\/www.aerialcostumes.pl\/en\/wp-json\/wp\/v2\/product\/3263","targetHints":{"allow":["GET"]}}],"collection":[{"href":"https:\/\/www.aerialcostumes.pl\/en\/wp-json\/wp\/v2\/product"}],"about":[{"href":"https:\/\/www.aerialcostumes.pl\/en\/wp-json\/wp\/v2\/types\/product"}],"replies":[{"embeddable":true,"href":"https:\/\/www.aerialcostumes.pl\/en\/wp-json\/wp\/v2\/comments?post=3263"}],"version-history":[{"count":1,"href":"https:\/\/www.aerialcostumes.pl\/en\/wp-json\/wp\/v2\/product\/3263\/revisions"}],"predecessor-version":[{"id":3270,"href":"https:\/\/www.aerialcostumes.pl\/en\/wp-json\/wp\/v2\/product\/3263\/revisions\/3270"}],"wp:featuredmedia":[{"embeddable":true,"href":"https:\/\/www.aerialcostumes.pl\/en\/wp-json\/wp\/v2\/media\/3264"}],"wp:attachment":[{"href":"https:\/\/www.aerialcostumes.pl\/en\/wp-json\/wp\/v2\/media?parent=3263"}],"wp:term":[{"taxonomy":"product_brand","embeddable":true,"href":"https:\/\/www.aerialcostumes.pl\/en\/wp-json\/wp\/v2\/product_brand?post=3263"},{"taxonomy":"product_cat","embeddable":true,"href":"https:\/\/www.aerialcostumes.pl\/en\/wp-json\/wp\/v2\/product_cat?post=3263"},{"taxonomy":"product_tag","embeddable":true,"href":"https:\/\/www.aerialcostumes.pl\/en\/wp-json\/wp\/v2\/product_tag?post=3263"}],"curies":[{"name":"wp","href":"https:\/\/api.w.org\/{rel}","templated":true}]}}