{"id":2850,"date":"2022-06-07T23:43:23","date_gmt":"2022-06-07T21:43:23","guid":{"rendered":"https:\/\/www.aerialcostumes.pl\/?post_type=product&#038;p=2850"},"modified":"2022-06-13T11:42:58","modified_gmt":"2022-06-13T09:42:58","slug":"body-akrobatyczne-z-falbankami-m","status":"publish","type":"product","link":"https:\/\/www.aerialcostumes.pl\/en\/product\/body-akrobatyczne-z-falbankami-m\/","title":{"rendered":"Acrobatic bodysuit with ruffles M"},"content":{"rendered":"<p>Outfit size: M<\/p>\n<p>Outfit dimensions: (min without stretching - max after stretching)<\/p>\n<p>Obw\u00f3d klatki: 78-94cm<\/p>\n<p>Obw\u00f3d talii: 68-80 cm<\/p>\n<p>Obw\u00f3d bioder: 82-106cm<\/p>\n<p>Arm circumference at the top: 26-34 cm<\/p>\n<p>Wrist circumference: 15-20 cm<\/p>\n<p>D\u0142ugo\u015b\u0107 od ramienia do nadgarstka: 58cm<\/p>\n<p>Length from shoulder to crotch: 67cm<\/p>\n<p>Indoor castle<\/p>\n<p>Stand height: 4cm<\/p>\n<p>Material 100% Lycra<\/p>\n<p>Measurements may vary +\/- 1 cm<\/p>","protected":false},"excerpt":{"rendered":"<blockquote><p>Dance and gymnastic bodysuit made of blue Lycra, covered zipper at the back. Perfect for shows or training in gymnastics, dance, aerial acrobatics: Aerial Hoop, Aerial Silk, Aerial Cube, etc.<\/p>\n<p>Ozdobiony recznie malowanymi elementami , falbankami oraz kryszta\u0142kami\u00a0 na ca\u0142o\u015bci stroju\u00a0 pi\u0119knie si\u0119 mieni i b\u0142yszczy!<\/p><\/blockquote>","protected":false},"featured_media":2852,"comment_status":"open","ping_status":"closed","template":"","meta":{"_monsterinsights_skip_tracking":false,"_monsterinsights_sitenote_active":false,"_monsterinsights_sitenote_note":"","_monsterinsights_sitenote_category":0,"site-sidebar-layout":"default","site-content-layout":"default","ast-site-content-layout":"","site-content-style":"default","site-sidebar-style":"default","ast-global-header-display":"","ast-banner-title-visibility":"","ast-main-header-display":"","ast-hfb-above-header-display":"","ast-hfb-below-header-display":"","ast-hfb-mobile-header-display":"","site-post-title":"","ast-breadcrumbs-content":"","ast-featured-img":"","footer-sml-layout":"","theme-transparent-header-meta":"default","adv-header-id-meta":"","stick-header-meta":"","header-above-stick-meta":"","header-main-stick-meta":"","header-below-stick-meta":"","astra-migrate-meta-layouts":"default","ast-page-background-enabled":"default","ast-page-background-meta":{"desktop":{"background-color":"","background-image":"","background-repeat":"repeat","background-position":"center center","background-size":"auto","background-attachment":"scroll","background-type":"","background-media":"","overlay-type":"","overlay-color":"","overlay-opacity":"","overlay-gradient":""},"tablet":{"background-color":"","background-image":"","background-repeat":"repeat","background-position":"center center","background-size":"auto","background-attachment":"scroll","background-type":"","background-media":"","overlay-type":"","overlay-color":"","overlay-opacity":"","overlay-gradient":""},"mobile":{"background-color":"","background-image":"","background-repeat":"repeat","background-position":"center center","background-size":"auto","background-attachment":"scroll","background-type":"","background-media":"","overlay-type":"","overlay-color":"","overlay-opacity":"","overlay-gradient":""}},"ast-content-background-meta":{"desktop":{"background-color":"var(--ast-global-color-5)","background-image":"","background-repeat":"repeat","background-position":"center center","background-size":"auto","background-attachment":"scroll","background-type":"","background-media":"","overlay-type":"","overlay-color":"","overlay-opacity":"","overlay-gradient":""},"tablet":{"background-color":"var(--ast-global-color-5)","background-image":"","background-repeat":"repeat","background-position":"center center","background-size":"auto","background-attachment":"scroll","background-type":"","background-media":"","overlay-type":"","overlay-color":"","overlay-opacity":"","overlay-gradient":""},"mobile":{"background-color":"var(--ast-global-color-5)","background-image":"","background-repeat":"repeat","background-position":"center center","background-size":"auto","background-attachment":"scroll","background-type":"","background-media":"","overlay-type":"","overlay-color":"","overlay-opacity":"","overlay-gradient":""}}},"product_brand":[],"product_cat":[22,26,88,78,30,94,95],"product_tag":[85,86,69,67,72,84],"class_list":{"0":"post-2850","1":"product","2":"type-product","3":"status-publish","4":"has-post-thumbnail","6":"product_cat-lyzwiarstwo-figurowe","7":"product_cat-akrobatyka-powietrzna","8":"product_cat-akrobatyka-sportowa","9":"product_cat-balet","10":"product_cat-gimnastyka-artystyczna","11":"product_cat-show-costumes","12":"product_cat-taniec","13":"product_tag-aerial-hoop","14":"product_tag-aerial-silk","15":"product_tag-akrobatic","16":"product_tag-akrobatyka","17":"product_tag-akrobatyka-powietrzna","18":"product_tag-stroj-do-treningu","19":"desktop-align-left","20":"tablet-align-left","21":"mobile-align-left","23":"first","24":"instock","25":"sale","26":"sold-individually","27":"taxable","28":"shipping-taxable","29":"purchasable","30":"product-type-simple"},"yoast_head":"<!-- This site is optimized with the Yoast SEO plugin v27.0 - https:\/\/yoast.com\/product\/yoast-seo-wordpress\/ -->\n<title>Body akrobatyczne z Falbankami M - AerialCostumes<\/title>\n<meta name=\"robots\" content=\"index, follow, max-snippet:-1, max-image-preview:large, max-video-preview:-1\" \/>\n<link rel=\"canonical\" href=\"https:\/\/www.aerialcostumes.pl\/en\/product\/body-akrobatyczne-z-falbankami-m\/\" \/>\n<meta property=\"og:locale\" content=\"en_GB\" \/>\n<meta property=\"og:type\" content=\"article\" \/>\n<meta property=\"og:title\" content=\"Body akrobatyczne z Falbankami M - AerialCostumes\" \/>\n<meta property=\"og:description\" content=\"Body taneczne, gimnastyczne wykonane z niebieskiej lycry, z ty\u0142u kryty zamek. Idealny na pokazy lub do treningu gimnastyki , ta\u0144ca, akrobatyki powietrznej: Aerial Hoop,\u00a0 Aerial Silk,\u00a0 Aerial Cube itp.  Ozdobiony recznie malowanymi elementami , falbankami oraz kryszta\u0142kami\u00a0 na ca\u0142o\u015bci stroju\u00a0 pi\u0119knie si\u0119 mieni i b\u0142yszczy!\" \/>\n<meta property=\"og:url\" content=\"https:\/\/www.aerialcostumes.pl\/en\/product\/body-akrobatyczne-z-falbankami-m\/\" \/>\n<meta property=\"og:site_name\" content=\"AerialCostumes\" \/>\n<meta property=\"article:publisher\" content=\"https:\/\/www.facebook.com\/aerialcostumespl\" \/>\n<meta property=\"article:modified_time\" content=\"2022-06-13T09:42:58+00:00\" \/>\n<meta property=\"og:image\" content=\"https:\/\/www.aerialcostumes.pl\/wp-content\/uploads\/2022\/06\/20220607_234918-scaled.jpg\" \/>\n\t<meta property=\"og:image:width\" content=\"1510\" \/>\n\t<meta property=\"og:image:height\" content=\"2560\" \/>\n\t<meta property=\"og:image:type\" content=\"image\/jpeg\" \/>\n<meta name=\"twitter:card\" content=\"summary_large_image\" \/>\n<script type=\"application\/ld+json\" class=\"yoast-schema-graph\">{\"@context\":\"https:\/\/schema.org\",\"@graph\":[{\"@type\":\"WebPage\",\"@id\":\"https:\/\/www.aerialcostumes.pl\/produkt\/body-akrobatyczne-z-falbankami-m\/\",\"url\":\"https:\/\/www.aerialcostumes.pl\/produkt\/body-akrobatyczne-z-falbankami-m\/\",\"name\":\"Body akrobatyczne z Falbankami M - AerialCostumes\",\"isPartOf\":{\"@id\":\"https:\/\/www.aerialcostumes.pl\/#website\"},\"primaryImageOfPage\":{\"@id\":\"https:\/\/www.aerialcostumes.pl\/produkt\/body-akrobatyczne-z-falbankami-m\/#primaryimage\"},\"image\":{\"@id\":\"https:\/\/www.aerialcostumes.pl\/produkt\/body-akrobatyczne-z-falbankami-m\/#primaryimage\"},\"thumbnailUrl\":\"https:\/\/www.aerialcostumes.pl\/wp-content\/uploads\/2022\/06\/20220607_234918-scaled.jpg\",\"datePublished\":\"2022-06-07T21:43:23+00:00\",\"dateModified\":\"2022-06-13T09:42:58+00:00\",\"breadcrumb\":{\"@id\":\"https:\/\/www.aerialcostumes.pl\/produkt\/body-akrobatyczne-z-falbankami-m\/#breadcrumb\"},\"inLanguage\":\"en-GB\",\"potentialAction\":[{\"@type\":\"ReadAction\",\"target\":[\"https:\/\/www.aerialcostumes.pl\/produkt\/body-akrobatyczne-z-falbankami-m\/\"]}]},{\"@type\":\"ImageObject\",\"inLanguage\":\"en-GB\",\"@id\":\"https:\/\/www.aerialcostumes.pl\/produkt\/body-akrobatyczne-z-falbankami-m\/#primaryimage\",\"url\":\"https:\/\/www.aerialcostumes.pl\/wp-content\/uploads\/2022\/06\/20220607_234918-scaled.jpg\",\"contentUrl\":\"https:\/\/www.aerialcostumes.pl\/wp-content\/uploads\/2022\/06\/20220607_234918-scaled.jpg\",\"width\":1510,\"height\":2560},{\"@type\":\"BreadcrumbList\",\"@id\":\"https:\/\/www.aerialcostumes.pl\/produkt\/body-akrobatyczne-z-falbankami-m\/#breadcrumb\",\"itemListElement\":[{\"@type\":\"ListItem\",\"position\":1,\"name\":\"Strona g\u0142\u00f3wna\",\"item\":\"https:\/\/www.aerialcostumes.pl\/en\/home\/\"},{\"@type\":\"ListItem\",\"position\":2,\"name\":\"Sklep\",\"item\":\"https:\/\/www.aerialcostumes.pl\/sklep\/\"},{\"@type\":\"ListItem\",\"position\":3,\"name\":\"Body akrobatyczne z Falbankami M\"}]},{\"@type\":\"WebSite\",\"@id\":\"https:\/\/www.aerialcostumes.pl\/#website\",\"url\":\"https:\/\/www.aerialcostumes.pl\/\",\"name\":\"AerialCostumes\",\"description\":\"Producent Odzie\u017cy\",\"publisher\":{\"@id\":\"https:\/\/www.aerialcostumes.pl\/#\/schema\/person\/58c48f20a11b7035c78d5319e55d791c\"},\"potentialAction\":[{\"@type\":\"SearchAction\",\"target\":{\"@type\":\"EntryPoint\",\"urlTemplate\":\"https:\/\/www.aerialcostumes.pl\/?s={search_term_string}\"},\"query-input\":{\"@type\":\"PropertyValueSpecification\",\"valueRequired\":true,\"valueName\":\"search_term_string\"}}],\"inLanguage\":\"en-GB\"},{\"@type\":[\"Person\",\"Organization\"],\"@id\":\"https:\/\/www.aerialcostumes.pl\/#\/schema\/person\/58c48f20a11b7035c78d5319e55d791c\",\"name\":\"aerialcostumes\",\"image\":{\"@type\":\"ImageObject\",\"inLanguage\":\"en-GB\",\"@id\":\"https:\/\/www.aerialcostumes.pl\/#\/schema\/person\/image\/\",\"url\":\"https:\/\/www.aerialcostumes.pl\/wp-content\/uploads\/2020\/10\/cropped-logo-1-1.jpg\",\"contentUrl\":\"https:\/\/www.aerialcostumes.pl\/wp-content\/uploads\/2020\/10\/cropped-logo-1-1.jpg\",\"width\":750,\"height\":590,\"caption\":\"aerialcostumes\"},\"logo\":{\"@id\":\"https:\/\/www.aerialcostumes.pl\/#\/schema\/person\/image\/\"},\"sameAs\":[\"https:\/\/www.aerialcostumes.pl\",\"https:\/\/www.facebook.com\/aerialcostumespl\",\"https:\/\/instagram.com\/aerialcostumes.pl?igshid=OGQ5ZDc2ODk2ZA==\"]}]}<\/script>\n<!-- \/ Yoast SEO plugin. -->","yoast_head_json":{"title":"Body akrobatyczne z Falbankami M - AerialCostumes","robots":{"index":"index","follow":"follow","max-snippet":"max-snippet:-1","max-image-preview":"max-image-preview:large","max-video-preview":"max-video-preview:-1"},"canonical":"https:\/\/www.aerialcostumes.pl\/en\/product\/body-akrobatyczne-z-falbankami-m\/","og_locale":"en_GB","og_type":"article","og_title":"Body akrobatyczne z Falbankami M - AerialCostumes","og_description":"Body taneczne, gimnastyczne wykonane z niebieskiej lycry, z ty\u0142u kryty zamek. Idealny na pokazy lub do treningu gimnastyki , ta\u0144ca, akrobatyki powietrznej: Aerial Hoop,\u00a0 Aerial Silk,\u00a0 Aerial Cube itp.  Ozdobiony recznie malowanymi elementami , falbankami oraz kryszta\u0142kami\u00a0 na ca\u0142o\u015bci stroju\u00a0 pi\u0119knie si\u0119 mieni i b\u0142yszczy!","og_url":"https:\/\/www.aerialcostumes.pl\/en\/product\/body-akrobatyczne-z-falbankami-m\/","og_site_name":"AerialCostumes","article_publisher":"https:\/\/www.facebook.com\/aerialcostumespl","article_modified_time":"2022-06-13T09:42:58+00:00","og_image":[{"width":1510,"height":2560,"url":"https:\/\/www.aerialcostumes.pl\/wp-content\/uploads\/2022\/06\/20220607_234918-scaled.jpg","type":"image\/jpeg"}],"twitter_card":"summary_large_image","schema":{"@context":"https:\/\/schema.org","@graph":[{"@type":"WebPage","@id":"https:\/\/www.aerialcostumes.pl\/produkt\/body-akrobatyczne-z-falbankami-m\/","url":"https:\/\/www.aerialcostumes.pl\/produkt\/body-akrobatyczne-z-falbankami-m\/","name":"Body akrobatyczne z Falbankami M - AerialCostumes","isPartOf":{"@id":"https:\/\/www.aerialcostumes.pl\/#website"},"primaryImageOfPage":{"@id":"https:\/\/www.aerialcostumes.pl\/produkt\/body-akrobatyczne-z-falbankami-m\/#primaryimage"},"image":{"@id":"https:\/\/www.aerialcostumes.pl\/produkt\/body-akrobatyczne-z-falbankami-m\/#primaryimage"},"thumbnailUrl":"https:\/\/www.aerialcostumes.pl\/wp-content\/uploads\/2022\/06\/20220607_234918-scaled.jpg","datePublished":"2022-06-07T21:43:23+00:00","dateModified":"2022-06-13T09:42:58+00:00","breadcrumb":{"@id":"https:\/\/www.aerialcostumes.pl\/produkt\/body-akrobatyczne-z-falbankami-m\/#breadcrumb"},"inLanguage":"en-GB","potentialAction":[{"@type":"ReadAction","target":["https:\/\/www.aerialcostumes.pl\/produkt\/body-akrobatyczne-z-falbankami-m\/"]}]},{"@type":"ImageObject","inLanguage":"en-GB","@id":"https:\/\/www.aerialcostumes.pl\/produkt\/body-akrobatyczne-z-falbankami-m\/#primaryimage","url":"https:\/\/www.aerialcostumes.pl\/wp-content\/uploads\/2022\/06\/20220607_234918-scaled.jpg","contentUrl":"https:\/\/www.aerialcostumes.pl\/wp-content\/uploads\/2022\/06\/20220607_234918-scaled.jpg","width":1510,"height":2560},{"@type":"BreadcrumbList","@id":"https:\/\/www.aerialcostumes.pl\/produkt\/body-akrobatyczne-z-falbankami-m\/#breadcrumb","itemListElement":[{"@type":"ListItem","position":1,"name":"Strona g\u0142\u00f3wna","item":"https:\/\/www.aerialcostumes.pl\/en\/home\/"},{"@type":"ListItem","position":2,"name":"Sklep","item":"https:\/\/www.aerialcostumes.pl\/sklep\/"},{"@type":"ListItem","position":3,"name":"Body akrobatyczne z Falbankami M"}]},{"@type":"WebSite","@id":"https:\/\/www.aerialcostumes.pl\/#website","url":"https:\/\/www.aerialcostumes.pl\/","name":"AerialCostumes","description":"Clothes producer","publisher":{"@id":"https:\/\/www.aerialcostumes.pl\/#\/schema\/person\/58c48f20a11b7035c78d5319e55d791c"},"potentialAction":[{"@type":"SearchAction","target":{"@type":"EntryPoint","urlTemplate":"https:\/\/www.aerialcostumes.pl\/?s={search_term_string}"},"query-input":{"@type":"PropertyValueSpecification","valueRequired":true,"valueName":"search_term_string"}}],"inLanguage":"en-GB"},{"@type":["Person","Organization"],"@id":"https:\/\/www.aerialcostumes.pl\/#\/schema\/person\/58c48f20a11b7035c78d5319e55d791c","name":"aerialcostumes","image":{"@type":"ImageObject","inLanguage":"en-GB","@id":"https:\/\/www.aerialcostumes.pl\/#\/schema\/person\/image\/","url":"https:\/\/www.aerialcostumes.pl\/wp-content\/uploads\/2020\/10\/cropped-logo-1-1.jpg","contentUrl":"https:\/\/www.aerialcostumes.pl\/wp-content\/uploads\/2020\/10\/cropped-logo-1-1.jpg","width":750,"height":590,"caption":"aerialcostumes"},"logo":{"@id":"https:\/\/www.aerialcostumes.pl\/#\/schema\/person\/image\/"},"sameAs":["https:\/\/www.aerialcostumes.pl","https:\/\/www.facebook.com\/aerialcostumespl","https:\/\/instagram.com\/aerialcostumes.pl?igshid=OGQ5ZDc2ODk2ZA=="]}]}},"_links":{"self":[{"href":"https:\/\/www.aerialcostumes.pl\/en\/wp-json\/wp\/v2\/product\/2850","targetHints":{"allow":["GET"]}}],"collection":[{"href":"https:\/\/www.aerialcostumes.pl\/en\/wp-json\/wp\/v2\/product"}],"about":[{"href":"https:\/\/www.aerialcostumes.pl\/en\/wp-json\/wp\/v2\/types\/product"}],"replies":[{"embeddable":true,"href":"https:\/\/www.aerialcostumes.pl\/en\/wp-json\/wp\/v2\/comments?post=2850"}],"version-history":[{"count":1,"href":"https:\/\/www.aerialcostumes.pl\/en\/wp-json\/wp\/v2\/product\/2850\/revisions"}],"predecessor-version":[{"id":2859,"href":"https:\/\/www.aerialcostumes.pl\/en\/wp-json\/wp\/v2\/product\/2850\/revisions\/2859"}],"wp:featuredmedia":[{"embeddable":true,"href":"https:\/\/www.aerialcostumes.pl\/en\/wp-json\/wp\/v2\/media\/2852"}],"wp:attachment":[{"href":"https:\/\/www.aerialcostumes.pl\/en\/wp-json\/wp\/v2\/media?parent=2850"}],"wp:term":[{"taxonomy":"product_brand","embeddable":true,"href":"https:\/\/www.aerialcostumes.pl\/en\/wp-json\/wp\/v2\/product_brand?post=2850"},{"taxonomy":"product_cat","embeddable":true,"href":"https:\/\/www.aerialcostumes.pl\/en\/wp-json\/wp\/v2\/product_cat?post=2850"},{"taxonomy":"product_tag","embeddable":true,"href":"https:\/\/www.aerialcostumes.pl\/en\/wp-json\/wp\/v2\/product_tag?post=2850"}],"curies":[{"name":"wp","href":"https:\/\/api.w.org\/{rel}","templated":true}]}}