{"id":2327,"date":"2021-05-06T12:09:57","date_gmt":"2021-05-06T10:09:57","guid":{"rendered":"https:\/\/www.aerialcostumes.pl\/?post_type=product&#038;p=2327"},"modified":"2026-05-15T00:56:55","modified_gmt":"2026-05-14T22:56:55","slug":"stroj-do-gimnastyki-artystycznej-146-152-cm","status":"publish","type":"product","link":"https:\/\/www.aerialcostumes.pl\/en\/product\/stroj-do-gimnastyki-artystycznej-146-152-cm\/","title":{"rendered":"Rhythmic gymnastics suit 146\/152 cm"},"content":{"rendered":"<p>Outfit dimensions:<\/p>\n<p>Chest circumference: 67-75 cm<\/p>\n<p>Waist circumference: 57-62 cm*<\/p>\n<p>Hip circumference: 62-75 cm<\/p>\n<p>Length from shoulder to crotch: 61cm<\/p>\n<p>*Possibility of narrowing<\/p>","protected":false},"excerpt":{"rendered":"<p style=\"text-align: left;\">Artistic gymnastics costume made of shiny black Lycra with gold mirrors and neon crystals. The whole thing is also decorated with AB color crystals. Black and brocade pink tulle fringes on the hips and shoulders. The whole thing shines beautifully, the outfit has an interesting character and will look beautiful!<\/p>","protected":false},"featured_media":2036,"comment_status":"open","ping_status":"closed","template":"","meta":{"_monsterinsights_skip_tracking":false,"_monsterinsights_sitenote_active":false,"_monsterinsights_sitenote_note":"","_monsterinsights_sitenote_category":0,"site-sidebar-layout":"default","site-content-layout":"default","ast-site-content-layout":"","site-content-style":"default","site-sidebar-style":"default","ast-global-header-display":"","ast-banner-title-visibility":"","ast-main-header-display":"","ast-hfb-above-header-display":"","ast-hfb-below-header-display":"","ast-hfb-mobile-header-display":"","site-post-title":"","ast-breadcrumbs-content":"","ast-featured-img":"","footer-sml-layout":"","theme-transparent-header-meta":"default","adv-header-id-meta":"","stick-header-meta":"default","header-above-stick-meta":"","header-main-stick-meta":"","header-below-stick-meta":"","astra-migrate-meta-layouts":"default","ast-page-background-enabled":"default","ast-page-background-meta":{"desktop":{"background-color":"","background-image":"","background-repeat":"repeat","background-position":"center center","background-size":"auto","background-attachment":"scroll","background-type":"","background-media":"","overlay-type":"","overlay-color":"","overlay-opacity":"","overlay-gradient":""},"tablet":{"background-color":"","background-image":"","background-repeat":"repeat","background-position":"center center","background-size":"auto","background-attachment":"scroll","background-type":"","background-media":"","overlay-type":"","overlay-color":"","overlay-opacity":"","overlay-gradient":""},"mobile":{"background-color":"","background-image":"","background-repeat":"repeat","background-position":"center center","background-size":"auto","background-attachment":"scroll","background-type":"","background-media":"","overlay-type":"","overlay-color":"","overlay-opacity":"","overlay-gradient":""}},"ast-content-background-meta":{"desktop":{"background-color":"var(--ast-global-color-5)","background-image":"","background-repeat":"repeat","background-position":"center center","background-size":"auto","background-attachment":"scroll","background-type":"","background-media":"","overlay-type":"","overlay-color":"","overlay-opacity":"","overlay-gradient":""},"tablet":{"background-color":"var(--ast-global-color-5)","background-image":"","background-repeat":"repeat","background-position":"center center","background-size":"auto","background-attachment":"scroll","background-type":"","background-media":"","overlay-type":"","overlay-color":"","overlay-opacity":"","overlay-gradient":""},"mobile":{"background-color":"var(--ast-global-color-5)","background-image":"","background-repeat":"repeat","background-position":"center center","background-size":"auto","background-attachment":"scroll","background-type":"","background-media":"","overlay-type":"","overlay-color":"","overlay-opacity":"","overlay-gradient":""}}},"product_brand":[],"product_cat":[30],"product_tag":[35],"class_list":{"0":"post-2327","1":"product","2":"type-product","3":"status-publish","4":"has-post-thumbnail","6":"product_cat-gimnastyka-artystyczna","7":"product_tag-gimnastyka-artystyczna","8":"desktop-align-left","9":"tablet-align-left","10":"mobile-align-left","12":"first","13":"instock","14":"sale","15":"featured","16":"sold-individually","17":"taxable","18":"shipping-taxable","19":"purchasable","20":"product-type-simple"},"yoast_head":"<!-- This site is optimized with the Yoast SEO plugin v27.0 - https:\/\/yoast.com\/product\/yoast-seo-wordpress\/ -->\n<title>Str\u00f3j do Gimnastyki Artystycznej 146\/152 cm - AerialCostumes<\/title>\n<meta name=\"robots\" content=\"index, follow, max-snippet:-1, max-image-preview:large, max-video-preview:-1\" \/>\n<link rel=\"canonical\" href=\"https:\/\/www.aerialcostumes.pl\/en\/product\/stroj-do-gimnastyki-artystycznej-146-152-cm\/\" \/>\n<meta property=\"og:locale\" content=\"en_GB\" \/>\n<meta property=\"og:type\" content=\"article\" \/>\n<meta property=\"og:title\" content=\"Str\u00f3j do Gimnastyki Artystycznej 146\/152 cm - AerialCostumes\" \/>\n<meta property=\"og:description\" content=\"Str\u00f3j do Gimanstyki Artystycznej z b\u0142yszcz\u0105cej czarnej lycry z dodatkiem lusterek w kolorze z\u0142otym oraz z neonowymi krysztalkami. Ca\u0142o\u015b\u0107 ozdobiona r\u00f3wnie\u017c krysztalkami w kolorze AB. Na biodrach oraz ramionach fredzelki z tiulu w kolorze czarnym i brokatowym r\u00f3\u017cu. Ca\u0142o\u015b\u0107 pieknie sie b\u0142yszczy, Str\u00f3j ma ciekawy charakter i b\u0119dzie si\u0119 pieknie prezentowa\u0107!\" \/>\n<meta property=\"og:url\" content=\"https:\/\/www.aerialcostumes.pl\/en\/product\/stroj-do-gimnastyki-artystycznej-146-152-cm\/\" \/>\n<meta property=\"og:site_name\" content=\"AerialCostumes\" \/>\n<meta property=\"article:publisher\" content=\"https:\/\/www.facebook.com\/aerialcostumespl\" \/>\n<meta property=\"article:modified_time\" content=\"2026-05-14T22:56:55+00:00\" \/>\n<meta property=\"og:image\" content=\"https:\/\/www.aerialcostumes.pl\/wp-content\/uploads\/2017\/12\/20201117_202048-scaled.jpg\" \/>\n\t<meta property=\"og:image:width\" content=\"1582\" \/>\n\t<meta property=\"og:image:height\" content=\"2560\" \/>\n\t<meta property=\"og:image:type\" content=\"image\/jpeg\" \/>\n<meta name=\"twitter:card\" content=\"summary_large_image\" \/>\n<meta name=\"twitter:label1\" content=\"Estimated reading time\" \/>\n\t<meta name=\"twitter:data1\" content=\"1 minute\" \/>\n<script type=\"application\/ld+json\" class=\"yoast-schema-graph\">{\"@context\":\"https:\/\/schema.org\",\"@graph\":[{\"@type\":\"WebPage\",\"@id\":\"https:\/\/www.aerialcostumes.pl\/produkt\/stroj-do-gimnastyki-artystycznej-146-152-cm\/\",\"url\":\"https:\/\/www.aerialcostumes.pl\/produkt\/stroj-do-gimnastyki-artystycznej-146-152-cm\/\",\"name\":\"Str\u00f3j do Gimnastyki Artystycznej 146\/152 cm - AerialCostumes\",\"isPartOf\":{\"@id\":\"https:\/\/www.aerialcostumes.pl\/#website\"},\"primaryImageOfPage\":{\"@id\":\"https:\/\/www.aerialcostumes.pl\/produkt\/stroj-do-gimnastyki-artystycznej-146-152-cm\/#primaryimage\"},\"image\":{\"@id\":\"https:\/\/www.aerialcostumes.pl\/produkt\/stroj-do-gimnastyki-artystycznej-146-152-cm\/#primaryimage\"},\"thumbnailUrl\":\"https:\/\/www.aerialcostumes.pl\/wp-content\/uploads\/2017\/12\/20201117_202048-scaled.jpg\",\"datePublished\":\"2021-05-06T10:09:57+00:00\",\"dateModified\":\"2026-05-14T22:56:55+00:00\",\"breadcrumb\":{\"@id\":\"https:\/\/www.aerialcostumes.pl\/produkt\/stroj-do-gimnastyki-artystycznej-146-152-cm\/#breadcrumb\"},\"inLanguage\":\"en-GB\",\"potentialAction\":[{\"@type\":\"ReadAction\",\"target\":[\"https:\/\/www.aerialcostumes.pl\/produkt\/stroj-do-gimnastyki-artystycznej-146-152-cm\/\"]}]},{\"@type\":\"ImageObject\",\"inLanguage\":\"en-GB\",\"@id\":\"https:\/\/www.aerialcostumes.pl\/produkt\/stroj-do-gimnastyki-artystycznej-146-152-cm\/#primaryimage\",\"url\":\"https:\/\/www.aerialcostumes.pl\/wp-content\/uploads\/2017\/12\/20201117_202048-scaled.jpg\",\"contentUrl\":\"https:\/\/www.aerialcostumes.pl\/wp-content\/uploads\/2017\/12\/20201117_202048-scaled.jpg\",\"width\":1582,\"height\":2560},{\"@type\":\"BreadcrumbList\",\"@id\":\"https:\/\/www.aerialcostumes.pl\/produkt\/stroj-do-gimnastyki-artystycznej-146-152-cm\/#breadcrumb\",\"itemListElement\":[{\"@type\":\"ListItem\",\"position\":1,\"name\":\"Strona g\u0142\u00f3wna\",\"item\":\"https:\/\/www.aerialcostumes.pl\/en\/home\/\"},{\"@type\":\"ListItem\",\"position\":2,\"name\":\"Sklep\",\"item\":\"https:\/\/www.aerialcostumes.pl\/sklep\/\"},{\"@type\":\"ListItem\",\"position\":3,\"name\":\"Str\u00f3j do Gimnastyki Artystycznej 146\/152 cm\"}]},{\"@type\":\"WebSite\",\"@id\":\"https:\/\/www.aerialcostumes.pl\/#website\",\"url\":\"https:\/\/www.aerialcostumes.pl\/\",\"name\":\"AerialCostumes\",\"description\":\"Producent Odzie\u017cy\",\"publisher\":{\"@id\":\"https:\/\/www.aerialcostumes.pl\/#\/schema\/person\/58c48f20a11b7035c78d5319e55d791c\"},\"potentialAction\":[{\"@type\":\"SearchAction\",\"target\":{\"@type\":\"EntryPoint\",\"urlTemplate\":\"https:\/\/www.aerialcostumes.pl\/?s={search_term_string}\"},\"query-input\":{\"@type\":\"PropertyValueSpecification\",\"valueRequired\":true,\"valueName\":\"search_term_string\"}}],\"inLanguage\":\"en-GB\"},{\"@type\":[\"Person\",\"Organization\"],\"@id\":\"https:\/\/www.aerialcostumes.pl\/#\/schema\/person\/58c48f20a11b7035c78d5319e55d791c\",\"name\":\"aerialcostumes\",\"image\":{\"@type\":\"ImageObject\",\"inLanguage\":\"en-GB\",\"@id\":\"https:\/\/www.aerialcostumes.pl\/#\/schema\/person\/image\/\",\"url\":\"https:\/\/www.aerialcostumes.pl\/wp-content\/uploads\/2020\/10\/cropped-logo-1-1.jpg\",\"contentUrl\":\"https:\/\/www.aerialcostumes.pl\/wp-content\/uploads\/2020\/10\/cropped-logo-1-1.jpg\",\"width\":750,\"height\":590,\"caption\":\"aerialcostumes\"},\"logo\":{\"@id\":\"https:\/\/www.aerialcostumes.pl\/#\/schema\/person\/image\/\"},\"sameAs\":[\"https:\/\/www.aerialcostumes.pl\",\"https:\/\/www.facebook.com\/aerialcostumespl\",\"https:\/\/instagram.com\/aerialcostumes.pl?igshid=OGQ5ZDc2ODk2ZA==\"]}]}<\/script>\n<!-- \/ Yoast SEO plugin. -->","yoast_head_json":{"title":"Str\u00f3j do Gimnastyki Artystycznej 146\/152 cm - AerialCostumes","robots":{"index":"index","follow":"follow","max-snippet":"max-snippet:-1","max-image-preview":"max-image-preview:large","max-video-preview":"max-video-preview:-1"},"canonical":"https:\/\/www.aerialcostumes.pl\/en\/product\/stroj-do-gimnastyki-artystycznej-146-152-cm\/","og_locale":"en_GB","og_type":"article","og_title":"Str\u00f3j do Gimnastyki Artystycznej 146\/152 cm - AerialCostumes","og_description":"Str\u00f3j do Gimanstyki Artystycznej z b\u0142yszcz\u0105cej czarnej lycry z dodatkiem lusterek w kolorze z\u0142otym oraz z neonowymi krysztalkami. Ca\u0142o\u015b\u0107 ozdobiona r\u00f3wnie\u017c krysztalkami w kolorze AB. Na biodrach oraz ramionach fredzelki z tiulu w kolorze czarnym i brokatowym r\u00f3\u017cu. Ca\u0142o\u015b\u0107 pieknie sie b\u0142yszczy, Str\u00f3j ma ciekawy charakter i b\u0119dzie si\u0119 pieknie prezentowa\u0107!","og_url":"https:\/\/www.aerialcostumes.pl\/en\/product\/stroj-do-gimnastyki-artystycznej-146-152-cm\/","og_site_name":"AerialCostumes","article_publisher":"https:\/\/www.facebook.com\/aerialcostumespl","article_modified_time":"2026-05-14T22:56:55+00:00","og_image":[{"width":1582,"height":2560,"url":"https:\/\/www.aerialcostumes.pl\/wp-content\/uploads\/2017\/12\/20201117_202048-scaled.jpg","type":"image\/jpeg"}],"twitter_card":"summary_large_image","twitter_misc":{"Estimated reading time":"1 minute"},"schema":{"@context":"https:\/\/schema.org","@graph":[{"@type":"WebPage","@id":"https:\/\/www.aerialcostumes.pl\/produkt\/stroj-do-gimnastyki-artystycznej-146-152-cm\/","url":"https:\/\/www.aerialcostumes.pl\/produkt\/stroj-do-gimnastyki-artystycznej-146-152-cm\/","name":"Str\u00f3j do Gimnastyki Artystycznej 146\/152 cm - AerialCostumes","isPartOf":{"@id":"https:\/\/www.aerialcostumes.pl\/#website"},"primaryImageOfPage":{"@id":"https:\/\/www.aerialcostumes.pl\/produkt\/stroj-do-gimnastyki-artystycznej-146-152-cm\/#primaryimage"},"image":{"@id":"https:\/\/www.aerialcostumes.pl\/produkt\/stroj-do-gimnastyki-artystycznej-146-152-cm\/#primaryimage"},"thumbnailUrl":"https:\/\/www.aerialcostumes.pl\/wp-content\/uploads\/2017\/12\/20201117_202048-scaled.jpg","datePublished":"2021-05-06T10:09:57+00:00","dateModified":"2026-05-14T22:56:55+00:00","breadcrumb":{"@id":"https:\/\/www.aerialcostumes.pl\/produkt\/stroj-do-gimnastyki-artystycznej-146-152-cm\/#breadcrumb"},"inLanguage":"en-GB","potentialAction":[{"@type":"ReadAction","target":["https:\/\/www.aerialcostumes.pl\/produkt\/stroj-do-gimnastyki-artystycznej-146-152-cm\/"]}]},{"@type":"ImageObject","inLanguage":"en-GB","@id":"https:\/\/www.aerialcostumes.pl\/produkt\/stroj-do-gimnastyki-artystycznej-146-152-cm\/#primaryimage","url":"https:\/\/www.aerialcostumes.pl\/wp-content\/uploads\/2017\/12\/20201117_202048-scaled.jpg","contentUrl":"https:\/\/www.aerialcostumes.pl\/wp-content\/uploads\/2017\/12\/20201117_202048-scaled.jpg","width":1582,"height":2560},{"@type":"BreadcrumbList","@id":"https:\/\/www.aerialcostumes.pl\/produkt\/stroj-do-gimnastyki-artystycznej-146-152-cm\/#breadcrumb","itemListElement":[{"@type":"ListItem","position":1,"name":"Strona g\u0142\u00f3wna","item":"https:\/\/www.aerialcostumes.pl\/en\/home\/"},{"@type":"ListItem","position":2,"name":"Sklep","item":"https:\/\/www.aerialcostumes.pl\/sklep\/"},{"@type":"ListItem","position":3,"name":"Str\u00f3j do Gimnastyki Artystycznej 146\/152 cm"}]},{"@type":"WebSite","@id":"https:\/\/www.aerialcostumes.pl\/#website","url":"https:\/\/www.aerialcostumes.pl\/","name":"AerialCostumes","description":"Clothes producer","publisher":{"@id":"https:\/\/www.aerialcostumes.pl\/#\/schema\/person\/58c48f20a11b7035c78d5319e55d791c"},"potentialAction":[{"@type":"SearchAction","target":{"@type":"EntryPoint","urlTemplate":"https:\/\/www.aerialcostumes.pl\/?s={search_term_string}"},"query-input":{"@type":"PropertyValueSpecification","valueRequired":true,"valueName":"search_term_string"}}],"inLanguage":"en-GB"},{"@type":["Person","Organization"],"@id":"https:\/\/www.aerialcostumes.pl\/#\/schema\/person\/58c48f20a11b7035c78d5319e55d791c","name":"aerialcostumes","image":{"@type":"ImageObject","inLanguage":"en-GB","@id":"https:\/\/www.aerialcostumes.pl\/#\/schema\/person\/image\/","url":"https:\/\/www.aerialcostumes.pl\/wp-content\/uploads\/2020\/10\/cropped-logo-1-1.jpg","contentUrl":"https:\/\/www.aerialcostumes.pl\/wp-content\/uploads\/2020\/10\/cropped-logo-1-1.jpg","width":750,"height":590,"caption":"aerialcostumes"},"logo":{"@id":"https:\/\/www.aerialcostumes.pl\/#\/schema\/person\/image\/"},"sameAs":["https:\/\/www.aerialcostumes.pl","https:\/\/www.facebook.com\/aerialcostumespl","https:\/\/instagram.com\/aerialcostumes.pl?igshid=OGQ5ZDc2ODk2ZA=="]}]}},"_links":{"self":[{"href":"https:\/\/www.aerialcostumes.pl\/en\/wp-json\/wp\/v2\/product\/2327","targetHints":{"allow":["GET"]}}],"collection":[{"href":"https:\/\/www.aerialcostumes.pl\/en\/wp-json\/wp\/v2\/product"}],"about":[{"href":"https:\/\/www.aerialcostumes.pl\/en\/wp-json\/wp\/v2\/types\/product"}],"replies":[{"embeddable":true,"href":"https:\/\/www.aerialcostumes.pl\/en\/wp-json\/wp\/v2\/comments?post=2327"}],"version-history":[{"count":1,"href":"https:\/\/www.aerialcostumes.pl\/en\/wp-json\/wp\/v2\/product\/2327\/revisions"}],"predecessor-version":[{"id":2328,"href":"https:\/\/www.aerialcostumes.pl\/en\/wp-json\/wp\/v2\/product\/2327\/revisions\/2328"}],"wp:featuredmedia":[{"embeddable":true,"href":"https:\/\/www.aerialcostumes.pl\/en\/wp-json\/wp\/v2\/media\/2036"}],"wp:attachment":[{"href":"https:\/\/www.aerialcostumes.pl\/en\/wp-json\/wp\/v2\/media?parent=2327"}],"wp:term":[{"taxonomy":"product_brand","embeddable":true,"href":"https:\/\/www.aerialcostumes.pl\/en\/wp-json\/wp\/v2\/product_brand?post=2327"},{"taxonomy":"product_cat","embeddable":true,"href":"https:\/\/www.aerialcostumes.pl\/en\/wp-json\/wp\/v2\/product_cat?post=2327"},{"taxonomy":"product_tag","embeddable":true,"href":"https:\/\/www.aerialcostumes.pl\/en\/wp-json\/wp\/v2\/product_tag?post=2327"}],"curies":[{"name":"wp","href":"https:\/\/api.w.org\/{rel}","templated":true}]}}