{"id":1505,"date":"2020-10-31T18:03:54","date_gmt":"2020-10-31T17:03:54","guid":{"rendered":"http:\/\/www.aerialcostumes.pl\/?page_id=1505"},"modified":"2024-01-06T13:41:06","modified_gmt":"2024-01-06T12:41:06","slug":"jak-sie-zmierzyc","status":"publish","type":"page","link":"https:\/\/www.aerialcostumes.pl\/en\/zamowienie\/jak-sie-zmierzyc\/","title":{"rendered":"How to measure yourself"},"content":{"rendered":"<div data-elementor-type=\"wp-page\" data-elementor-id=\"1505\" class=\"elementor elementor-1505\">\n\t\t\t\t\t\t<section class=\"elementor-section elementor-top-section elementor-element elementor-element-b3cddff elementor-section-boxed elementor-section-height-default elementor-section-height-default\" data-id=\"b3cddff\" data-element_type=\"section\" data-e-type=\"section\">\n\t\t\t\t\t\t<div class=\"elementor-container elementor-column-gap-default\">\n\t\t\t\t\t<div class=\"elementor-column elementor-col-100 elementor-top-column elementor-element elementor-element-4af031b\" data-id=\"4af031b\" data-element_type=\"column\" data-e-type=\"column\">\n\t\t\t<div class=\"elementor-widget-wrap elementor-element-populated\">\n\t\t\t\t\t\t<div class=\"elementor-element elementor-element-93b896d elementor-widget elementor-widget-heading\" data-id=\"93b896d\" data-element_type=\"widget\" data-e-type=\"widget\" data-widget_type=\"heading.default\">\n\t\t\t\t<div class=\"elementor-widget-container\">\n\t\t\t\t\t<h2 class=\"elementor-heading-title elementor-size-default\">How to measure yourself?<\/h2>\t\t\t\t<\/div>\n\t\t\t\t<\/div>\n\t\t\t\t<div class=\"elementor-element elementor-element-6cb437f elementor-widget-divider--view-line elementor-widget elementor-widget-divider\" data-id=\"6cb437f\" data-element_type=\"widget\" data-e-type=\"widget\" data-widget_type=\"divider.default\">\n\t\t\t\t<div class=\"elementor-widget-container\">\n\t\t\t\t\t\t\t<div class=\"elementor-divider\">\n\t\t\t<span class=\"elementor-divider-separator\">\n\t\t\t\t\t\t<\/span>\n\t\t<\/div>\n\t\t\t\t\t\t<\/div>\n\t\t\t\t<\/div>\n\t\t\t\t\t<\/div>\n\t\t<\/div>\n\t\t\t\t\t<\/div>\n\t\t<\/section>\n\t\t\t\t<section class=\"elementor-section elementor-top-section elementor-element elementor-element-de45940 elementor-section-boxed elementor-section-height-default elementor-section-height-default\" data-id=\"de45940\" data-element_type=\"section\" data-e-type=\"section\">\n\t\t\t\t\t\t<div class=\"elementor-container elementor-column-gap-default\">\n\t\t\t\t\t<div class=\"elementor-column elementor-col-33 elementor-top-column elementor-element elementor-element-b8b189e\" data-id=\"b8b189e\" data-element_type=\"column\" data-e-type=\"column\">\n\t\t\t<div class=\"elementor-widget-wrap elementor-element-populated\">\n\t\t\t\t\t\t<div class=\"elementor-element elementor-element-5dc43e2 elementor-widget elementor-widget-image\" data-id=\"5dc43e2\" data-element_type=\"widget\" data-e-type=\"widget\" data-widget_type=\"image.default\">\n\t\t\t\t<div class=\"elementor-widget-container\">\n\t\t\t\t\t\t\t\t\t\t\t\t\t\t\t<img fetchpriority=\"high\" decoding=\"async\" width=\"1024\" height=\"699\" src=\"https:\/\/www.aerialcostumes.pl\/wp-content\/uploads\/2024\/01\/wymiary-Akrobatyka-Powietrzna-1024x699.png\" class=\"attachment-large size-large wp-image-4097\" alt=\"\" srcset=\"https:\/\/www.aerialcostumes.pl\/wp-content\/uploads\/2024\/01\/wymiary-Akrobatyka-Powietrzna-1024x699.png 1024w, https:\/\/www.aerialcostumes.pl\/wp-content\/uploads\/2024\/01\/wymiary-Akrobatyka-Powietrzna-300x205.png 300w, https:\/\/www.aerialcostumes.pl\/wp-content\/uploads\/2024\/01\/wymiary-Akrobatyka-Powietrzna-768x524.png 768w, https:\/\/www.aerialcostumes.pl\/wp-content\/uploads\/2024\/01\/wymiary-Akrobatyka-Powietrzna-600x410.png 600w, https:\/\/www.aerialcostumes.pl\/wp-content\/uploads\/2024\/01\/wymiary-Akrobatyka-Powietrzna.png 1500w\" sizes=\"(max-width: 1024px) 100vw, 1024px\" \/>\t\t\t\t\t\t\t\t\t\t\t\t\t\t\t<\/div>\n\t\t\t\t<\/div>\n\t\t\t\t\t<\/div>\n\t\t<\/div>\n\t\t\t\t<div class=\"elementor-column elementor-col-33 elementor-top-column elementor-element elementor-element-bfe8c1b\" data-id=\"bfe8c1b\" data-element_type=\"column\" data-e-type=\"column\">\n\t\t\t<div class=\"elementor-widget-wrap elementor-element-populated\">\n\t\t\t\t\t\t<div class=\"elementor-element elementor-element-5462a28 elementor-widget elementor-widget-image\" data-id=\"5462a28\" data-element_type=\"widget\" data-e-type=\"widget\" data-widget_type=\"image.default\">\n\t\t\t\t<div class=\"elementor-widget-container\">\n\t\t\t\t\t\t\t\t\t\t\t\t\t\t\t<img decoding=\"async\" width=\"1024\" height=\"951\" src=\"https:\/\/www.aerialcostumes.pl\/wp-content\/uploads\/2020\/10\/pole-dance-1-1024x951.jpg\" class=\"attachment-large size-large wp-image-1508\" alt=\"\" srcset=\"https:\/\/www.aerialcostumes.pl\/wp-content\/uploads\/2020\/10\/pole-dance-1-1024x951.jpg 1024w, https:\/\/www.aerialcostumes.pl\/wp-content\/uploads\/2020\/10\/pole-dance-1-300x279.jpg 300w, https:\/\/www.aerialcostumes.pl\/wp-content\/uploads\/2020\/10\/pole-dance-1-768x713.jpg 768w, https:\/\/www.aerialcostumes.pl\/wp-content\/uploads\/2020\/10\/pole-dance-1-1536x1426.jpg 1536w, https:\/\/www.aerialcostumes.pl\/wp-content\/uploads\/2020\/10\/pole-dance-1-2048x1901.jpg 2048w, https:\/\/www.aerialcostumes.pl\/wp-content\/uploads\/2020\/10\/pole-dance-1-600x557.jpg 600w\" sizes=\"(max-width: 1024px) 100vw, 1024px\" \/>\t\t\t\t\t\t\t\t\t\t\t\t\t\t\t<\/div>\n\t\t\t\t<\/div>\n\t\t\t\t\t<\/div>\n\t\t<\/div>\n\t\t\t\t<div class=\"elementor-column elementor-col-33 elementor-top-column elementor-element elementor-element-f36ba7e\" data-id=\"f36ba7e\" data-element_type=\"column\" data-e-type=\"column\">\n\t\t\t<div class=\"elementor-widget-wrap elementor-element-populated\">\n\t\t\t\t\t\t<div class=\"elementor-element elementor-element-f88c4b1 elementor-widget elementor-widget-image\" data-id=\"f88c4b1\" data-element_type=\"widget\" data-e-type=\"widget\" data-widget_type=\"image.default\">\n\t\t\t\t<div class=\"elementor-widget-container\">\n\t\t\t\t\t\t\t\t\t\t\t\t\t\t\t<img decoding=\"async\" width=\"1024\" height=\"982\" src=\"https:\/\/www.aerialcostumes.pl\/wp-content\/uploads\/2020\/10\/gimnastyka-arty-1024x982.jpg\" class=\"attachment-large size-large wp-image-1507\" alt=\"\" srcset=\"https:\/\/www.aerialcostumes.pl\/wp-content\/uploads\/2020\/10\/gimnastyka-arty-1024x982.jpg 1024w, https:\/\/www.aerialcostumes.pl\/wp-content\/uploads\/2020\/10\/gimnastyka-arty-300x288.jpg 300w, https:\/\/www.aerialcostumes.pl\/wp-content\/uploads\/2020\/10\/gimnastyka-arty-768x736.jpg 768w, https:\/\/www.aerialcostumes.pl\/wp-content\/uploads\/2020\/10\/gimnastyka-arty-1536x1472.jpg 1536w, https:\/\/www.aerialcostumes.pl\/wp-content\/uploads\/2020\/10\/gimnastyka-arty-2048x1963.jpg 2048w, https:\/\/www.aerialcostumes.pl\/wp-content\/uploads\/2020\/10\/gimnastyka-arty-600x575.jpg 600w\" sizes=\"(max-width: 1024px) 100vw, 1024px\" \/>\t\t\t\t\t\t\t\t\t\t\t\t\t\t\t<\/div>\n\t\t\t\t<\/div>\n\t\t\t\t\t<\/div>\n\t\t<\/div>\n\t\t\t\t\t<\/div>\n\t\t<\/section>\n\t\t\t\t<section class=\"elementor-section elementor-top-section elementor-element elementor-element-870936d elementor-section-boxed elementor-section-height-default elementor-section-height-default\" data-id=\"870936d\" data-element_type=\"section\" data-e-type=\"section\">\n\t\t\t\t\t\t<div class=\"elementor-container elementor-column-gap-default\">\n\t\t\t\t\t<div class=\"elementor-column elementor-col-100 elementor-top-column elementor-element elementor-element-13c0d54\" data-id=\"13c0d54\" data-element_type=\"column\" data-e-type=\"column\">\n\t\t\t<div class=\"elementor-widget-wrap elementor-element-populated\">\n\t\t\t\t\t\t<div class=\"elementor-element elementor-element-29bb74a elementor-widget elementor-widget-text-editor\" data-id=\"29bb74a\" data-element_type=\"widget\" data-e-type=\"widget\" data-widget_type=\"text-editor.default\">\n\t\t\t\t<div class=\"elementor-widget-container\">\n\t\t\t\t\t\t\t\t\t<h5>You should measure yourself with a centimeter in the indicated places, without adding additional centimeters.<\/h5><h5>The dimensions must be accurate, dimensions should be sent to our e-mail address aerialcostumes.pl@gmail.com or via the contact form in the order e.g.<\/h5><h5>1.80 cm<\/h5><h5>2.90 cm<\/h5><h5>3,100 cm<\/h5><h5>4. 30 cm etc.<\/h5>\t\t\t\t\t\t\t\t<\/div>\n\t\t\t\t<\/div>\n\t\t\t\t\t<\/div>\n\t\t<\/div>\n\t\t\t\t\t<\/div>\n\t\t<\/section>\n\t\t\t\t<\/div>","protected":false},"excerpt":{"rendered":"<p>Jak si\u0119 zmierzy\u0107? Nale\u017cy zmierzy\u0107 si\u0119 centymetrem we wskazanych miejscach, bez dodawania dodatkowych centymetr\u00f3w. Wymiar musi by\u0107 dok\u0142adny, wymiary nale\u017cy przes\u0142a\u0107 na naszego maila aerialcostumes.pl@gmail.com lub przez formularz kontaktowy wed\u0142ug kolejno\u015bci np. 1.80 cm 2.90 cm 3.100 cm 4. 30 cm itd.<\/p>","protected":false},"author":1,"featured_media":0,"parent":10,"menu_order":0,"comment_status":"closed","ping_status":"closed","template":"","meta":{"_monsterinsights_skip_tracking":false,"_monsterinsights_sitenote_active":false,"_monsterinsights_sitenote_note":"","_monsterinsights_sitenote_category":0,"site-sidebar-layout":"no-sidebar","site-content-layout":"page-builder","ast-site-content-layout":"","site-content-style":"default","site-sidebar-style":"default","ast-global-header-display":"","ast-banner-title-visibility":"","ast-main-header-display":"","ast-hfb-above-header-display":"","ast-hfb-below-header-display":"","ast-hfb-mobile-header-display":"","site-post-title":"disabled","ast-breadcrumbs-content":"","ast-featured-img":"disabled","footer-sml-layout":"","theme-transparent-header-meta":"default","adv-header-id-meta":"","stick-header-meta":"","header-above-stick-meta":"","header-main-stick-meta":"","header-below-stick-meta":"","astra-migrate-meta-layouts":"default","ast-page-background-enabled":"default","ast-page-background-meta":{"desktop":{"background-color":"","background-image":"","background-repeat":"repeat","background-position":"center center","background-size":"auto","background-attachment":"scroll","background-type":"","background-media":"","overlay-type":"","overlay-color":"","overlay-opacity":"","overlay-gradient":""},"tablet":{"background-color":"","background-image":"","background-repeat":"repeat","background-position":"center center","background-size":"auto","background-attachment":"scroll","background-type":"","background-media":"","overlay-type":"","overlay-color":"","overlay-opacity":"","overlay-gradient":""},"mobile":{"background-color":"","background-image":"","background-repeat":"repeat","background-position":"center center","background-size":"auto","background-attachment":"scroll","background-type":"","background-media":"","overlay-type":"","overlay-color":"","overlay-opacity":"","overlay-gradient":""}},"ast-content-background-meta":{"desktop":{"background-color":"var(--ast-global-color-5)","background-image":"","background-repeat":"repeat","background-position":"center center","background-size":"auto","background-attachment":"scroll","background-type":"","background-media":"","overlay-type":"","overlay-color":"","overlay-opacity":"","overlay-gradient":""},"tablet":{"background-color":"var(--ast-global-color-5)","background-image":"","background-repeat":"repeat","background-position":"center center","background-size":"auto","background-attachment":"scroll","background-type":"","background-media":"","overlay-type":"","overlay-color":"","overlay-opacity":"","overlay-gradient":""},"mobile":{"background-color":"var(--ast-global-color-5)","background-image":"","background-repeat":"repeat","background-position":"center center","background-size":"auto","background-attachment":"scroll","background-type":"","background-media":"","overlay-type":"","overlay-color":"","overlay-opacity":"","overlay-gradient":""}},"footnotes":""},"class_list":["post-1505","page","type-page","status-publish","hentry"],"yoast_head":"<!-- This site is optimized with the Yoast SEO plugin v27.0 - https:\/\/yoast.com\/product\/yoast-seo-wordpress\/ -->\n<title>Jak si\u0119 zmierzy\u0107 - AerialCostumes<\/title>\n<meta name=\"robots\" content=\"index, follow, max-snippet:-1, max-image-preview:large, max-video-preview:-1\" \/>\n<link rel=\"canonical\" href=\"https:\/\/www.aerialcostumes.pl\/en\/zamowienie\/jak-sie-zmierzyc\/\" \/>\n<meta property=\"og:locale\" content=\"en_GB\" \/>\n<meta property=\"og:type\" content=\"article\" \/>\n<meta property=\"og:title\" content=\"Jak si\u0119 zmierzy\u0107 - AerialCostumes\" \/>\n<meta property=\"og:description\" content=\"Jak si\u0119 zmierzy\u0107? Nale\u017cy zmierzy\u0107 si\u0119 centymetrem we wskazanych miejscach, bez dodawania dodatkowych centymetr\u00f3w. Wymiar musi by\u0107 dok\u0142adny, wymiary nale\u017cy przes\u0142a\u0107 na naszego maila aerialcostumes.pl@gmail.com lub przez formularz kontaktowy wed\u0142ug kolejno\u015bci np. 1.80 cm 2.90 cm 3.100 cm 4. 30 cm itd.\" \/>\n<meta property=\"og:url\" content=\"https:\/\/www.aerialcostumes.pl\/en\/zamowienie\/jak-sie-zmierzyc\/\" \/>\n<meta property=\"og:site_name\" content=\"AerialCostumes\" \/>\n<meta property=\"article:publisher\" content=\"https:\/\/www.facebook.com\/aerialcostumespl\" \/>\n<meta property=\"article:modified_time\" content=\"2024-01-06T12:41:06+00:00\" \/>\n<meta property=\"og:image\" content=\"https:\/\/www.aerialcostumes.pl\/wp-content\/uploads\/2024\/01\/wymiary-Akrobatyka-Powietrzna-1024x699.png\" \/>\n<meta name=\"twitter:card\" content=\"summary_large_image\" \/>\n<meta name=\"twitter:label1\" content=\"Estimated reading time\" \/>\n\t<meta name=\"twitter:data1\" content=\"1 minute\" \/>\n<script type=\"application\/ld+json\" class=\"yoast-schema-graph\">{\"@context\":\"https:\/\/schema.org\",\"@graph\":[{\"@type\":\"WebPage\",\"@id\":\"https:\/\/www.aerialcostumes.pl\/zamowienie\/jak-sie-zmierzyc\/\",\"url\":\"https:\/\/www.aerialcostumes.pl\/zamowienie\/jak-sie-zmierzyc\/\",\"name\":\"Jak si\u0119 zmierzy\u0107 - AerialCostumes\",\"isPartOf\":{\"@id\":\"https:\/\/www.aerialcostumes.pl\/#website\"},\"primaryImageOfPage\":{\"@id\":\"https:\/\/www.aerialcostumes.pl\/zamowienie\/jak-sie-zmierzyc\/#primaryimage\"},\"image\":{\"@id\":\"https:\/\/www.aerialcostumes.pl\/zamowienie\/jak-sie-zmierzyc\/#primaryimage\"},\"thumbnailUrl\":\"https:\/\/www.aerialcostumes.pl\/wp-content\/uploads\/2024\/01\/wymiary-Akrobatyka-Powietrzna-1024x699.png\",\"datePublished\":\"2020-10-31T17:03:54+00:00\",\"dateModified\":\"2024-01-06T12:41:06+00:00\",\"breadcrumb\":{\"@id\":\"https:\/\/www.aerialcostumes.pl\/zamowienie\/jak-sie-zmierzyc\/#breadcrumb\"},\"inLanguage\":\"en-GB\",\"potentialAction\":[{\"@type\":\"ReadAction\",\"target\":[\"https:\/\/www.aerialcostumes.pl\/zamowienie\/jak-sie-zmierzyc\/\"]}]},{\"@type\":\"ImageObject\",\"inLanguage\":\"en-GB\",\"@id\":\"https:\/\/www.aerialcostumes.pl\/zamowienie\/jak-sie-zmierzyc\/#primaryimage\",\"url\":\"https:\/\/www.aerialcostumes.pl\/wp-content\/uploads\/2024\/01\/wymiary-Akrobatyka-Powietrzna-1024x699.png\",\"contentUrl\":\"https:\/\/www.aerialcostumes.pl\/wp-content\/uploads\/2024\/01\/wymiary-Akrobatyka-Powietrzna-1024x699.png\"},{\"@type\":\"BreadcrumbList\",\"@id\":\"https:\/\/www.aerialcostumes.pl\/zamowienie\/jak-sie-zmierzyc\/#breadcrumb\",\"itemListElement\":[{\"@type\":\"ListItem\",\"position\":1,\"name\":\"Strona g\u0142\u00f3wna\",\"item\":\"https:\/\/www.aerialcostumes.pl\/en\/home\/\"},{\"@type\":\"ListItem\",\"position\":2,\"name\":\"Zam\u00f3wienie\",\"item\":\"https:\/\/www.aerialcostumes.pl\/zamowienie\/\"},{\"@type\":\"ListItem\",\"position\":3,\"name\":\"Jak si\u0119 zmierzy\u0107\"}]},{\"@type\":\"WebSite\",\"@id\":\"https:\/\/www.aerialcostumes.pl\/#website\",\"url\":\"https:\/\/www.aerialcostumes.pl\/\",\"name\":\"AerialCostumes\",\"description\":\"Producent Odzie\u017cy\",\"publisher\":{\"@id\":\"https:\/\/www.aerialcostumes.pl\/#\/schema\/person\/58c48f20a11b7035c78d5319e55d791c\"},\"potentialAction\":[{\"@type\":\"SearchAction\",\"target\":{\"@type\":\"EntryPoint\",\"urlTemplate\":\"https:\/\/www.aerialcostumes.pl\/?s={search_term_string}\"},\"query-input\":{\"@type\":\"PropertyValueSpecification\",\"valueRequired\":true,\"valueName\":\"search_term_string\"}}],\"inLanguage\":\"en-GB\"},{\"@type\":[\"Person\",\"Organization\"],\"@id\":\"https:\/\/www.aerialcostumes.pl\/#\/schema\/person\/58c48f20a11b7035c78d5319e55d791c\",\"name\":\"aerialcostumes\",\"image\":{\"@type\":\"ImageObject\",\"inLanguage\":\"en-GB\",\"@id\":\"https:\/\/www.aerialcostumes.pl\/#\/schema\/person\/image\/\",\"url\":\"https:\/\/www.aerialcostumes.pl\/wp-content\/uploads\/2020\/10\/cropped-logo-1-1.jpg\",\"contentUrl\":\"https:\/\/www.aerialcostumes.pl\/wp-content\/uploads\/2020\/10\/cropped-logo-1-1.jpg\",\"width\":750,\"height\":590,\"caption\":\"aerialcostumes\"},\"logo\":{\"@id\":\"https:\/\/www.aerialcostumes.pl\/#\/schema\/person\/image\/\"},\"sameAs\":[\"https:\/\/www.aerialcostumes.pl\",\"https:\/\/www.facebook.com\/aerialcostumespl\",\"https:\/\/instagram.com\/aerialcostumes.pl?igshid=OGQ5ZDc2ODk2ZA==\"]}]}<\/script>\n<!-- \/ Yoast SEO plugin. -->","yoast_head_json":{"title":"Jak si\u0119 zmierzy\u0107 - AerialCostumes","robots":{"index":"index","follow":"follow","max-snippet":"max-snippet:-1","max-image-preview":"max-image-preview:large","max-video-preview":"max-video-preview:-1"},"canonical":"https:\/\/www.aerialcostumes.pl\/en\/zamowienie\/jak-sie-zmierzyc\/","og_locale":"en_GB","og_type":"article","og_title":"Jak si\u0119 zmierzy\u0107 - AerialCostumes","og_description":"Jak si\u0119 zmierzy\u0107? Nale\u017cy zmierzy\u0107 si\u0119 centymetrem we wskazanych miejscach, bez dodawania dodatkowych centymetr\u00f3w. Wymiar musi by\u0107 dok\u0142adny, wymiary nale\u017cy przes\u0142a\u0107 na naszego maila aerialcostumes.pl@gmail.com lub przez formularz kontaktowy wed\u0142ug kolejno\u015bci np. 1.80 cm 2.90 cm 3.100 cm 4. 30 cm itd.","og_url":"https:\/\/www.aerialcostumes.pl\/en\/zamowienie\/jak-sie-zmierzyc\/","og_site_name":"AerialCostumes","article_publisher":"https:\/\/www.facebook.com\/aerialcostumespl","article_modified_time":"2024-01-06T12:41:06+00:00","og_image":[{"url":"https:\/\/www.aerialcostumes.pl\/wp-content\/uploads\/2024\/01\/wymiary-Akrobatyka-Powietrzna-1024x699.png","type":"","width":"","height":""}],"twitter_card":"summary_large_image","twitter_misc":{"Estimated reading time":"1 minute"},"schema":{"@context":"https:\/\/schema.org","@graph":[{"@type":"WebPage","@id":"https:\/\/www.aerialcostumes.pl\/zamowienie\/jak-sie-zmierzyc\/","url":"https:\/\/www.aerialcostumes.pl\/zamowienie\/jak-sie-zmierzyc\/","name":"Jak si\u0119 zmierzy\u0107 - AerialCostumes","isPartOf":{"@id":"https:\/\/www.aerialcostumes.pl\/#website"},"primaryImageOfPage":{"@id":"https:\/\/www.aerialcostumes.pl\/zamowienie\/jak-sie-zmierzyc\/#primaryimage"},"image":{"@id":"https:\/\/www.aerialcostumes.pl\/zamowienie\/jak-sie-zmierzyc\/#primaryimage"},"thumbnailUrl":"https:\/\/www.aerialcostumes.pl\/wp-content\/uploads\/2024\/01\/wymiary-Akrobatyka-Powietrzna-1024x699.png","datePublished":"2020-10-31T17:03:54+00:00","dateModified":"2024-01-06T12:41:06+00:00","breadcrumb":{"@id":"https:\/\/www.aerialcostumes.pl\/zamowienie\/jak-sie-zmierzyc\/#breadcrumb"},"inLanguage":"en-GB","potentialAction":[{"@type":"ReadAction","target":["https:\/\/www.aerialcostumes.pl\/zamowienie\/jak-sie-zmierzyc\/"]}]},{"@type":"ImageObject","inLanguage":"en-GB","@id":"https:\/\/www.aerialcostumes.pl\/zamowienie\/jak-sie-zmierzyc\/#primaryimage","url":"https:\/\/www.aerialcostumes.pl\/wp-content\/uploads\/2024\/01\/wymiary-Akrobatyka-Powietrzna-1024x699.png","contentUrl":"https:\/\/www.aerialcostumes.pl\/wp-content\/uploads\/2024\/01\/wymiary-Akrobatyka-Powietrzna-1024x699.png"},{"@type":"BreadcrumbList","@id":"https:\/\/www.aerialcostumes.pl\/zamowienie\/jak-sie-zmierzyc\/#breadcrumb","itemListElement":[{"@type":"ListItem","position":1,"name":"Strona g\u0142\u00f3wna","item":"https:\/\/www.aerialcostumes.pl\/en\/home\/"},{"@type":"ListItem","position":2,"name":"Zam\u00f3wienie","item":"https:\/\/www.aerialcostumes.pl\/zamowienie\/"},{"@type":"ListItem","position":3,"name":"Jak si\u0119 zmierzy\u0107"}]},{"@type":"WebSite","@id":"https:\/\/www.aerialcostumes.pl\/#website","url":"https:\/\/www.aerialcostumes.pl\/","name":"AerialCostumes","description":"Clothes producer","publisher":{"@id":"https:\/\/www.aerialcostumes.pl\/#\/schema\/person\/58c48f20a11b7035c78d5319e55d791c"},"potentialAction":[{"@type":"SearchAction","target":{"@type":"EntryPoint","urlTemplate":"https:\/\/www.aerialcostumes.pl\/?s={search_term_string}"},"query-input":{"@type":"PropertyValueSpecification","valueRequired":true,"valueName":"search_term_string"}}],"inLanguage":"en-GB"},{"@type":["Person","Organization"],"@id":"https:\/\/www.aerialcostumes.pl\/#\/schema\/person\/58c48f20a11b7035c78d5319e55d791c","name":"aerialcostumes","image":{"@type":"ImageObject","inLanguage":"en-GB","@id":"https:\/\/www.aerialcostumes.pl\/#\/schema\/person\/image\/","url":"https:\/\/www.aerialcostumes.pl\/wp-content\/uploads\/2020\/10\/cropped-logo-1-1.jpg","contentUrl":"https:\/\/www.aerialcostumes.pl\/wp-content\/uploads\/2020\/10\/cropped-logo-1-1.jpg","width":750,"height":590,"caption":"aerialcostumes"},"logo":{"@id":"https:\/\/www.aerialcostumes.pl\/#\/schema\/person\/image\/"},"sameAs":["https:\/\/www.aerialcostumes.pl","https:\/\/www.facebook.com\/aerialcostumespl","https:\/\/instagram.com\/aerialcostumes.pl?igshid=OGQ5ZDc2ODk2ZA=="]}]}},"_links":{"self":[{"href":"https:\/\/www.aerialcostumes.pl\/en\/wp-json\/wp\/v2\/pages\/1505","targetHints":{"allow":["GET"]}}],"collection":[{"href":"https:\/\/www.aerialcostumes.pl\/en\/wp-json\/wp\/v2\/pages"}],"about":[{"href":"https:\/\/www.aerialcostumes.pl\/en\/wp-json\/wp\/v2\/types\/page"}],"author":[{"embeddable":true,"href":"https:\/\/www.aerialcostumes.pl\/en\/wp-json\/wp\/v2\/users\/1"}],"replies":[{"embeddable":true,"href":"https:\/\/www.aerialcostumes.pl\/en\/wp-json\/wp\/v2\/comments?post=1505"}],"version-history":[{"count":7,"href":"https:\/\/www.aerialcostumes.pl\/en\/wp-json\/wp\/v2\/pages\/1505\/revisions"}],"predecessor-version":[{"id":4100,"href":"https:\/\/www.aerialcostumes.pl\/en\/wp-json\/wp\/v2\/pages\/1505\/revisions\/4100"}],"up":[{"embeddable":true,"href":"https:\/\/www.aerialcostumes.pl\/en\/wp-json\/wp\/v2\/pages\/10"}],"wp:attachment":[{"href":"https:\/\/www.aerialcostumes.pl\/en\/wp-json\/wp\/v2\/media?parent=1505"}],"curies":[{"name":"wp","href":"https:\/\/api.w.org\/{rel}","templated":true}]}}